{"id":21449,"date":"2021-01-29T14:59:59","date_gmt":"2021-01-29T12:59:59","guid":{"rendered":"https:\/\/www.voicebooking.com\/?page_id=21449"},"modified":"2024-04-22T16:34:46","modified_gmt":"2024-04-22T14:34:46","slug":"werbespot-erstellen-lassen","status":"publish","type":"page","link":"https:\/\/www.voicebooking.com\/de\/werbespot-erstellen-lassen","title":{"rendered":"Werbespot erstellen lassen"},"content":{"rendered":"\r\n<div class=\"wp-block-vb-blocks-cta-block alignfull vb-cta-block\">\r\n<div class=\"wp-block-cover alignfull\" style=\"background-image: url(&apos;https:\/\/wp-staging.voicebooking.com\/app\/uploads\/banner-a-2.jpg&apos;); background-position: 45% 56%; min-height: 650px;aspect-ratio:unset;\">\r\n<div class=\"wp-block-cover__inner-container is-layout-flow wp-block-cover-is-layout-flow\">\r\n<h1 class=\"has-light-color has-text-color has-text-align-left wp-block-heading\">Schnell, einfach und kosteng\u00fcnstig <br \/>einen Werbespot erstellen lassen<\/h1>\r\n\r\n\r\n\r\n<p class=\"has-text-color has-text-align-left has-light-color\">Unsere Sprecher liefern innerhalb eines Werktages. Au\u00dferdem k\u00f6nnen wir Ihnen <br \/>die Produktion Ihrer Audiodatei abnehmen: Von der Sprachaufnahme <br \/>bis hin zum Mischen.<\/p>\r\n<\/div>\r\n<\/div>\r\n<\/div>\r\n\r\n\r\n\r\n<div class=\"wp-block-vb-blocks-cta-block alignfull vb-cta-block\">\r\n<div class=\"wp-block-cover alignfull has-light-background-color has-background-dim\">\r\n<div class=\"wp-block-cover__inner-container is-layout-flow wp-block-cover-is-layout-flow\">\r\n<h2 class=\"wp-block-heading\">Einfach online arrangiert<\/h2>\r\n\r\n\r\n\r\n<p>Einen Werbespot machen zu lassen, geht ganz einfach online und ganz ohne Studio. Selbst das Mischen erfolgt inhouse per Mausklick, w\u00e4hrend Sie von Ihrem Standort aus zuh\u00f6ren. Sie arbeiten direkt aus Ihrem eigenen B\u00fcrostuhl heraus und m\u00fcssen das Haus wirklich nicht mehr verlassen.<\/p>\r\n<\/div>\r\n<\/div>\r\n<\/div>\r\n\r\n\r\n\r\n<div class=\"wp-block-vb-blocks-text-image-block alignfull vb-text-image-block\">\r\n<div class=\"wp-block-cover alignfull has-variety-background-color has-background-dim\">\r\n<div class=\"wp-block-cover__inner-container is-layout-flow wp-block-cover-is-layout-flow\">\r\n<div class=\"wp-block-media-text is-stacked-on-mobile is-style-image-500\">\r\n<figure class=\"wp-block-media-text__media\"><img loading=\"lazy\" decoding=\"async\" width=\"1024\" height=\"891\" class=\"wp-image-1023\" src=\"https:\/\/wp-staging.voicebooking.com\/app\/uploads\/2020\/06\/variety-select-de-1024x891.jpg\" alt=\"\" srcset=\"https:\/\/www.voicebooking.com\/app\/uploads\/2020\/06\/variety-select-de-1024x891.jpg 1024w, https:\/\/www.voicebooking.com\/app\/uploads\/2020\/06\/variety-select-de-300x261.jpg 300w, https:\/\/www.voicebooking.com\/app\/uploads\/2020\/06\/variety-select-de-768x668.jpg 768w, https:\/\/www.voicebooking.com\/app\/uploads\/2020\/06\/variety-select-de-1536x1337.jpg 1536w, https:\/\/www.voicebooking.com\/app\/uploads\/2020\/06\/variety-select-de.jpg 1565w\" sizes=\"auto, (max-width: 1024px) 100vw, 1024px\" \/><\/figure>\r\n<div class=\"wp-block-media-text__content\">\r\n<h3 class=\"has-text-align-left wp-block-heading\">Es geht schneller, einfacher und erschwinglicher<\/h3>\r\n\r\n\r\n\r\n<p class=\"has-text-align-left\">Alles ver\u00e4ndert sich, auch die Art und Weise, wie Sie einen Werbespot machen lassen. Es geht schneller, einfacher und vor allem g\u00fcnstiger. Dank unserer Online-Plattform k\u00f6nnen wir oft schneller liefern als herk\u00f6mmliche Studios. Mit unserem Full-Audio-Service sind wir auf dem besten Weg, <em>die<\/em> Online-Voiceover-Agentur zu werden.<\/p>\r\n<\/div>\r\n<\/div>\r\n<\/div>\r\n<\/div>\r\n<\/div>\r\n\r\n\r\n\r\n<div class=\"wp-block-vb-blocks-text-image-block alignfull vb-text-image-block\">\r\n<div class=\"wp-block-cover alignfull has-light-background-color has-background-dim\">\r\n<div class=\"wp-block-cover__inner-container is-layout-flow wp-block-cover-is-layout-flow\">\r\n<div class=\"wp-block-media-text has-media-on-the-right is-stacked-on-mobile is-style-image-500\">\r\n<figure class=\"wp-block-media-text__media\"><img loading=\"lazy\" decoding=\"async\" width=\"651\" height=\"366\" class=\"wp-image-18724\" src=\"https:\/\/wp-staging.voicebooking.com\/app\/uploads\/Voicebooking_Studio-1.jpg\" alt=\"Aufnahmestudio - Mitdenken Werbespot\" srcset=\"https:\/\/www.voicebooking.com\/app\/uploads\/Voicebooking_Studio-1.jpg 651w, https:\/\/www.voicebooking.com\/app\/uploads\/Voicebooking_Studio-1-300x169.jpg 300w\" sizes=\"auto, (max-width: 651px) 100vw, 651px\" \/><\/figure>\r\n<div class=\"wp-block-media-text__content\">\r\n<h3 class=\"has-text-align-left wp-block-heading\">Wir denken mit<\/h3>\r\n\r\n\r\n\r\n<p class=\"has-text-align-left\">Ob Sie einen Werbespot f\u00fcr Radio, Fernsehen oder eine App ben\u00f6tigen, bei Voicebooking arbeiten wir mit festen Tarifen. Wir wissen, dass Schnelligkeit in einer sich rasch ver\u00e4ndernden Medienlandschaft entscheidend ist, so dass Ihr gew\u00fcnschter Werbespot in k\u00fcrzester Zeit f\u00fcr die Ausstrahlung bereit steht. Projekt f\u00fcr Projekt. Wir denken gerne mit Ihnen mit.<\/p>\r\n<\/div>\r\n<\/div>\r\n<\/div>\r\n<\/div>\r\n<\/div>\r\n\r\n\r\n\r\n<div class=\"wp-block-vb-blocks-text-image-block alignfull vb-text-image-block\">\r\n<div class=\"wp-block-cover alignfull has-variety-background-color has-background-dim\">\r\n<div class=\"wp-block-cover__inner-container is-layout-flow wp-block-cover-is-layout-flow\">\r\n<div class=\"wp-block-media-text is-stacked-on-mobile is-style-image-500\">\r\n<figure class=\"wp-block-media-text__media\"><img loading=\"lazy\" decoding=\"async\" width=\"1024\" height=\"800\" class=\"wp-image-22065\" src=\"https:\/\/wp-staging.voicebooking.com\/app\/uploads\/Briefing-PP-1024x800.png\" alt=\"\u00dcbersicht eines Briefings - Auf Bequemlichkeit eingerichtete Plattform\r\n\" srcset=\"https:\/\/www.voicebooking.com\/app\/uploads\/Briefing-PP-1024x800.png 1024w, https:\/\/www.voicebooking.com\/app\/uploads\/Briefing-PP-300x234.png 300w, https:\/\/www.voicebooking.com\/app\/uploads\/Briefing-PP-768x600.png 768w, https:\/\/www.voicebooking.com\/app\/uploads\/Briefing-PP-1536x1200.png 1536w, https:\/\/www.voicebooking.com\/app\/uploads\/Briefing-PP.png 1708w\" sizes=\"auto, (max-width: 1024px) 100vw, 1024px\" \/><\/figure>\r\n<div class=\"wp-block-media-text__content\">\r\n<h3 class=\"has-text-align-left wp-block-heading\">Entdecken Sie die Einfachheit unserer Plattform<\/h3>\r\n\r\n\r\n\r\n<p class=\"has-text-align-left\">Von der Buchung einer Stimme bis zur endg\u00fcltigen Lieferung des Audioprodukts: Erledigen Sie f\u00fcr die Erstellung Ihres Werbespots alles online. Unser Prozess ist vollst\u00e4ndig auf Bequemlichkeit ausgerichtet: Voicebooking macht einfach, was nicht schwierig sein muss. Wieso sollten Sie sich mehr M\u00fche machen?<\/p>\r\n<\/div>\r\n<\/div>\r\n<\/div>\r\n<\/div>\r\n<\/div>\r\n\r\n\r\n\r\n<div class=\"wp-block-vb-blocks-text-image-block alignfull vb-text-image-block\">\r\n<div class=\"wp-block-cover alignfull has-light-background-color has-background-dim\">\r\n<div class=\"wp-block-cover__inner-container is-layout-flow wp-block-cover-is-layout-flow\">\r\n<div class=\"wp-block-media-text has-media-on-the-right is-stacked-on-mobile is-style-image-500\">\r\n<figure class=\"wp-block-media-text__media\"><img loading=\"lazy\" decoding=\"async\" width=\"587\" height=\"394\" class=\"wp-image-18803\" src=\"https:\/\/wp-staging.voicebooking.com\/app\/uploads\/studio.jpg\" alt=\"Support Werbespot erstellen lassen\" srcset=\"https:\/\/www.voicebooking.com\/app\/uploads\/studio.jpg 587w, https:\/\/www.voicebooking.com\/app\/uploads\/studio-300x201.jpg 300w\" sizes=\"auto, (max-width: 587px) 100vw, 587px\" \/><\/figure>\r\n<div class=\"wp-block-media-text__content\">\r\n<h3 class=\"has-text-align-left wp-block-heading\">Wir sind f\u00fcr Sie da<\/h3>\r\n\r\n\r\n\r\n<p class=\"has-text-align-left\">Egal, ob es darum geht einen professionellen Sprecher zu buchen, Ihre Audiodatei aufzunehmen und nachzubearbeiten oder einen Werbespot erstellen zu lassen, bei Voicebooking arrangieren Sie alles ganz einfach online. Hier geht es zu all unseren Audio-Dienstleistungen. Haben Sie noch Fragen? Unser Support-Team steht gerne f\u00fcr Sie bereit.<\/p>\r\n<\/div>\r\n<\/div>\r\n<\/div>\r\n<\/div>\r\n<\/div>\r\n\r\n\r\n\r\n<div class=\"wp-block-vb-blocks-cta-block alignfull vb-cta-block\">\r\n<div class=\"wp-block-cover alignfull has-variety-background-color has-background-dim\">\r\n<div class=\"wp-block-cover__inner-container is-layout-flow wp-block-cover-is-layout-flow\">\r\n<h3 class=\"has-text-align-center wp-block-heading\">M\u00f6chten Sie auch einen Werbespot erstellen lassen? Entdecken Sie die Einfachheit unserer Plattform<\/h3>\r\n\r\n\r\n\r\n<p class=\"has-text-align-center\">Einen Werbespot lassen Sie bei Voicebooking schnell, einfach und kosteng\u00fcnstig erstellen. Voicebooking k\u00fcmmert sich von A bis Z um Ihre Produktion und garantiert 100% Zufriedenheit. Entdecken Sie die Bequemlichkkeit unserer Plattform und legen Sie direkt los.\u00a0<\/p>\r\n\r\n\r\n\r\n<div class=\"wp-block-button\"><a class=\"wp-block-button__link\" href=\"https:\/\/wp-staging.voicebooking.com\/de\/sprecher-gesucht\/deutsche-sprecher\">legen sie los<\/a><\/div>\r\n\r\n\r\n\r\n<p>&nbsp;<\/p>\r\n<\/div>\r\n<\/div>\r\n<\/div>\r\n","protected":false},"excerpt":{"rendered":"","protected":false},"author":3,"featured_media":0,"parent":0,"menu_order":0,"comment_status":"closed","ping_status":"closed","template":"","meta":{"_acf_changed":false,"footnotes":""},"class_list":["post-21449","page","type-page","status-publish","hentry"],"acf":[],"yoast_head":"<!-- This site is optimized with the Yoast SEO Premium plugin v23.4 (Yoast SEO v27.3) - https:\/\/yoast.com\/product\/yoast-seo-premium-wordpress\/ -->\n<title>Lassen Sie einen Werbespot erstellen: einfach arrangiert! | Voicebooking<\/title>\n<meta name=\"description\" content=\"M\u00f6chten Sie einen Werbespot erstellen lassen? \u2713 Schnell und g\u00fcnstig arrangiert mit Voicebooking \u2713 Lieferung oft schon innerhalb von einem Tag\" \/>\n<meta name=\"robots\" content=\"index, follow, max-snippet:-1, max-image-preview:large, max-video-preview:-1\" \/>\n<link rel=\"canonical\" href=\"https:\/\/www.voicebooking.com\/de\/commercial-audio-production\" \/>\n<meta property=\"og:locale\" content=\"de_DE\" \/>\n<meta property=\"og:type\" content=\"article\" \/>\n<meta property=\"og:title\" content=\"Werbespot erstellen lassen\" \/>\n<meta property=\"og:description\" content=\"M\u00f6chten Sie einen Werbespot erstellen lassen? \u2713 Schnell und g\u00fcnstig arrangiert mit Voicebooking \u2713 Lieferung oft schon innerhalb von einem Tag\" \/>\n<meta property=\"og:url\" content=\"https:\/\/www.voicebooking.com\/en\/commercial-audio-production\" \/>\n<meta property=\"og:site_name\" content=\"Voicebooking\" \/>\n<meta property=\"article:publisher\" content=\"https:\/\/www.facebook.com\/Voicebookingcom\/\" \/>\n<meta property=\"article:modified_time\" content=\"2024-04-22T14:34:46+00:00\" \/>\n<meta property=\"og:image\" content=\"https:\/\/wp-staging.voicebooking.com\/app\/uploads\/2020\/06\/variety-select-de-1024x891.jpg\" \/>\n<meta name=\"twitter:card\" content=\"summary_large_image\" \/>\n<meta name=\"twitter:label1\" content=\"Est. reading time\" \/>\n\t<meta name=\"twitter:data1\" content=\"3 minutes\" \/>\n<script type=\"application\/ld+json\" class=\"yoast-schema-graph\">{\"@context\":\"https:\\\/\\\/schema.org\",\"@graph\":[{\"@type\":\"WebPage\",\"@id\":\"https:\\\/\\\/www.voicebooking.com\\\/en\\\/commercial-audio-production\",\"url\":\"https:\\\/\\\/www.voicebooking.com\\\/en\\\/commercial-audio-production\",\"name\":\"Lassen Sie einen Werbespot erstellen: einfach arrangiert! | Voicebooking\",\"isPartOf\":{\"@id\":\"https:\\\/\\\/www.voicebooking.com\\\/nl\\\/#website\"},\"primaryImageOfPage\":{\"@id\":\"https:\\\/\\\/www.voicebooking.com\\\/en\\\/commercial-audio-production#primaryimage\"},\"image\":{\"@id\":\"https:\\\/\\\/www.voicebooking.com\\\/en\\\/commercial-audio-production#primaryimage\"},\"thumbnailUrl\":\"https:\\\/\\\/wp-staging.voicebooking.com\\\/app\\\/uploads\\\/2020\\\/06\\\/variety-select-de-1024x891.jpg\",\"datePublished\":\"2021-01-29T12:59:59+00:00\",\"dateModified\":\"2024-04-22T14:34:46+00:00\",\"description\":\"M\u00f6chten Sie einen Werbespot erstellen lassen? \u2713 Schnell und g\u00fcnstig arrangiert mit Voicebooking \u2713 Lieferung oft schon innerhalb von einem Tag\",\"breadcrumb\":{\"@id\":\"https:\\\/\\\/www.voicebooking.com\\\/en\\\/commercial-audio-production#breadcrumb\"},\"inLanguage\":\"de-DE\",\"potentialAction\":[{\"@type\":\"ReadAction\",\"target\":[\"https:\\\/\\\/www.voicebooking.com\\\/en\\\/commercial-audio-production\"]}]},{\"@type\":\"ImageObject\",\"inLanguage\":\"de-DE\",\"@id\":\"https:\\\/\\\/www.voicebooking.com\\\/en\\\/commercial-audio-production#primaryimage\",\"url\":\"https:\\\/\\\/wp-staging.voicebooking.com\\\/app\\\/uploads\\\/2020\\\/06\\\/variety-select-de-1024x891.jpg\",\"contentUrl\":\"https:\\\/\\\/wp-staging.voicebooking.com\\\/app\\\/uploads\\\/2020\\\/06\\\/variety-select-de-1024x891.jpg\"},{\"@type\":\"BreadcrumbList\",\"@id\":\"https:\\\/\\\/www.voicebooking.com\\\/en\\\/commercial-audio-production#breadcrumb\",\"itemListElement\":[{\"@type\":\"ListItem\",\"position\":1,\"name\":\"Home\",\"item\":\"https:\\\/\\\/www.voicebooking.com\\\/de\"},{\"@type\":\"ListItem\",\"position\":2,\"name\":\"Werbespot erstellen lassen\"}]},{\"@type\":\"WebSite\",\"@id\":\"https:\\\/\\\/www.voicebooking.com\\\/nl\\\/#website\",\"url\":\"https:\\\/\\\/www.voicebooking.com\\\/nl\\\/\",\"name\":\"Voicebooking\",\"description\":\"The world&#039;s fastest working voice talents - ready to record\",\"publisher\":{\"@id\":\"https:\\\/\\\/www.voicebooking.com\\\/nl\\\/#organization\"},\"potentialAction\":[{\"@type\":\"SearchAction\",\"target\":{\"@type\":\"EntryPoint\",\"urlTemplate\":\"https:\\\/\\\/www.voicebooking.com\\\/nl\\\/?s={search_term_string}\"},\"query-input\":{\"@type\":\"PropertyValueSpecification\",\"valueRequired\":true,\"valueName\":\"search_term_string\"}}],\"inLanguage\":\"de-DE\"},{\"@type\":\"Organization\",\"@id\":\"https:\\\/\\\/www.voicebooking.com\\\/nl\\\/#organization\",\"name\":\"Voicebooking.com\",\"url\":\"https:\\\/\\\/www.voicebooking.com\\\/nl\\\/\",\"logo\":{\"@type\":\"ImageObject\",\"inLanguage\":\"de-DE\",\"@id\":\"https:\\\/\\\/www.voicebooking.com\\\/nl\\\/#\\\/schema\\\/logo\\\/image\\\/\",\"url\":\"https:\\\/\\\/www.voicebooking.com\\\/app\\\/uploads\\\/VB-logo-horn.jpg\",\"contentUrl\":\"https:\\\/\\\/www.voicebooking.com\\\/app\\\/uploads\\\/VB-logo-horn.jpg\",\"width\":1080,\"height\":1080,\"caption\":\"Voicebooking.com\"},\"image\":{\"@id\":\"https:\\\/\\\/www.voicebooking.com\\\/nl\\\/#\\\/schema\\\/logo\\\/image\\\/\"},\"sameAs\":[\"https:\\\/\\\/www.facebook.com\\\/Voicebookingcom\\\/\",\"https:\\\/\\\/www.instagram.com\\\/voicebooking_com\\\/\",\"https:\\\/\\\/www.linkedin.com\\\/company\\\/www-voicebooking-com\\\/\",\"https:\\\/\\\/www.youtube.com\\\/c\\\/Voicebookingcom\"],\"email\":\"support@voicebooking.com\",\"telephone\":\"+31 (0)20 - 77 47 323\"}]}<\/script>\n<!-- \/ Yoast SEO Premium plugin. -->","yoast_head_json":{"title":"Lassen Sie einen Werbespot erstellen: einfach arrangiert! | Voicebooking","description":"M\u00f6chten Sie einen Werbespot erstellen lassen? \u2713 Schnell und g\u00fcnstig arrangiert mit Voicebooking \u2713 Lieferung oft schon innerhalb von einem Tag","robots":{"index":"index","follow":"follow","max-snippet":"max-snippet:-1","max-image-preview":"max-image-preview:large","max-video-preview":"max-video-preview:-1"},"canonical":"https:\/\/www.voicebooking.com\/de\/commercial-audio-production","og_locale":"de_DE","og_type":"article","og_title":"Werbespot erstellen lassen","og_description":"M\u00f6chten Sie einen Werbespot erstellen lassen? \u2713 Schnell und g\u00fcnstig arrangiert mit Voicebooking \u2713 Lieferung oft schon innerhalb von einem Tag","og_url":"https:\/\/www.voicebooking.com\/en\/commercial-audio-production","og_site_name":"Voicebooking","article_publisher":"https:\/\/www.facebook.com\/Voicebookingcom\/","article_modified_time":"2024-04-22T14:34:46+00:00","og_image":[{"url":"https:\/\/wp-staging.voicebooking.com\/app\/uploads\/2020\/06\/variety-select-de-1024x891.jpg","type":"","width":"","height":""}],"twitter_card":"summary_large_image","twitter_misc":{"Est. reading time":"3 minutes"},"schema":{"@context":"https:\/\/schema.org","@graph":[{"@type":"WebPage","@id":"https:\/\/www.voicebooking.com\/en\/commercial-audio-production","url":"https:\/\/www.voicebooking.com\/en\/commercial-audio-production","name":"Lassen Sie einen Werbespot erstellen: einfach arrangiert! | Voicebooking","isPartOf":{"@id":"https:\/\/www.voicebooking.com\/nl\/#website"},"primaryImageOfPage":{"@id":"https:\/\/www.voicebooking.com\/en\/commercial-audio-production#primaryimage"},"image":{"@id":"https:\/\/www.voicebooking.com\/en\/commercial-audio-production#primaryimage"},"thumbnailUrl":"https:\/\/wp-staging.voicebooking.com\/app\/uploads\/2020\/06\/variety-select-de-1024x891.jpg","datePublished":"2021-01-29T12:59:59+00:00","dateModified":"2024-04-22T14:34:46+00:00","description":"M\u00f6chten Sie einen Werbespot erstellen lassen? \u2713 Schnell und g\u00fcnstig arrangiert mit Voicebooking \u2713 Lieferung oft schon innerhalb von einem Tag","breadcrumb":{"@id":"https:\/\/www.voicebooking.com\/en\/commercial-audio-production#breadcrumb"},"inLanguage":"de-DE","potentialAction":[{"@type":"ReadAction","target":["https:\/\/www.voicebooking.com\/en\/commercial-audio-production"]}]},{"@type":"ImageObject","inLanguage":"de-DE","@id":"https:\/\/www.voicebooking.com\/en\/commercial-audio-production#primaryimage","url":"https:\/\/wp-staging.voicebooking.com\/app\/uploads\/2020\/06\/variety-select-de-1024x891.jpg","contentUrl":"https:\/\/wp-staging.voicebooking.com\/app\/uploads\/2020\/06\/variety-select-de-1024x891.jpg"},{"@type":"BreadcrumbList","@id":"https:\/\/www.voicebooking.com\/en\/commercial-audio-production#breadcrumb","itemListElement":[{"@type":"ListItem","position":1,"name":"Home","item":"https:\/\/www.voicebooking.com\/de"},{"@type":"ListItem","position":2,"name":"Werbespot erstellen lassen"}]},{"@type":"WebSite","@id":"https:\/\/www.voicebooking.com\/nl\/#website","url":"https:\/\/www.voicebooking.com\/nl\/","name":"Voicebooking","description":"The world&#039;s fastest working voice talents - ready to record","publisher":{"@id":"https:\/\/www.voicebooking.com\/nl\/#organization"},"potentialAction":[{"@type":"SearchAction","target":{"@type":"EntryPoint","urlTemplate":"https:\/\/www.voicebooking.com\/nl\/?s={search_term_string}"},"query-input":{"@type":"PropertyValueSpecification","valueRequired":true,"valueName":"search_term_string"}}],"inLanguage":"de-DE"},{"@type":"Organization","@id":"https:\/\/www.voicebooking.com\/nl\/#organization","name":"Voicebooking.com","url":"https:\/\/www.voicebooking.com\/nl\/","logo":{"@type":"ImageObject","inLanguage":"de-DE","@id":"https:\/\/www.voicebooking.com\/nl\/#\/schema\/logo\/image\/","url":"https:\/\/www.voicebooking.com\/app\/uploads\/VB-logo-horn.jpg","contentUrl":"https:\/\/www.voicebooking.com\/app\/uploads\/VB-logo-horn.jpg","width":1080,"height":1080,"caption":"Voicebooking.com"},"image":{"@id":"https:\/\/www.voicebooking.com\/nl\/#\/schema\/logo\/image\/"},"sameAs":["https:\/\/www.facebook.com\/Voicebookingcom\/","https:\/\/www.instagram.com\/voicebooking_com\/","https:\/\/www.linkedin.com\/company\/www-voicebooking-com\/","https:\/\/www.youtube.com\/c\/Voicebookingcom"],"email":"support@voicebooking.com","telephone":"+31 (0)20 - 77 47 323"}]}},"_links":{"self":[{"href":"https:\/\/www.voicebooking.com\/de\/wp-json\/wp\/v2\/pages\/21449","targetHints":{"allow":["GET"]}}],"collection":[{"href":"https:\/\/www.voicebooking.com\/de\/wp-json\/wp\/v2\/pages"}],"about":[{"href":"https:\/\/www.voicebooking.com\/de\/wp-json\/wp\/v2\/types\/page"}],"author":[{"embeddable":true,"href":"https:\/\/www.voicebooking.com\/de\/wp-json\/wp\/v2\/users\/3"}],"replies":[{"embeddable":true,"href":"https:\/\/www.voicebooking.com\/de\/wp-json\/wp\/v2\/comments?post=21449"}],"version-history":[{"count":0,"href":"https:\/\/www.voicebooking.com\/de\/wp-json\/wp\/v2\/pages\/21449\/revisions"}],"wp:attachment":[{"href":"https:\/\/www.voicebooking.com\/de\/wp-json\/wp\/v2\/media?parent=21449"}],"curies":[{"name":"wp","href":"https:\/\/api.w.org\/{rel}","templated":true}]}}