{"id":21540,"date":"2021-02-01T14:09:00","date_gmt":"2021-02-01T12:09:00","guid":{"rendered":"https:\/\/www.voicebooking.com\/?page_id=21540"},"modified":"2024-01-18T12:13:33","modified_gmt":"2024-01-18T10:13:33","slug":"weibliche-synchronsprecherin","status":"publish","type":"page","link":"https:\/\/www.voicebooking.com\/de\/weibliche-synchronsprecherin","title":{"rendered":"Weibliche Synchronsprecherin"},"content":{"rendered":"\r\n<div class=\"wp-block-vb-blocks-cta-block alignfull vb-cta-block is-style-intro-image\">\r\n<div class=\"wp-block-cover alignfull is-light\" style=\"min-height: 650px;aspect-ratio:unset;\"><img loading=\"lazy\" decoding=\"async\" width=\"2560\" height=\"1707\" class=\"wp-block-cover__image-background wp-image-18297\" src=\"https:\/\/wp-staging.voicebooking.com\/app\/uploads\/daniel-brubaker-QhrZNZkaq0c-unsplash-scaled.jpg\" alt=\"\" data-object-fit=\"cover\" srcset=\"https:\/\/www.voicebooking.com\/app\/uploads\/daniel-brubaker-QhrZNZkaq0c-unsplash-scaled.jpg 2560w, https:\/\/www.voicebooking.com\/app\/uploads\/daniel-brubaker-QhrZNZkaq0c-unsplash-300x200.jpg 300w, https:\/\/www.voicebooking.com\/app\/uploads\/daniel-brubaker-QhrZNZkaq0c-unsplash-1024x683.jpg 1024w, https:\/\/www.voicebooking.com\/app\/uploads\/daniel-brubaker-QhrZNZkaq0c-unsplash-768x512.jpg 768w, https:\/\/www.voicebooking.com\/app\/uploads\/daniel-brubaker-QhrZNZkaq0c-unsplash-1536x1024.jpg 1536w, https:\/\/www.voicebooking.com\/app\/uploads\/daniel-brubaker-QhrZNZkaq0c-unsplash-2048x1365.jpg 2048w\" sizes=\"auto, (max-width: 2560px) 100vw, 2560px\" \/>\r\n<div class=\"wp-block-cover__inner-container is-layout-flow wp-block-cover-is-layout-flow\">\r\n<h1 class=\"has-text-align-left has-light-color has-text-color wp-block-heading\">Suchen Sie eine weibliche Synchronsprecherin?<\/h1>\r\n\r\n\r\n\r\n<p class=\"has-text-align-left has-light-color has-text-color\">Mit Voicebooking in k\u00fcrzester Zeit gefunden! Bei Voicebooking finden Sie eine gro\u00dfe Anzahl an weiblichen Synchronsprecherinnen. <br \/>Diese k\u00f6nnen von zu Hause, vor Ort oder in unserem hauseigenen Studio aufnehmen. Auch f\u00fcr ber\u00fchmte Stimmen ist Voicebooking <br \/>der richtige Partner.\u00a0<\/p>\r\n\r\n\r\n\r\n<div class=\"wp-block-button alignleft\"><a class=\"wp-block-button__link\" href=\"https:\/\/wp-staging.voicebooking.com\/de\/sprecher-gesucht\/deutsche-sprecher?gender[]=f&amp;\">suchen<\/a><\/div>\r\n<\/div>\r\n<\/div>\r\n<\/div>\r\n\r\n\r\n\r\n<div class=\"wp-block-vb-blocks-cta-block alignfull vb-cta-block\">\r\n<div class=\"wp-block-cover alignfull is-light\">\r\n<div class=\"wp-block-cover__inner-container is-layout-flow wp-block-cover-is-layout-flow\">\r\n<h2 class=\"wp-block-heading\">Finden Sie eine weibliche Synchronsprecherin mit Voicebooking<\/h2>\r\n\r\n\r\n\r\n<p>F\u00fcr viele Marken ist es wichtig, dass sie mit einer (festen) Stimme arbeiten, die genau zu Ihrem Produkt und Ihrer Zielgruppe passt. Die Sprachdatenbank von Voicebooking enth\u00e4lt Hunderte einzigartiger Stimmen. Darum bietet Voicebooking einzigartige Stimm-Castings an.\u00a0<\/p>\r\n<\/div>\r\n<\/div>\r\n<\/div>\r\n\r\n\r\n\r\n<div class=\"wp-block-vb-blocks-text-image-block alignfull vb-text-image-block\">\r\n<div class=\"wp-block-cover alignfull is-light\">\r\n<div class=\"wp-block-cover__inner-container is-layout-flow wp-block-cover-is-layout-flow\">\r\n<div class=\"wp-block-media-text is-stacked-on-mobile is-style-image-500\">\r\n<figure class=\"wp-block-media-text__media\"><img loading=\"lazy\" decoding=\"async\" width=\"439\" height=\"394\" class=\"wp-image-18869 size-full\" src=\"https:\/\/wp-staging.voicebooking.com\/app\/uploads\/vrouwen-voice-overs.png\" alt=\"\u00dcbersicht weiblicher Synchronsprecherinnen\r\n\" srcset=\"https:\/\/www.voicebooking.com\/app\/uploads\/vrouwen-voice-overs.png 439w, https:\/\/www.voicebooking.com\/app\/uploads\/vrouwen-voice-overs-300x269.png 300w\" sizes=\"auto, (max-width: 439px) 100vw, 439px\" \/><\/figure>\r\n<div class=\"wp-block-media-text__content\">\r\n<h3 class=\"has-text-align-left wp-block-heading\">Unsere weiblichen Synchronsprecherinnen<\/h3>\r\n\r\n\r\n\r\n<p class=\"has-text-align-left\">Bei Voicebooking arbeiten wir mit festen Tarifen. Au\u00dferdem verf\u00fcgen alle Sprecher \u00fcber Ihr eigenes Studio. So arrangieren Sie eine weibliche Synchronsprecherin superschnell und bequem. Wenn Sie es w\u00fcnschen, k\u00f6nnen Sie w\u00e4hrend der Aufnahme mith\u00f6ren. Au\u00dferdem ist es m\u00f6glich, unsere Sprecher auch f\u00fcr ein Studio Ihrer Wahl zu buchen.\u00a0<br \/><br \/><\/p>\r\n<\/div>\r\n<\/div>\r\n<\/div>\r\n<\/div>\r\n<\/div>\r\n\r\n\r\n\r\n<div class=\"wp-block-vb-blocks-text-image-block alignfull vb-text-image-block\">\r\n<div class=\"wp-block-cover alignfull is-light\">\r\n<div class=\"wp-block-cover__inner-container is-layout-flow wp-block-cover-is-layout-flow\">\r\n<div class=\"wp-block-media-text has-media-on-the-right is-stacked-on-mobile is-style-image-500\">\r\n<figure class=\"wp-block-media-text__media\"><img loading=\"lazy\" decoding=\"async\" width=\"286\" height=\"344\" class=\"wp-image-1009 size-full\" src=\"https:\/\/wp-staging.voicebooking.com\/app\/uploads\/2020\/06\/selected-voices-de.jpg\" alt=\"\u00dcbersicht Festpreise weibliche Synchronsprecherinnen\" srcset=\"https:\/\/www.voicebooking.com\/app\/uploads\/2020\/06\/selected-voices-de.jpg 286w, https:\/\/www.voicebooking.com\/app\/uploads\/2020\/06\/selected-voices-de-249x300.jpg 249w\" sizes=\"auto, (max-width: 286px) 100vw, 286px\" \/><\/figure>\r\n<div class=\"wp-block-media-text__content\">\r\n<h3 class=\"has-text-align-left wp-block-heading\">Preise f\u00fcr eine weibliche Sprecherin<\/h3>\r\n\r\n\r\n\r\n<p class=\"has-text-align-left\">Radiowerbung, Dokumentarfilm, E-Learning oder Filmtrailer, egal wie Ihre Produktion aussieht, unsere weiblichen Synchronsprecherinnen sind handverlesen und k\u00f6nnen alles. Wir verf\u00fcgen \u00fcber ein festes Sortiment an weiblichen Synchronsprecherinnen. So klingt Ihre Aufnahme garantiert professionell.<br \/><br \/><\/p>\r\n<\/div>\r\n<\/div>\r\n<\/div>\r\n<\/div>\r\n<\/div>\r\n\r\n\r\n\r\n<div class=\"wp-block-vb-blocks-text-image-block alignfull vb-text-image-block is-style-padding-bottom\">\r\n<div class=\"wp-block-cover alignfull is-light\">\r\n<div class=\"wp-block-cover__inner-container is-layout-flow wp-block-cover-is-layout-flow\">\r\n<div class=\"wp-block-media-text is-stacked-on-mobile is-style-image-500\">\r\n<figure class=\"wp-block-media-text__media\"><img loading=\"lazy\" decoding=\"async\" width=\"635\" height=\"394\" class=\"wp-image-18852 size-full\" src=\"https:\/\/wp-staging.voicebooking.com\/app\/uploads\/vog.png\" alt=\"Testen Sie eine weibliche Stimme mit unserem Voiceover-Generator\" srcset=\"https:\/\/www.voicebooking.com\/app\/uploads\/vog.png 635w, https:\/\/www.voicebooking.com\/app\/uploads\/vog-300x186.png 300w\" sizes=\"auto, (max-width: 635px) 100vw, 635px\" \/><\/figure>\r\n<div class=\"wp-block-media-text__content\">\r\n<h3 class=\"has-text-align-left wp-block-heading\">Testen Sie den kostenlosen Voiceover-Generator<\/h3>\r\n\r\n\r\n\r\n<p class=\"has-text-align-left\">Nachdem Sie eine passende Synchronsprecherin gefunden haben, k\u00f6nnen Sie Ihren Text oder Ihr Skript mit unserem Voiceover-Generator testen. F\u00fcgen Sie Ihren Text in das Textfeld ein und w\u00e4hlen Sie die Sprache und Stimme aus. Anschlie\u00dfend wird ihr Guide-Track innerhalb von Sekunden zusammengestellt. F\u00fcgen Sie diese Audiodatei dann in Ihre Werbung, Ihr Video, Ihr Interview oder in eine andere audiovisuelle Produktion ein.\u00a0<br \/><br \/><\/p>\r\n<\/div>\r\n<\/div>\r\n<\/div>\r\n<\/div>\r\n\r\n\r\n\r\n<div class=\"wp-block-vb-blocks-slider-complete-block alignfull vb-slider-complete-block\" style=\"background-color: #f8e934;\">\r\n<div class=\"wp-block-cover alignfull\" style=\"background-color: #f8e934;\">\r\n<div class=\"wp-block-vb-blocks-icon-block vb-icon-block undefined align-left\">\u00a0<\/div>\r\n\r\n\r\n\r\n<h1 class=\"wp-block-heading\">Anspruchsvolle Kunden arbeiten mit Voicebooking<\/h1>\r\n\r\n\r\n\r\n<div class=\"wp-block-vb-blocks-slider-block alignfull\">\r\n<div id=\"carouselIndicators\" class=\"carousel slide\" data-ride=\"carousel\">\r\n<div class=\"carousel-inner\">\r\n<div class=\"carousel-item item active\" data-index=\"0\">\r\n<div class=\"slide-header\"><b class=\"title\">Booking.com<\/b>\r\n<p class=\"author\">Len Henriksen<\/p>\r\n<\/div>\r\n<p class=\"quote\">\u201eHervorragender Service, schnelle und unkomplizierte Schnittstelle. Und wir haben einen ausgezeichneten Account-Manager, der uns geholfen hat, Probleme trotz der \u00c4nderungen am Skript in letzter Minute zu l\u00f6sen. Sehr empfehlenswert.\u201c<\/p>\r\n<\/div>\r\n<div class=\"carousel-item item \" data-index=\"1\">\r\n<div class=\"slide-header\"><b class=\"title\">Boti Global \u2013 Europe<\/b>\r\n<p class=\"author\">Larissa Louwman<\/p>\r\n<\/div>\r\n<p class=\"quote\">\u201eVoicebooking denkt mit. Sie sind flexibel, sehr schnell und sehr angenehm in der Zusammenarbeit.\u201c<\/p>\r\n<\/div>\r\n<div class=\"carousel-item item \" data-index=\"2\">\r\n<div class=\"slide-header\"><b class=\"title\">Spotify<\/b>\r\n<p class=\"author\">Margot James<\/p>\r\n<\/div>\r\n<p class=\"quote\">\u201eVoicebooking.com ist ein bedeutendes Instrument f\u00fcr Spotify, um Werbetreibende von unserer St\u00e4rke als Werbetr\u00e4ger zu \u00fcberzeugen. Wir sind besonders angetan von der Kreativit\u00e4t, die in die Produktionen eingebracht wird, und der Geschwindigkeit, mit der Sie liefern.\u201c<\/p>\r\n<\/div>\r\n<\/div>\r\n<div class=\"carousel-indicators\">\r\n<ul>\r\n<li class=\"active\" data-slide-to=\"0\" data-target=\"#carouselIndicators\">\u00a0<\/li>\r\n<li class=\"\" data-slide-to=\"1\" data-target=\"#carouselIndicators\">\u00a0<\/li>\r\n<li class=\"\" data-slide-to=\"2\" data-target=\"#carouselIndicators\">\u00a0<\/li>\r\n<\/ul>\r\n<\/div>\r\n<\/div>\r\n<\/div>\r\n\r\n\r\n\r\n<div class=\"wp-block-image\">\r\n<figure class=\"aligncenter size-large\"><img loading=\"lazy\" decoding=\"async\" width=\"729\" height=\"38\" class=\"wp-image-1161\" src=\"https:\/\/wp-staging.voicebooking.com\/app\/uploads\/2020\/06\/who_says_logos.png\" alt=\"mini coca-cola spotify samsung are brands we work for\" srcset=\"https:\/\/www.voicebooking.com\/app\/uploads\/2020\/06\/who_says_logos.png 729w, https:\/\/www.voicebooking.com\/app\/uploads\/2020\/06\/who_says_logos-300x16.png 300w\" sizes=\"auto, (max-width: 729px) 100vw, 729px\" \/><\/figure>\r\n<\/div>\r\n<\/div>\r\n<\/div>\r\n<\/div>\r\n\r\n\r\n\r\n<div class=\"wp-block-vb-blocks-cta-block alignfull vb-cta-block\">\r\n<div class=\"wp-block-cover alignfull is-light\">\r\n<div class=\"wp-block-cover__inner-container is-layout-flow wp-block-cover-is-layout-flow\">\r\n<h3 class=\"wp-block-heading\">Suchen Sie jetzt eine weibliche Stimme<\/h3>\r\n\r\n\r\n\r\n<p>Voicebooking bietet weltweit Tausende von Top-Stimmen, die f\u00fcr Sie sprechen k\u00f6nnen. Ihr Skript wird innerhalb eines Tages geliefert und der Preis ist sofort ersichtlich. Sind Sie auf der Suche nach einer bekannten Stimme? Auch diese finden Sie garantiert \u00fcber Voicebooking.com. Probieren Sie es aus und \u00fcberzeugen Sie sich selbst.\u00a0<\/p>\r\n\r\n\r\n\r\n<div class=\"wp-block-button\"><a class=\"wp-block-button__link\" href=\"https:\/\/wp-staging.voicebooking.com\/de\/sprecher-gesucht\/deutsche-sprecher?gender[]=f&amp;\">suchen<\/a><\/div>\r\n\r\n\r\n\r\n<p><br \/>Fragen? <strong><a class=\"ek-link\" href=\"https:\/\/wp-staging.voicebooking.com\/de\/contact\"><span style=\"text-decoration: underline;\">Nehmen Sie Kontakt mit uns auf.<\/span><\/a><\/strong>\u00a0<\/p>\r\n<\/div>\r\n<\/div>\r\n<\/div>\r\n","protected":false},"excerpt":{"rendered":"","protected":false},"author":3,"featured_media":0,"parent":0,"menu_order":0,"comment_status":"closed","ping_status":"closed","template":"","meta":{"_acf_changed":false,"footnotes":""},"class_list":["post-21540","page","type-page","status-publish","hentry"],"acf":[],"yoast_head":"<!-- This site is optimized with the Yoast SEO Premium plugin v23.4 (Yoast SEO v27.3) - https:\/\/yoast.com\/product\/yoast-seo-premium-wordpress\/ -->\n<title>Weibliche Synchronsprecherin gesucht? | Voicebooking<\/title>\n<meta name=\"description\" content=\"Festpreise f\u00fcr alle Sprachaufnahmen \u2713 Gro\u00dfes Angebot an weiblichen Synchronsprecherinnen \u2713 Einfach online arrangiert \u2713\" \/>\n<meta name=\"robots\" content=\"index, follow, max-snippet:-1, max-image-preview:large, max-video-preview:-1\" \/>\n<link rel=\"canonical\" href=\"https:\/\/www.voicebooking.com\/de\/female-voice-over-actresses\" \/>\n<meta property=\"og:locale\" content=\"de_DE\" \/>\n<meta property=\"og:type\" content=\"article\" \/>\n<meta property=\"og:title\" content=\"Weibliche Synchronsprecherin\" \/>\n<meta property=\"og:description\" content=\"Festpreise f\u00fcr alle Sprachaufnahmen \u2713 Gro\u00dfes Angebot an weiblichen Synchronsprecherinnen \u2713 Einfach online arrangiert \u2713\" \/>\n<meta property=\"og:url\" content=\"https:\/\/www.voicebooking.com\/en\/female-voice-over-actresses\" \/>\n<meta property=\"og:site_name\" content=\"Voicebooking\" \/>\n<meta property=\"article:publisher\" content=\"https:\/\/www.facebook.com\/Voicebookingcom\/\" \/>\n<meta property=\"article:modified_time\" content=\"2024-01-18T10:13:33+00:00\" \/>\n<meta property=\"og:image\" content=\"https:\/\/wp-staging.voicebooking.com\/app\/uploads\/daniel-brubaker-QhrZNZkaq0c-unsplash-scaled.jpg\" \/>\n<meta name=\"twitter:card\" content=\"summary_large_image\" \/>\n<meta name=\"twitter:label1\" content=\"Est. reading time\" \/>\n\t<meta name=\"twitter:data1\" content=\"3 minutes\" \/>\n<script type=\"application\/ld+json\" class=\"yoast-schema-graph\">{\"@context\":\"https:\\\/\\\/schema.org\",\"@graph\":[{\"@type\":\"WebPage\",\"@id\":\"https:\\\/\\\/www.voicebooking.com\\\/en\\\/female-voice-over-actresses\",\"url\":\"https:\\\/\\\/www.voicebooking.com\\\/en\\\/female-voice-over-actresses\",\"name\":\"Weibliche Synchronsprecherin gesucht? | Voicebooking\",\"isPartOf\":{\"@id\":\"https:\\\/\\\/www.voicebooking.com\\\/nl\\\/#website\"},\"primaryImageOfPage\":{\"@id\":\"https:\\\/\\\/www.voicebooking.com\\\/en\\\/female-voice-over-actresses#primaryimage\"},\"image\":{\"@id\":\"https:\\\/\\\/www.voicebooking.com\\\/en\\\/female-voice-over-actresses#primaryimage\"},\"thumbnailUrl\":\"https:\\\/\\\/wp-staging.voicebooking.com\\\/app\\\/uploads\\\/daniel-brubaker-QhrZNZkaq0c-unsplash-scaled.jpg\",\"datePublished\":\"2021-02-01T12:09:00+00:00\",\"dateModified\":\"2024-01-18T10:13:33+00:00\",\"description\":\"Festpreise f\u00fcr alle Sprachaufnahmen \u2713 Gro\u00dfes Angebot an weiblichen Synchronsprecherinnen \u2713 Einfach online arrangiert \u2713\",\"breadcrumb\":{\"@id\":\"https:\\\/\\\/www.voicebooking.com\\\/en\\\/female-voice-over-actresses#breadcrumb\"},\"inLanguage\":\"de-DE\",\"potentialAction\":[{\"@type\":\"ReadAction\",\"target\":[\"https:\\\/\\\/www.voicebooking.com\\\/en\\\/female-voice-over-actresses\"]}]},{\"@type\":\"ImageObject\",\"inLanguage\":\"de-DE\",\"@id\":\"https:\\\/\\\/www.voicebooking.com\\\/en\\\/female-voice-over-actresses#primaryimage\",\"url\":\"https:\\\/\\\/wp-staging.voicebooking.com\\\/app\\\/uploads\\\/daniel-brubaker-QhrZNZkaq0c-unsplash-scaled.jpg\",\"contentUrl\":\"https:\\\/\\\/wp-staging.voicebooking.com\\\/app\\\/uploads\\\/daniel-brubaker-QhrZNZkaq0c-unsplash-scaled.jpg\"},{\"@type\":\"BreadcrumbList\",\"@id\":\"https:\\\/\\\/www.voicebooking.com\\\/en\\\/female-voice-over-actresses#breadcrumb\",\"itemListElement\":[{\"@type\":\"ListItem\",\"position\":1,\"name\":\"Home\",\"item\":\"https:\\\/\\\/www.voicebooking.com\\\/de\"},{\"@type\":\"ListItem\",\"position\":2,\"name\":\"Weibliche Synchronsprecherin\"}]},{\"@type\":\"WebSite\",\"@id\":\"https:\\\/\\\/www.voicebooking.com\\\/nl\\\/#website\",\"url\":\"https:\\\/\\\/www.voicebooking.com\\\/nl\\\/\",\"name\":\"Voicebooking\",\"description\":\"The world&#039;s fastest working voice talents - ready to record\",\"publisher\":{\"@id\":\"https:\\\/\\\/www.voicebooking.com\\\/nl\\\/#organization\"},\"potentialAction\":[{\"@type\":\"SearchAction\",\"target\":{\"@type\":\"EntryPoint\",\"urlTemplate\":\"https:\\\/\\\/www.voicebooking.com\\\/nl\\\/?s={search_term_string}\"},\"query-input\":{\"@type\":\"PropertyValueSpecification\",\"valueRequired\":true,\"valueName\":\"search_term_string\"}}],\"inLanguage\":\"de-DE\"},{\"@type\":\"Organization\",\"@id\":\"https:\\\/\\\/www.voicebooking.com\\\/nl\\\/#organization\",\"name\":\"Voicebooking.com\",\"url\":\"https:\\\/\\\/www.voicebooking.com\\\/nl\\\/\",\"logo\":{\"@type\":\"ImageObject\",\"inLanguage\":\"de-DE\",\"@id\":\"https:\\\/\\\/www.voicebooking.com\\\/nl\\\/#\\\/schema\\\/logo\\\/image\\\/\",\"url\":\"https:\\\/\\\/www.voicebooking.com\\\/app\\\/uploads\\\/VB-logo-horn.jpg\",\"contentUrl\":\"https:\\\/\\\/www.voicebooking.com\\\/app\\\/uploads\\\/VB-logo-horn.jpg\",\"width\":1080,\"height\":1080,\"caption\":\"Voicebooking.com\"},\"image\":{\"@id\":\"https:\\\/\\\/www.voicebooking.com\\\/nl\\\/#\\\/schema\\\/logo\\\/image\\\/\"},\"sameAs\":[\"https:\\\/\\\/www.facebook.com\\\/Voicebookingcom\\\/\",\"https:\\\/\\\/www.instagram.com\\\/voicebooking_com\\\/\",\"https:\\\/\\\/www.linkedin.com\\\/company\\\/www-voicebooking-com\\\/\",\"https:\\\/\\\/www.youtube.com\\\/c\\\/Voicebookingcom\"],\"email\":\"support@voicebooking.com\",\"telephone\":\"+31 (0)20 - 77 47 323\"}]}<\/script>\n<!-- \/ Yoast SEO Premium plugin. -->","yoast_head_json":{"title":"Weibliche Synchronsprecherin gesucht? | Voicebooking","description":"Festpreise f\u00fcr alle Sprachaufnahmen \u2713 Gro\u00dfes Angebot an weiblichen Synchronsprecherinnen \u2713 Einfach online arrangiert \u2713","robots":{"index":"index","follow":"follow","max-snippet":"max-snippet:-1","max-image-preview":"max-image-preview:large","max-video-preview":"max-video-preview:-1"},"canonical":"https:\/\/www.voicebooking.com\/de\/female-voice-over-actresses","og_locale":"de_DE","og_type":"article","og_title":"Weibliche Synchronsprecherin","og_description":"Festpreise f\u00fcr alle Sprachaufnahmen \u2713 Gro\u00dfes Angebot an weiblichen Synchronsprecherinnen \u2713 Einfach online arrangiert \u2713","og_url":"https:\/\/www.voicebooking.com\/en\/female-voice-over-actresses","og_site_name":"Voicebooking","article_publisher":"https:\/\/www.facebook.com\/Voicebookingcom\/","article_modified_time":"2024-01-18T10:13:33+00:00","og_image":[{"url":"https:\/\/wp-staging.voicebooking.com\/app\/uploads\/daniel-brubaker-QhrZNZkaq0c-unsplash-scaled.jpg","type":"","width":"","height":""}],"twitter_card":"summary_large_image","twitter_misc":{"Est. reading time":"3 minutes"},"schema":{"@context":"https:\/\/schema.org","@graph":[{"@type":"WebPage","@id":"https:\/\/www.voicebooking.com\/en\/female-voice-over-actresses","url":"https:\/\/www.voicebooking.com\/en\/female-voice-over-actresses","name":"Weibliche Synchronsprecherin gesucht? | Voicebooking","isPartOf":{"@id":"https:\/\/www.voicebooking.com\/nl\/#website"},"primaryImageOfPage":{"@id":"https:\/\/www.voicebooking.com\/en\/female-voice-over-actresses#primaryimage"},"image":{"@id":"https:\/\/www.voicebooking.com\/en\/female-voice-over-actresses#primaryimage"},"thumbnailUrl":"https:\/\/wp-staging.voicebooking.com\/app\/uploads\/daniel-brubaker-QhrZNZkaq0c-unsplash-scaled.jpg","datePublished":"2021-02-01T12:09:00+00:00","dateModified":"2024-01-18T10:13:33+00:00","description":"Festpreise f\u00fcr alle Sprachaufnahmen \u2713 Gro\u00dfes Angebot an weiblichen Synchronsprecherinnen \u2713 Einfach online arrangiert \u2713","breadcrumb":{"@id":"https:\/\/www.voicebooking.com\/en\/female-voice-over-actresses#breadcrumb"},"inLanguage":"de-DE","potentialAction":[{"@type":"ReadAction","target":["https:\/\/www.voicebooking.com\/en\/female-voice-over-actresses"]}]},{"@type":"ImageObject","inLanguage":"de-DE","@id":"https:\/\/www.voicebooking.com\/en\/female-voice-over-actresses#primaryimage","url":"https:\/\/wp-staging.voicebooking.com\/app\/uploads\/daniel-brubaker-QhrZNZkaq0c-unsplash-scaled.jpg","contentUrl":"https:\/\/wp-staging.voicebooking.com\/app\/uploads\/daniel-brubaker-QhrZNZkaq0c-unsplash-scaled.jpg"},{"@type":"BreadcrumbList","@id":"https:\/\/www.voicebooking.com\/en\/female-voice-over-actresses#breadcrumb","itemListElement":[{"@type":"ListItem","position":1,"name":"Home","item":"https:\/\/www.voicebooking.com\/de"},{"@type":"ListItem","position":2,"name":"Weibliche Synchronsprecherin"}]},{"@type":"WebSite","@id":"https:\/\/www.voicebooking.com\/nl\/#website","url":"https:\/\/www.voicebooking.com\/nl\/","name":"Voicebooking","description":"The world&#039;s fastest working voice talents - ready to record","publisher":{"@id":"https:\/\/www.voicebooking.com\/nl\/#organization"},"potentialAction":[{"@type":"SearchAction","target":{"@type":"EntryPoint","urlTemplate":"https:\/\/www.voicebooking.com\/nl\/?s={search_term_string}"},"query-input":{"@type":"PropertyValueSpecification","valueRequired":true,"valueName":"search_term_string"}}],"inLanguage":"de-DE"},{"@type":"Organization","@id":"https:\/\/www.voicebooking.com\/nl\/#organization","name":"Voicebooking.com","url":"https:\/\/www.voicebooking.com\/nl\/","logo":{"@type":"ImageObject","inLanguage":"de-DE","@id":"https:\/\/www.voicebooking.com\/nl\/#\/schema\/logo\/image\/","url":"https:\/\/www.voicebooking.com\/app\/uploads\/VB-logo-horn.jpg","contentUrl":"https:\/\/www.voicebooking.com\/app\/uploads\/VB-logo-horn.jpg","width":1080,"height":1080,"caption":"Voicebooking.com"},"image":{"@id":"https:\/\/www.voicebooking.com\/nl\/#\/schema\/logo\/image\/"},"sameAs":["https:\/\/www.facebook.com\/Voicebookingcom\/","https:\/\/www.instagram.com\/voicebooking_com\/","https:\/\/www.linkedin.com\/company\/www-voicebooking-com\/","https:\/\/www.youtube.com\/c\/Voicebookingcom"],"email":"support@voicebooking.com","telephone":"+31 (0)20 - 77 47 323"}]}},"_links":{"self":[{"href":"https:\/\/www.voicebooking.com\/de\/wp-json\/wp\/v2\/pages\/21540","targetHints":{"allow":["GET"]}}],"collection":[{"href":"https:\/\/www.voicebooking.com\/de\/wp-json\/wp\/v2\/pages"}],"about":[{"href":"https:\/\/www.voicebooking.com\/de\/wp-json\/wp\/v2\/types\/page"}],"author":[{"embeddable":true,"href":"https:\/\/www.voicebooking.com\/de\/wp-json\/wp\/v2\/users\/3"}],"replies":[{"embeddable":true,"href":"https:\/\/www.voicebooking.com\/de\/wp-json\/wp\/v2\/comments?post=21540"}],"version-history":[{"count":0,"href":"https:\/\/www.voicebooking.com\/de\/wp-json\/wp\/v2\/pages\/21540\/revisions"}],"wp:attachment":[{"href":"https:\/\/www.voicebooking.com\/de\/wp-json\/wp\/v2\/media?parent=21540"}],"curies":[{"name":"wp","href":"https:\/\/api.w.org\/{rel}","templated":true}]}}