{"id":158369,"date":"2023-07-26T13:15:59","date_gmt":"2023-07-26T11:15:59","guid":{"rendered":"https:\/\/www.voicebooking.com\/?page_id=158369"},"modified":"2023-08-14T10:14:48","modified_gmt":"2023-08-14T08:14:48","slug":"voiceover-homepage","status":"publish","type":"page","link":"https:\/\/www.voicebooking.com\/fr\/voiceover-homepage","title":{"rendered":"Voiceover Homepage FR"},"content":{"rendered":"","protected":false},"excerpt":{"rendered":"","protected":false},"author":3,"featured_media":0,"parent":0,"menu_order":0,"comment_status":"closed","ping_status":"closed","template":"","meta":{"_acf_changed":false,"footnotes":""},"class_list":["post-158369","page","type-page","status-publish","hentry"],"acf":[],"yoast_head":"<!-- This site is optimized with the Yoast SEO Premium plugin v23.4 (Yoast SEO v27.2) - https:\/\/yoast.com\/product\/yoast-seo-premium-wordpress\/ -->\n<title>Voiceover Homepage FR | Voicebooking<\/title>\n<meta name=\"description\" content=\"Enregistrer un podcast ? Laissez Voicebooking vous aider. Des professionnels exp\u00e9riment\u00e9s pr\u00e9sents \u00e0 chaque \u00e9tape du processus. Tarifs \u00e0 partir de \u20ac150.\" \/>\n<meta name=\"robots\" content=\"index, follow, max-snippet:-1, max-image-preview:large, max-video-preview:-1\" \/>\n<link rel=\"canonical\" href=\"https:\/\/www.voicebooking.com\/fr?page_id=158368\" \/>\n<meta property=\"og:locale\" content=\"fr_FR\" \/>\n<meta property=\"og:type\" content=\"article\" \/>\n<meta property=\"og:title\" content=\"Voiceover Homepage FR\" \/>\n<meta property=\"og:description\" content=\"Enregistrer un podcast ? Laissez Voicebooking vous aider. Des professionnels exp\u00e9riment\u00e9s pr\u00e9sents \u00e0 chaque \u00e9tape du processus. Tarifs \u00e0 partir de \u20ac150.\" \/>\n<meta property=\"og:url\" content=\"https:\/\/www.voicebooking.com\/en?page_id=158368\" \/>\n<meta property=\"og:site_name\" content=\"Voicebooking\" \/>\n<meta property=\"article:publisher\" content=\"https:\/\/www.facebook.com\/Voicebookingcom\/\" \/>\n<meta property=\"article:modified_time\" content=\"2023-08-14T08:14:48+00:00\" \/>\n<meta name=\"twitter:card\" content=\"summary_large_image\" \/>\n<script type=\"application\/ld+json\" class=\"yoast-schema-graph\">{\"@context\":\"https:\/\/schema.org\",\"@graph\":[{\"@type\":\"WebPage\",\"@id\":\"https:\/\/www.voicebooking.com\/en?page_id=158368\",\"url\":\"https:\/\/www.voicebooking.com\/en?page_id=158368\",\"name\":\"Voiceover Homepage FR | Voicebooking\",\"isPartOf\":{\"@id\":\"https:\/\/www.voicebooking.com\/nl\/#website\"},\"datePublished\":\"2023-07-26T11:15:59+00:00\",\"dateModified\":\"2023-08-14T08:14:48+00:00\",\"description\":\"Enregistrer un podcast ? Laissez Voicebooking vous aider. Des professionnels exp\u00e9riment\u00e9s pr\u00e9sents \u00e0 chaque \u00e9tape du processus. Tarifs \u00e0 partir de \u20ac150.\",\"breadcrumb\":{\"@id\":\"https:\/\/www.voicebooking.com\/en?page_id=158368#breadcrumb\"},\"inLanguage\":\"fr-FR\",\"potentialAction\":[{\"@type\":\"ReadAction\",\"target\":[\"https:\/\/www.voicebooking.com\/en?page_id=158368\"]}]},{\"@type\":\"BreadcrumbList\",\"@id\":\"https:\/\/www.voicebooking.com\/en?page_id=158368#breadcrumb\",\"itemListElement\":[{\"@type\":\"ListItem\",\"position\":1,\"name\":\"Home\",\"item\":\"https:\/\/www.voicebooking.com\/fr\"},{\"@type\":\"ListItem\",\"position\":2,\"name\":\"Voiceover Homepage FR\"}]},{\"@type\":\"WebSite\",\"@id\":\"https:\/\/www.voicebooking.com\/nl\/#website\",\"url\":\"https:\/\/www.voicebooking.com\/nl\/\",\"name\":\"Voicebooking\",\"description\":\"The world&#039;s fastest working voice talents - ready to record\",\"publisher\":{\"@id\":\"https:\/\/www.voicebooking.com\/nl\/#organization\"},\"potentialAction\":[{\"@type\":\"SearchAction\",\"target\":{\"@type\":\"EntryPoint\",\"urlTemplate\":\"https:\/\/www.voicebooking.com\/nl\/?s={search_term_string}\"},\"query-input\":{\"@type\":\"PropertyValueSpecification\",\"valueRequired\":true,\"valueName\":\"search_term_string\"}}],\"inLanguage\":\"fr-FR\"},{\"@type\":\"Organization\",\"@id\":\"https:\/\/www.voicebooking.com\/nl\/#organization\",\"name\":\"Voicebooking.com\",\"url\":\"https:\/\/www.voicebooking.com\/nl\/\",\"logo\":{\"@type\":\"ImageObject\",\"inLanguage\":\"fr-FR\",\"@id\":\"https:\/\/www.voicebooking.com\/nl\/#\/schema\/logo\/image\/\",\"url\":\"https:\/\/www.voicebooking.com\/app\/uploads\/VB-logo-horn.jpg\",\"contentUrl\":\"https:\/\/www.voicebooking.com\/app\/uploads\/VB-logo-horn.jpg\",\"width\":1080,\"height\":1080,\"caption\":\"Voicebooking.com\"},\"image\":{\"@id\":\"https:\/\/www.voicebooking.com\/nl\/#\/schema\/logo\/image\/\"},\"sameAs\":[\"https:\/\/www.facebook.com\/Voicebookingcom\/\",\"https:\/\/www.instagram.com\/voicebooking_com\/\",\"https:\/\/www.linkedin.com\/company\/www-voicebooking-com\/\",\"https:\/\/www.youtube.com\/c\/Voicebookingcom\"],\"email\":\"support@voicebooking.com\",\"telephone\":\"+31 (0)20 - 77 47 323\"}]}<\/script>\n<!-- \/ Yoast SEO Premium plugin. -->","yoast_head_json":{"title":"Voiceover Homepage FR | Voicebooking","description":"Enregistrer un podcast ? Laissez Voicebooking vous aider. Des professionnels exp\u00e9riment\u00e9s pr\u00e9sents \u00e0 chaque \u00e9tape du processus. Tarifs \u00e0 partir de \u20ac150.","robots":{"index":"index","follow":"follow","max-snippet":"max-snippet:-1","max-image-preview":"max-image-preview:large","max-video-preview":"max-video-preview:-1"},"canonical":"https:\/\/www.voicebooking.com\/fr?page_id=158368","og_locale":"fr_FR","og_type":"article","og_title":"Voiceover Homepage FR","og_description":"Enregistrer un podcast ? Laissez Voicebooking vous aider. Des professionnels exp\u00e9riment\u00e9s pr\u00e9sents \u00e0 chaque \u00e9tape du processus. Tarifs \u00e0 partir de \u20ac150.","og_url":"https:\/\/www.voicebooking.com\/en?page_id=158368","og_site_name":"Voicebooking","article_publisher":"https:\/\/www.facebook.com\/Voicebookingcom\/","article_modified_time":"2023-08-14T08:14:48+00:00","twitter_card":"summary_large_image","schema":{"@context":"https:\/\/schema.org","@graph":[{"@type":"WebPage","@id":"https:\/\/www.voicebooking.com\/en?page_id=158368","url":"https:\/\/www.voicebooking.com\/en?page_id=158368","name":"Voiceover Homepage FR | Voicebooking","isPartOf":{"@id":"https:\/\/www.voicebooking.com\/nl\/#website"},"datePublished":"2023-07-26T11:15:59+00:00","dateModified":"2023-08-14T08:14:48+00:00","description":"Enregistrer un podcast ? Laissez Voicebooking vous aider. Des professionnels exp\u00e9riment\u00e9s pr\u00e9sents \u00e0 chaque \u00e9tape du processus. Tarifs \u00e0 partir de \u20ac150.","breadcrumb":{"@id":"https:\/\/www.voicebooking.com\/en?page_id=158368#breadcrumb"},"inLanguage":"fr-FR","potentialAction":[{"@type":"ReadAction","target":["https:\/\/www.voicebooking.com\/en?page_id=158368"]}]},{"@type":"BreadcrumbList","@id":"https:\/\/www.voicebooking.com\/en?page_id=158368#breadcrumb","itemListElement":[{"@type":"ListItem","position":1,"name":"Home","item":"https:\/\/www.voicebooking.com\/fr"},{"@type":"ListItem","position":2,"name":"Voiceover Homepage FR"}]},{"@type":"WebSite","@id":"https:\/\/www.voicebooking.com\/nl\/#website","url":"https:\/\/www.voicebooking.com\/nl\/","name":"Voicebooking","description":"The world&#039;s fastest working voice talents - ready to record","publisher":{"@id":"https:\/\/www.voicebooking.com\/nl\/#organization"},"potentialAction":[{"@type":"SearchAction","target":{"@type":"EntryPoint","urlTemplate":"https:\/\/www.voicebooking.com\/nl\/?s={search_term_string}"},"query-input":{"@type":"PropertyValueSpecification","valueRequired":true,"valueName":"search_term_string"}}],"inLanguage":"fr-FR"},{"@type":"Organization","@id":"https:\/\/www.voicebooking.com\/nl\/#organization","name":"Voicebooking.com","url":"https:\/\/www.voicebooking.com\/nl\/","logo":{"@type":"ImageObject","inLanguage":"fr-FR","@id":"https:\/\/www.voicebooking.com\/nl\/#\/schema\/logo\/image\/","url":"https:\/\/www.voicebooking.com\/app\/uploads\/VB-logo-horn.jpg","contentUrl":"https:\/\/www.voicebooking.com\/app\/uploads\/VB-logo-horn.jpg","width":1080,"height":1080,"caption":"Voicebooking.com"},"image":{"@id":"https:\/\/www.voicebooking.com\/nl\/#\/schema\/logo\/image\/"},"sameAs":["https:\/\/www.facebook.com\/Voicebookingcom\/","https:\/\/www.instagram.com\/voicebooking_com\/","https:\/\/www.linkedin.com\/company\/www-voicebooking-com\/","https:\/\/www.youtube.com\/c\/Voicebookingcom"],"email":"support@voicebooking.com","telephone":"+31 (0)20 - 77 47 323"}]}},"_links":{"self":[{"href":"https:\/\/www.voicebooking.com\/fr\/wp-json\/wp\/v2\/pages\/158369","targetHints":{"allow":["GET"]}}],"collection":[{"href":"https:\/\/www.voicebooking.com\/fr\/wp-json\/wp\/v2\/pages"}],"about":[{"href":"https:\/\/www.voicebooking.com\/fr\/wp-json\/wp\/v2\/types\/page"}],"author":[{"embeddable":true,"href":"https:\/\/www.voicebooking.com\/fr\/wp-json\/wp\/v2\/users\/3"}],"replies":[{"embeddable":true,"href":"https:\/\/www.voicebooking.com\/fr\/wp-json\/wp\/v2\/comments?post=158369"}],"version-history":[{"count":0,"href":"https:\/\/www.voicebooking.com\/fr\/wp-json\/wp\/v2\/pages\/158369\/revisions"}],"wp:attachment":[{"href":"https:\/\/www.voicebooking.com\/fr\/wp-json\/wp\/v2\/media?parent=158369"}],"curies":[{"name":"wp","href":"https:\/\/api.w.org\/{rel}","templated":true}]}}