{"id":22732,"date":"2021-03-01T11:36:25","date_gmt":"2021-03-01T09:36:25","guid":{"rendered":"https:\/\/www.voicebooking.com\/?page_id=22732"},"modified":"2024-04-22T12:12:59","modified_gmt":"2024-04-22T10:12:59","slug":"studio-d-enregistrement-a-amsterdam","status":"publish","type":"page","link":"https:\/\/www.voicebooking.com\/fr\/studio-d-enregistrement-a-amsterdam","title":{"rendered":"Studio d&#8217;enregistrement \u00e0 Amsterdam"},"content":{"rendered":"","protected":false},"excerpt":{"rendered":"","protected":false},"author":3,"featured_media":0,"parent":0,"menu_order":0,"comment_status":"closed","ping_status":"closed","template":"","meta":{"_acf_changed":false,"footnotes":""},"class_list":["post-22732","page","type-page","status-publish","hentry"],"acf":[],"yoast_head":"<!-- This site is optimized with the Yoast SEO Premium plugin v23.4 (Yoast SEO v27.3) - https:\/\/yoast.com\/product\/yoast-seo-premium-wordpress\/ -->\n<title>Besoin d&#039;un studio d&#039;enregistrement? | Voicebooking<\/title>\n<meta name=\"description\" content=\"Louez facilement, rapidement et sans tracas \u2713 Pour tous vos projets de voix \u2713 Comprend un ing\u00e9nieur du son exp\u00e9riment\u00e9\" \/>\n<meta name=\"robots\" content=\"index, follow, max-snippet:-1, max-image-preview:large, max-video-preview:-1\" \/>\n<link rel=\"canonical\" href=\"https:\/\/www.voicebooking.com\/fr\/recording-studio-amsterdam\" \/>\n<meta property=\"og:locale\" content=\"fr_FR\" \/>\n<meta property=\"og:type\" content=\"article\" \/>\n<meta property=\"og:title\" content=\"Studio d&#039;enregistrement \u00e0 Amsterdam\" \/>\n<meta property=\"og:description\" content=\"Louez facilement, rapidement et sans tracas \u2713 Pour tous vos projets de voix \u2713 Comprend un ing\u00e9nieur du son exp\u00e9riment\u00e9\" \/>\n<meta property=\"og:url\" content=\"https:\/\/www.voicebooking.com\/en\/recording-studio-amsterdam\" \/>\n<meta property=\"og:site_name\" content=\"Voicebooking\" \/>\n<meta property=\"article:publisher\" content=\"https:\/\/www.facebook.com\/Voicebookingcom\/\" \/>\n<meta property=\"article:modified_time\" content=\"2024-04-22T10:12:59+00:00\" \/>\n<meta name=\"twitter:card\" content=\"summary_large_image\" \/>\n<script type=\"application\/ld+json\" class=\"yoast-schema-graph\">{\"@context\":\"https:\\\/\\\/schema.org\",\"@graph\":[{\"@type\":\"WebPage\",\"@id\":\"https:\\\/\\\/www.voicebooking.com\\\/en\\\/recording-studio-amsterdam\",\"url\":\"https:\\\/\\\/www.voicebooking.com\\\/en\\\/recording-studio-amsterdam\",\"name\":\"Besoin d'un studio d'enregistrement? | Voicebooking\",\"isPartOf\":{\"@id\":\"https:\\\/\\\/www.voicebooking.com\\\/nl\\\/#website\"},\"datePublished\":\"2021-03-01T09:36:25+00:00\",\"dateModified\":\"2024-04-22T10:12:59+00:00\",\"description\":\"Louez facilement, rapidement et sans tracas \u2713 Pour tous vos projets de voix \u2713 Comprend un ing\u00e9nieur du son exp\u00e9riment\u00e9\",\"breadcrumb\":{\"@id\":\"https:\\\/\\\/www.voicebooking.com\\\/en\\\/recording-studio-amsterdam#breadcrumb\"},\"inLanguage\":\"fr-FR\",\"potentialAction\":[{\"@type\":\"ReadAction\",\"target\":[\"https:\\\/\\\/www.voicebooking.com\\\/en\\\/recording-studio-amsterdam\"]}]},{\"@type\":\"BreadcrumbList\",\"@id\":\"https:\\\/\\\/www.voicebooking.com\\\/en\\\/recording-studio-amsterdam#breadcrumb\",\"itemListElement\":[{\"@type\":\"ListItem\",\"position\":1,\"name\":\"Home\",\"item\":\"https:\\\/\\\/www.voicebooking.com\\\/fr\"},{\"@type\":\"ListItem\",\"position\":2,\"name\":\"Studio d&#8217;enregistrement \u00e0 Amsterdam\"}]},{\"@type\":\"WebSite\",\"@id\":\"https:\\\/\\\/www.voicebooking.com\\\/nl\\\/#website\",\"url\":\"https:\\\/\\\/www.voicebooking.com\\\/nl\\\/\",\"name\":\"Voicebooking\",\"description\":\"The world&#039;s fastest working voice talents - ready to record\",\"publisher\":{\"@id\":\"https:\\\/\\\/www.voicebooking.com\\\/nl\\\/#organization\"},\"potentialAction\":[{\"@type\":\"SearchAction\",\"target\":{\"@type\":\"EntryPoint\",\"urlTemplate\":\"https:\\\/\\\/www.voicebooking.com\\\/nl\\\/?s={search_term_string}\"},\"query-input\":{\"@type\":\"PropertyValueSpecification\",\"valueRequired\":true,\"valueName\":\"search_term_string\"}}],\"inLanguage\":\"fr-FR\"},{\"@type\":\"Organization\",\"@id\":\"https:\\\/\\\/www.voicebooking.com\\\/nl\\\/#organization\",\"name\":\"Voicebooking.com\",\"url\":\"https:\\\/\\\/www.voicebooking.com\\\/nl\\\/\",\"logo\":{\"@type\":\"ImageObject\",\"inLanguage\":\"fr-FR\",\"@id\":\"https:\\\/\\\/www.voicebooking.com\\\/nl\\\/#\\\/schema\\\/logo\\\/image\\\/\",\"url\":\"https:\\\/\\\/www.voicebooking.com\\\/app\\\/uploads\\\/VB-logo-horn.jpg\",\"contentUrl\":\"https:\\\/\\\/www.voicebooking.com\\\/app\\\/uploads\\\/VB-logo-horn.jpg\",\"width\":1080,\"height\":1080,\"caption\":\"Voicebooking.com\"},\"image\":{\"@id\":\"https:\\\/\\\/www.voicebooking.com\\\/nl\\\/#\\\/schema\\\/logo\\\/image\\\/\"},\"sameAs\":[\"https:\\\/\\\/www.facebook.com\\\/Voicebookingcom\\\/\",\"https:\\\/\\\/www.instagram.com\\\/voicebooking_com\\\/\",\"https:\\\/\\\/www.linkedin.com\\\/company\\\/www-voicebooking-com\\\/\",\"https:\\\/\\\/www.youtube.com\\\/c\\\/Voicebookingcom\"],\"email\":\"support@voicebooking.com\",\"telephone\":\"+31 (0)20 - 77 47 323\"}]}<\/script>\n<!-- \/ Yoast SEO Premium plugin. -->","yoast_head_json":{"title":"Besoin d'un studio d'enregistrement? | Voicebooking","description":"Louez facilement, rapidement et sans tracas \u2713 Pour tous vos projets de voix \u2713 Comprend un ing\u00e9nieur du son exp\u00e9riment\u00e9","robots":{"index":"index","follow":"follow","max-snippet":"max-snippet:-1","max-image-preview":"max-image-preview:large","max-video-preview":"max-video-preview:-1"},"canonical":"https:\/\/www.voicebooking.com\/fr\/recording-studio-amsterdam","og_locale":"fr_FR","og_type":"article","og_title":"Studio d'enregistrement \u00e0 Amsterdam","og_description":"Louez facilement, rapidement et sans tracas \u2713 Pour tous vos projets de voix \u2713 Comprend un ing\u00e9nieur du son exp\u00e9riment\u00e9","og_url":"https:\/\/www.voicebooking.com\/en\/recording-studio-amsterdam","og_site_name":"Voicebooking","article_publisher":"https:\/\/www.facebook.com\/Voicebookingcom\/","article_modified_time":"2024-04-22T10:12:59+00:00","twitter_card":"summary_large_image","schema":{"@context":"https:\/\/schema.org","@graph":[{"@type":"WebPage","@id":"https:\/\/www.voicebooking.com\/en\/recording-studio-amsterdam","url":"https:\/\/www.voicebooking.com\/en\/recording-studio-amsterdam","name":"Besoin d'un studio d'enregistrement? | Voicebooking","isPartOf":{"@id":"https:\/\/www.voicebooking.com\/nl\/#website"},"datePublished":"2021-03-01T09:36:25+00:00","dateModified":"2024-04-22T10:12:59+00:00","description":"Louez facilement, rapidement et sans tracas \u2713 Pour tous vos projets de voix \u2713 Comprend un ing\u00e9nieur du son exp\u00e9riment\u00e9","breadcrumb":{"@id":"https:\/\/www.voicebooking.com\/en\/recording-studio-amsterdam#breadcrumb"},"inLanguage":"fr-FR","potentialAction":[{"@type":"ReadAction","target":["https:\/\/www.voicebooking.com\/en\/recording-studio-amsterdam"]}]},{"@type":"BreadcrumbList","@id":"https:\/\/www.voicebooking.com\/en\/recording-studio-amsterdam#breadcrumb","itemListElement":[{"@type":"ListItem","position":1,"name":"Home","item":"https:\/\/www.voicebooking.com\/fr"},{"@type":"ListItem","position":2,"name":"Studio d&#8217;enregistrement \u00e0 Amsterdam"}]},{"@type":"WebSite","@id":"https:\/\/www.voicebooking.com\/nl\/#website","url":"https:\/\/www.voicebooking.com\/nl\/","name":"Voicebooking","description":"The world&#039;s fastest working voice talents - ready to record","publisher":{"@id":"https:\/\/www.voicebooking.com\/nl\/#organization"},"potentialAction":[{"@type":"SearchAction","target":{"@type":"EntryPoint","urlTemplate":"https:\/\/www.voicebooking.com\/nl\/?s={search_term_string}"},"query-input":{"@type":"PropertyValueSpecification","valueRequired":true,"valueName":"search_term_string"}}],"inLanguage":"fr-FR"},{"@type":"Organization","@id":"https:\/\/www.voicebooking.com\/nl\/#organization","name":"Voicebooking.com","url":"https:\/\/www.voicebooking.com\/nl\/","logo":{"@type":"ImageObject","inLanguage":"fr-FR","@id":"https:\/\/www.voicebooking.com\/nl\/#\/schema\/logo\/image\/","url":"https:\/\/www.voicebooking.com\/app\/uploads\/VB-logo-horn.jpg","contentUrl":"https:\/\/www.voicebooking.com\/app\/uploads\/VB-logo-horn.jpg","width":1080,"height":1080,"caption":"Voicebooking.com"},"image":{"@id":"https:\/\/www.voicebooking.com\/nl\/#\/schema\/logo\/image\/"},"sameAs":["https:\/\/www.facebook.com\/Voicebookingcom\/","https:\/\/www.instagram.com\/voicebooking_com\/","https:\/\/www.linkedin.com\/company\/www-voicebooking-com\/","https:\/\/www.youtube.com\/c\/Voicebookingcom"],"email":"support@voicebooking.com","telephone":"+31 (0)20 - 77 47 323"}]}},"_links":{"self":[{"href":"https:\/\/www.voicebooking.com\/fr\/wp-json\/wp\/v2\/pages\/22732","targetHints":{"allow":["GET"]}}],"collection":[{"href":"https:\/\/www.voicebooking.com\/fr\/wp-json\/wp\/v2\/pages"}],"about":[{"href":"https:\/\/www.voicebooking.com\/fr\/wp-json\/wp\/v2\/types\/page"}],"author":[{"embeddable":true,"href":"https:\/\/www.voicebooking.com\/fr\/wp-json\/wp\/v2\/users\/3"}],"replies":[{"embeddable":true,"href":"https:\/\/www.voicebooking.com\/fr\/wp-json\/wp\/v2\/comments?post=22732"}],"version-history":[{"count":0,"href":"https:\/\/www.voicebooking.com\/fr\/wp-json\/wp\/v2\/pages\/22732\/revisions"}],"wp:attachment":[{"href":"https:\/\/www.voicebooking.com\/fr\/wp-json\/wp\/v2\/media?parent=22732"}],"curies":[{"name":"wp","href":"https:\/\/api.w.org\/{rel}","templated":true}]}}