{"id":22869,"date":"2021-02-26T16:14:27","date_gmt":"2021-02-26T14:14:27","guid":{"rendered":"https:\/\/www.voicebooking.com\/?page_id=22869"},"modified":"2021-06-10T14:45:31","modified_gmt":"2021-06-10T12:45:31","slug":"emplois-acteurs-voix","status":"publish","type":"page","link":"https:\/\/www.voicebooking.com\/fr\/emplois-acteurs-voix","title":{"rendered":"Emplois pour acteurs voix"},"content":{"rendered":"\n<div class=\"wp-block-vb-blocks-cta-block alignfull vb-cta-block is-style-intro-image\">\n<div class=\"wp-block-cover alignfull\" style=\"background-image:url(https:\/\/wp-staging.voicebooking.com\/app\/uploads\/banner-a-2.jpg);min-height:650px;aspect-ratio:unset;\"><div class=\"wp-block-cover__inner-container is-layout-flow wp-block-cover-is-layout-flow\">\n<h1 class=\"has-light-color has-text-color has-text-align-left wp-block-heading\">Comment trouver des emplois <br>d&#8217;acteurs voix<\/h1>\n\n\n\n<p class=\"has-text-color has-text-align-left has-light-color\">Commencez par le d\u00e9but<\/p>\n\n\n\n<div class=\"wp-block-button alignleft\"><a class=\"wp-block-button__link\" href=\"https:\/\/projectpages.voicebooking.com\/fr\/sinscrire\/voix-off\">AUDITION<\/a><\/div>\n<\/div><\/div>\n<\/div>\n\n\n\n<div class=\"wp-block-vb-blocks-cta-block alignfull vb-cta-block\">\n<div class=\"wp-block-cover alignfull has-light-background-color has-background-dim\"><div class=\"wp-block-cover__inner-container is-layout-flow wp-block-cover-is-layout-flow\">\n<h2 class=\"has-text-align-center wp-block-heading\">Par o\u00f9 commencer pour trouver des emplois d&#8217;acteurs voix ?<\/h2>\n\n\n\n<p class=\"has-text-align-center\">Als je overtuigd bent dat je een mooie stem hebt, en jezelf geschikt vindt om op verzoek in te spreken voor verschillende televisie- of radioprogramma\u2019s, dan kun je op zoek naar stemacteur vacatures of opdrachten om je talent vorm te gSi vous \u00eates convaincu d&#8217;avoir une belle voix, et pensez que vous pouvez parfaitement faire les voix off pour des \u00e9missions TV ou radio, vous pourriez \u00eatre int\u00e9ress\u00e9 par des emplois ou des missions pour perfectionner votre talent.<br><\/p>\n<\/div><\/div>\n<\/div>\n\n\n\n<div class=\"wp-block-vb-blocks-center-content-block alignfull vb-center-content-block\">\n<div class=\"wp-block-cover alignfull has-variety-background-color has-background-dim\"><div class=\"wp-block-cover__inner-container is-layout-flow wp-block-cover-is-layout-flow\">\n<h3 class=\"has-text-align-left wp-block-heading\">Les emplois de voix off ne sont pas si faciles \u00e0 d\u00e9nicher<\/h3>\n\n\n\n<p class=\"has-text-align-left\">Tout d&#8217;abord, il est important de savoir que c&#8217;est un peu comme le travail de mannequin. Vous pouvez aussi comparer cet univers \u00e0 celui du football ou de la publicit\u00e9 : vous devez \u00eatre capable de mettre votre talent \u00e0 profit. Les acteurs voix donnent souvent l&#8217;impression d&#8217;inventer un script en cours de route, alors qu&#8217;en r\u00e9alit\u00e9 ils ont un texte bien travaill\u00e9 sous les yeux. \u00ab Avoir simplement une belle voix ne vous m\u00e8nera gu\u00e8re loin en termes de missions \u2013 cela tient plut\u00f4t dans la fa\u00e7on de v\u00e9hiculer le message. Cela aide de pouvoir se retrouver dans la mission.<\/p>\n<\/div><\/div>\n<\/div>\n\n\n\n<div class=\"wp-block-vb-blocks-center-content-block alignfull vb-center-content-block\">\n<div class=\"wp-block-cover alignfull has-light-background-color has-background-dim\"><div class=\"wp-block-cover__inner-container is-layout-flow wp-block-cover-is-layout-flow\">\n<h3 class=\"has-text-align-left wp-block-heading\">L&#8217;entra\u00eenement est la cl\u00e9 du succ\u00e8s<\/h3>\n\n\n\n<p class=\"has-text-align-left\">La pratique est essentielle en termes de voix off &#8211; plus vous en faites, plus vous \u00eates dou\u00e9. Demandez \u00e0 cinq acteurs voix comment ils sont entr\u00e9s dans ce m\u00e9tier, et quatre sur cinq vous r\u00e9pondront que c&#8217;est arriv\u00e9 par hasard. Certains auront commenc\u00e9 dans une station radio locale, d&#8217;autres au th\u00e9\u00e2tre, alors que certains auront eu la chance de conna\u00eetre quelqu&#8217;un qui travaillait dans un studio d&#8217;enregistrement. Quand il s&#8217;agit de trouver des emplois d&#8217;acteurs voix, cela aide d&#8217;\u00eatre \u00ab le plus proche possible de la source \u00bb.<\/p>\n<\/div><\/div>\n<\/div>\n\n\n\n<div class=\"wp-block-vb-blocks-center-content-block alignfull vb-center-content-block\">\n<div class=\"wp-block-cover alignfull has-variety-background-color has-background-dim\"><div class=\"wp-block-cover__inner-container is-layout-flow wp-block-cover-is-layout-flow\">\n<h3 class=\"has-text-align-left wp-block-heading\">Voix grave versus voix claire<\/h3>\n\n\n\n<p class=\"has-text-align-left\">&nbsp;L&#8217;offre et la demande est un autre aspect important \u00e0 prendre en compte. Par exemple, il y a beaucoup moins de voix graves que de voix claires. En g\u00e9n\u00e9ral, on pr\u00e9f\u00e9rera quelqu&#8217;un avec une voix grave plut\u00f4t qu&#8217;une voix claire \u2013 peu importe \u00e0 quel point sa voix sonne bien. Cependant, que cela ne vous d\u00e9courage pas.<\/p>\n<\/div><\/div>\n<\/div>\n\n\n\n<div class=\"wp-block-vb-blocks-center-content-block alignfull vb-center-content-block\">\n<div class=\"wp-block-cover alignfull has-light-background-color has-background-dim\"><div class=\"wp-block-cover__inner-container is-layout-flow wp-block-cover-is-layout-flow\">\n<h3 class=\"has-text-align-left wp-block-heading\">Investissez en vous-m\u00eame<\/h3>\n\n\n\n<p class=\"has-text-align-left\">Cherchez quelqu&#8217;un qui croit en vous et vous autorise \u00e0 \u00e9chouer quelques fois. C&#8217;est important de commencer par investir dans soi-m\u00eame, pour gagner de l&#8217;exp\u00e9rience en faisant beaucoup de travail sans tout de suite facturer son plein tarif. Si vous avez vraiment du talent, ce sera votre meilleur investissement. Nous avons r\u00e9dig\u00e9 un article de blog int\u00e9ressant avec des conseils sur o\u00f9 commencer pour devenir un acteur voix.<\/p>\n<\/div><\/div>\n<\/div>\n\n\n\n<div class=\"wp-block-vb-blocks-center-content-block alignfull vb-center-content-block\">\n<div class=\"wp-block-cover alignfull has-variety-background-color has-background-dim\"><div class=\"wp-block-cover__inner-container is-layout-flow wp-block-cover-is-layout-flow\">\n<h3 class=\"has-text-align-left wp-block-heading\">Par o\u00f9 commencer ?<\/h3>\n\n\n\n<p class=\"has-text-align-left\">Laissez-vous \u00eatre coach\u00e9 et encadr\u00e9. Apr\u00e8s avoir suivi un cours, enregistrez une d\u00e9mo. Si vous n&#8217;avez pas encore votre propre mat\u00e9riel, vous pouvez enregistrer une d\u00e9mo avec des scripts \u00e0 partir de publicit\u00e9s existantes. Cette d\u00e9mo doit donner un bon aper\u00e7u de vos comp\u00e9tences. Aussi \u00e9trange que cela puisse para\u00eetre : cela paye de se poser la question \u00ab En quoi suis-je le meilleur ? \u00bb Utilisez cet extrait comme un premier \u00e9chantillon dans votre d\u00e9mo.<\/p>\n<\/div><\/div>\n<\/div>\n\n\n\n<div class=\"wp-block-vb-blocks-cta-block alignfull vb-cta-block\">\n<div class=\"wp-block-cover alignfull has-light-background-color has-background-dim\"><div class=\"wp-block-cover__inner-container is-layout-flow wp-block-cover-is-layout-flow\">\n<h2 class=\"has-text-align-center wp-block-heading\">Vous voulez enregistrer une d\u00e9mo ou passer une audition ?<\/h2>\n\n\n\n<p class=\"has-text-align-center\">Si vous d\u00e9butez en tant qu&#8217;acteur voix, nous serons plus que ravis de vous aider. Vous avez d\u00e9j\u00e0 une d\u00e9mo ? Alors, signez avec Voicebooking et auditionnez pour nous. Vous n&#8217;avez pas encore de d\u00e9mo ? Nous pouvons en cr\u00e9er une pour vous dans notre studio pour 199 \u20ac. <a href=\"https:\/\/wp-staging.voicebooking.com\/fr\/contact\" class=\"ek-link\">Cliquez ici<\/a> pour obtenir plus d&#8217;informations.<\/p>\n\n\n\n<p><\/p>\n\n\n\n<div class=\"wp-block-button aligncenter\"><a class=\"wp-block-button__link\" href=\"https:\/\/projectpages.voicebooking.com\/fr\/sinscrire\/voix-off\">AUDITION<\/a><\/div>\n<\/div><\/div>\n<\/div>\n","protected":false},"excerpt":{"rendered":"","protected":false},"author":3,"featured_media":0,"parent":0,"menu_order":0,"comment_status":"closed","ping_status":"closed","template":"","meta":{"_acf_changed":false,"footnotes":""},"class_list":["post-22869","page","type-page","status-publish","hentry"],"acf":[],"yoast_head":"<!-- This site is optimized with the Yoast SEO Premium plugin v23.4 (Yoast SEO v27.2) - https:\/\/yoast.com\/product\/yoast-seo-premium-wordpress\/ -->\n<title>Emplois acteurs voix : trouvez-les chez Voicebooking | Voicebooking<\/title>\n<meta name=\"description\" content=\"Vous voulez devenir un acteur voix ? \u2713 C&#039;est possible chez Voicebooking \u2713 Voir le meilleur emploi d&#039;acteur voix \u2713 Rejoignez le club !\" \/>\n<meta name=\"robots\" content=\"index, follow, max-snippet:-1, max-image-preview:large, max-video-preview:-1\" \/>\n<link rel=\"canonical\" href=\"https:\/\/www.voicebooking.com\/fr\/voice-actor-jobs\" \/>\n<meta property=\"og:locale\" content=\"fr_FR\" \/>\n<meta property=\"og:type\" content=\"article\" \/>\n<meta property=\"og:title\" content=\"Emplois pour acteurs voix\" \/>\n<meta property=\"og:description\" content=\"Vous voulez devenir un acteur voix ? \u2713 C&#039;est possible chez Voicebooking \u2713 Voir le meilleur emploi d&#039;acteur voix \u2713 Rejoignez le club !\" \/>\n<meta property=\"og:url\" content=\"https:\/\/www.voicebooking.com\/en\/voice-actor-jobs\" \/>\n<meta property=\"og:site_name\" content=\"Voicebooking\" \/>\n<meta property=\"article:publisher\" content=\"https:\/\/www.facebook.com\/Voicebookingcom\/\" \/>\n<meta property=\"article:modified_time\" content=\"2021-06-10T12:45:31+00:00\" \/>\n<meta name=\"twitter:card\" content=\"summary_large_image\" \/>\n<meta name=\"twitter:label1\" content=\"Est. reading time\" \/>\n\t<meta name=\"twitter:data1\" content=\"3 minutes\" \/>\n<script type=\"application\/ld+json\" class=\"yoast-schema-graph\">{\"@context\":\"https:\/\/schema.org\",\"@graph\":[{\"@type\":\"WebPage\",\"@id\":\"https:\/\/www.voicebooking.com\/en\/voice-actor-jobs\",\"url\":\"https:\/\/www.voicebooking.com\/en\/voice-actor-jobs\",\"name\":\"Emplois acteurs voix : trouvez-les chez Voicebooking | Voicebooking\",\"isPartOf\":{\"@id\":\"https:\/\/www.voicebooking.com\/nl\/#website\"},\"datePublished\":\"2021-02-26T14:14:27+00:00\",\"dateModified\":\"2021-06-10T12:45:31+00:00\",\"description\":\"Vous voulez devenir un acteur voix ? \u2713 C'est possible chez Voicebooking \u2713 Voir le meilleur emploi d'acteur voix \u2713 Rejoignez le club !\",\"breadcrumb\":{\"@id\":\"https:\/\/www.voicebooking.com\/en\/voice-actor-jobs#breadcrumb\"},\"inLanguage\":\"fr-FR\",\"potentialAction\":[{\"@type\":\"ReadAction\",\"target\":[\"https:\/\/www.voicebooking.com\/en\/voice-actor-jobs\"]}]},{\"@type\":\"BreadcrumbList\",\"@id\":\"https:\/\/www.voicebooking.com\/en\/voice-actor-jobs#breadcrumb\",\"itemListElement\":[{\"@type\":\"ListItem\",\"position\":1,\"name\":\"Home\",\"item\":\"https:\/\/www.voicebooking.com\/fr\"},{\"@type\":\"ListItem\",\"position\":2,\"name\":\"Emplois pour acteurs voix\"}]},{\"@type\":\"WebSite\",\"@id\":\"https:\/\/www.voicebooking.com\/nl\/#website\",\"url\":\"https:\/\/www.voicebooking.com\/nl\/\",\"name\":\"Voicebooking\",\"description\":\"The world&#039;s fastest working voice talents - ready to record\",\"publisher\":{\"@id\":\"https:\/\/www.voicebooking.com\/nl\/#organization\"},\"potentialAction\":[{\"@type\":\"SearchAction\",\"target\":{\"@type\":\"EntryPoint\",\"urlTemplate\":\"https:\/\/www.voicebooking.com\/nl\/?s={search_term_string}\"},\"query-input\":{\"@type\":\"PropertyValueSpecification\",\"valueRequired\":true,\"valueName\":\"search_term_string\"}}],\"inLanguage\":\"fr-FR\"},{\"@type\":\"Organization\",\"@id\":\"https:\/\/www.voicebooking.com\/nl\/#organization\",\"name\":\"Voicebooking.com\",\"url\":\"https:\/\/www.voicebooking.com\/nl\/\",\"logo\":{\"@type\":\"ImageObject\",\"inLanguage\":\"fr-FR\",\"@id\":\"https:\/\/www.voicebooking.com\/nl\/#\/schema\/logo\/image\/\",\"url\":\"https:\/\/www.voicebooking.com\/app\/uploads\/VB-logo-horn.jpg\",\"contentUrl\":\"https:\/\/www.voicebooking.com\/app\/uploads\/VB-logo-horn.jpg\",\"width\":1080,\"height\":1080,\"caption\":\"Voicebooking.com\"},\"image\":{\"@id\":\"https:\/\/www.voicebooking.com\/nl\/#\/schema\/logo\/image\/\"},\"sameAs\":[\"https:\/\/www.facebook.com\/Voicebookingcom\/\",\"https:\/\/www.instagram.com\/voicebooking_com\/\",\"https:\/\/www.linkedin.com\/company\/www-voicebooking-com\/\",\"https:\/\/www.youtube.com\/c\/Voicebookingcom\"],\"email\":\"support@voicebooking.com\",\"telephone\":\"+31 (0)20 - 77 47 323\"}]}<\/script>\n<!-- \/ Yoast SEO Premium plugin. -->","yoast_head_json":{"title":"Emplois acteurs voix : trouvez-les chez Voicebooking | Voicebooking","description":"Vous voulez devenir un acteur voix ? \u2713 C'est possible chez Voicebooking \u2713 Voir le meilleur emploi d'acteur voix \u2713 Rejoignez le club !","robots":{"index":"index","follow":"follow","max-snippet":"max-snippet:-1","max-image-preview":"max-image-preview:large","max-video-preview":"max-video-preview:-1"},"canonical":"https:\/\/www.voicebooking.com\/fr\/voice-actor-jobs","og_locale":"fr_FR","og_type":"article","og_title":"Emplois pour acteurs voix","og_description":"Vous voulez devenir un acteur voix ? \u2713 C'est possible chez Voicebooking \u2713 Voir le meilleur emploi d'acteur voix \u2713 Rejoignez le club !","og_url":"https:\/\/www.voicebooking.com\/en\/voice-actor-jobs","og_site_name":"Voicebooking","article_publisher":"https:\/\/www.facebook.com\/Voicebookingcom\/","article_modified_time":"2021-06-10T12:45:31+00:00","twitter_card":"summary_large_image","twitter_misc":{"Est. reading time":"3 minutes"},"schema":{"@context":"https:\/\/schema.org","@graph":[{"@type":"WebPage","@id":"https:\/\/www.voicebooking.com\/en\/voice-actor-jobs","url":"https:\/\/www.voicebooking.com\/en\/voice-actor-jobs","name":"Emplois acteurs voix : trouvez-les chez Voicebooking | Voicebooking","isPartOf":{"@id":"https:\/\/www.voicebooking.com\/nl\/#website"},"datePublished":"2021-02-26T14:14:27+00:00","dateModified":"2021-06-10T12:45:31+00:00","description":"Vous voulez devenir un acteur voix ? \u2713 C'est possible chez Voicebooking \u2713 Voir le meilleur emploi d'acteur voix \u2713 Rejoignez le club !","breadcrumb":{"@id":"https:\/\/www.voicebooking.com\/en\/voice-actor-jobs#breadcrumb"},"inLanguage":"fr-FR","potentialAction":[{"@type":"ReadAction","target":["https:\/\/www.voicebooking.com\/en\/voice-actor-jobs"]}]},{"@type":"BreadcrumbList","@id":"https:\/\/www.voicebooking.com\/en\/voice-actor-jobs#breadcrumb","itemListElement":[{"@type":"ListItem","position":1,"name":"Home","item":"https:\/\/www.voicebooking.com\/fr"},{"@type":"ListItem","position":2,"name":"Emplois pour acteurs voix"}]},{"@type":"WebSite","@id":"https:\/\/www.voicebooking.com\/nl\/#website","url":"https:\/\/www.voicebooking.com\/nl\/","name":"Voicebooking","description":"The world&#039;s fastest working voice talents - ready to record","publisher":{"@id":"https:\/\/www.voicebooking.com\/nl\/#organization"},"potentialAction":[{"@type":"SearchAction","target":{"@type":"EntryPoint","urlTemplate":"https:\/\/www.voicebooking.com\/nl\/?s={search_term_string}"},"query-input":{"@type":"PropertyValueSpecification","valueRequired":true,"valueName":"search_term_string"}}],"inLanguage":"fr-FR"},{"@type":"Organization","@id":"https:\/\/www.voicebooking.com\/nl\/#organization","name":"Voicebooking.com","url":"https:\/\/www.voicebooking.com\/nl\/","logo":{"@type":"ImageObject","inLanguage":"fr-FR","@id":"https:\/\/www.voicebooking.com\/nl\/#\/schema\/logo\/image\/","url":"https:\/\/www.voicebooking.com\/app\/uploads\/VB-logo-horn.jpg","contentUrl":"https:\/\/www.voicebooking.com\/app\/uploads\/VB-logo-horn.jpg","width":1080,"height":1080,"caption":"Voicebooking.com"},"image":{"@id":"https:\/\/www.voicebooking.com\/nl\/#\/schema\/logo\/image\/"},"sameAs":["https:\/\/www.facebook.com\/Voicebookingcom\/","https:\/\/www.instagram.com\/voicebooking_com\/","https:\/\/www.linkedin.com\/company\/www-voicebooking-com\/","https:\/\/www.youtube.com\/c\/Voicebookingcom"],"email":"support@voicebooking.com","telephone":"+31 (0)20 - 77 47 323"}]}},"_links":{"self":[{"href":"https:\/\/www.voicebooking.com\/fr\/wp-json\/wp\/v2\/pages\/22869","targetHints":{"allow":["GET"]}}],"collection":[{"href":"https:\/\/www.voicebooking.com\/fr\/wp-json\/wp\/v2\/pages"}],"about":[{"href":"https:\/\/www.voicebooking.com\/fr\/wp-json\/wp\/v2\/types\/page"}],"author":[{"embeddable":true,"href":"https:\/\/www.voicebooking.com\/fr\/wp-json\/wp\/v2\/users\/3"}],"replies":[{"embeddable":true,"href":"https:\/\/www.voicebooking.com\/fr\/wp-json\/wp\/v2\/comments?post=22869"}],"version-history":[{"count":0,"href":"https:\/\/www.voicebooking.com\/fr\/wp-json\/wp\/v2\/pages\/22869\/revisions"}],"wp:attachment":[{"href":"https:\/\/www.voicebooking.com\/fr\/wp-json\/wp\/v2\/media?parent=22869"}],"curies":[{"name":"wp","href":"https:\/\/api.w.org\/{rel}","templated":true}]}}