{"id":23053,"date":"2021-03-02T16:34:55","date_gmt":"2021-03-02T14:34:55","guid":{"rendered":"https:\/\/www.voicebooking.com\/?page_id=23053"},"modified":"2024-04-22T13:46:52","modified_gmt":"2024-04-22T11:46:52","slug":"faire-une-publicite","status":"publish","type":"page","link":"https:\/\/www.voicebooking.com\/fr\/faire-une-publicite","title":{"rendered":"Produire une publicit\u00e9"},"content":{"rendered":"\r\n<div class=\"wp-block-vb-blocks-cta-block alignfull vb-cta-block\">\r\n<div class=\"wp-block-cover alignfull\" style=\"background-image: url(&apos;https:\/\/wp-staging.voicebooking.com\/app\/uploads\/banner-a-2.jpg&apos;); background-position: 45% 56%; min-height: 650px;aspect-ratio:unset;\">\r\n<div class=\"wp-block-cover__inner-container is-layout-flow wp-block-cover-is-layout-flow\">\r\n<h1 class=\"has-light-color has-text-color has-text-align-left wp-block-heading\">Faites une publicit\u00e9 \u2013 rapidement, <br \/>facilement et de fa\u00e7on abordable<\/h1>\r\n\r\n\r\n\r\n<p class=\"has-text-color has-text-align-left has-light-color\">Nos acteurs voix livrent en un jour ouvr\u00e9. En plus, nous pouvons prendre en <br \/>charge la production de votre contenu audio. Des voix off au mixage audio.<\/p>\r\n<\/div>\r\n<\/div>\r\n<\/div>\r\n\r\n\r\n\r\n<div class=\"wp-block-vb-blocks-cta-block alignfull vb-cta-block\">\r\n<div class=\"wp-block-cover alignfull has-light-background-color has-background-dim\">\r\n<div class=\"wp-block-cover__inner-container is-layout-flow wp-block-cover-is-layout-flow\">\r\n<h2 class=\"wp-block-heading\">Vous pouvez l&#8217;arranger en ligne<\/h2>\r\n\r\n\r\n\r\n<p>Si vous voulez faire une publicit\u00e9, vous pouvez tout arranger en ligne \u2013 aucun studio est n\u00e9cessaire. \u00a0Le mixage audio peut \u00eatre arrang\u00e9e en interne, d&#8217;un seul clic, tandis que vous \u00e9coutez et dirigez confortablement install\u00e9 dans votre fauteuil. Cela signifie que vous n&#8217;avez m\u00eame pas besoin de sortir de chez vous.<\/p>\r\n<\/div>\r\n<\/div>\r\n<\/div>\r\n\r\n\r\n\r\n<div class=\"wp-block-vb-blocks-text-image-block alignfull vb-text-image-block\">\r\n<div class=\"wp-block-cover alignfull has-variety-background-color has-background-dim\">\r\n<div class=\"wp-block-cover__inner-container is-layout-flow wp-block-cover-is-layout-flow\">\r\n<div class=\"wp-block-media-text is-stacked-on-mobile is-style-image-500\">\r\n<figure class=\"wp-block-media-text__media\"><img loading=\"lazy\" decoding=\"async\" width=\"571\" height=\"493\" class=\"wp-image-1078\" src=\"https:\/\/wp-staging.voicebooking.com\/app\/uploads\/2020\/06\/variety-select-fr-2.jpg\" alt=\"service complet sur notre plateforme audio\" srcset=\"https:\/\/www.voicebooking.com\/app\/uploads\/2020\/06\/variety-select-fr-2.jpg 571w, https:\/\/www.voicebooking.com\/app\/uploads\/2020\/06\/variety-select-fr-2-300x259.jpg 300w\" sizes=\"auto, (max-width: 571px) 100vw, 571px\" \/><\/figure>\r\n<div class=\"wp-block-media-text__content\">\r\n<h3 class=\"has-text-align-left wp-block-heading\">Plus rapide, plus facile et plus abordable<\/h3>\r\n\r\n\r\n\r\n<p class=\"has-text-align-left\">Tout change, y compris les fa\u00e7ons de faire une publicit\u00e9. Cela peut \u00eatre fait plus vite, plus facilement et surtout \u2013 de fa\u00e7on moins on\u00e9reuse. \u00c0 travers notre plateforme en ligne, nous sommes g\u00e9n\u00e9ralement capable de livrer encore plus vite que les studios classiques. Nous offrons un service audio complet ! Cela signifie que nous sommes bien partis pour devenir l&#8217;agence de voix off num\u00e9ro 1.<br \/><br \/><\/p>\r\n<\/div>\r\n<\/div>\r\n<\/div>\r\n<\/div>\r\n<\/div>\r\n\r\n\r\n\r\n<div class=\"wp-block-vb-blocks-text-image-block alignfull vb-text-image-block\">\r\n<div class=\"wp-block-cover alignfull has-light-background-color has-background-dim\">\r\n<div class=\"wp-block-cover__inner-container is-layout-flow wp-block-cover-is-layout-flow\">\r\n<div class=\"wp-block-media-text has-media-on-the-right is-stacked-on-mobile is-style-image-500\">\r\n<figure class=\"wp-block-media-text__media\"><img loading=\"lazy\" decoding=\"async\" width=\"651\" height=\"366\" class=\"wp-image-18724\" src=\"https:\/\/wp-staging.voicebooking.com\/app\/uploads\/Voicebooking_Studio-1.jpg\" alt=\"studio d'enregistrement \u2013 faites partie du processus\" srcset=\"https:\/\/www.voicebooking.com\/app\/uploads\/Voicebooking_Studio-1.jpg 651w, https:\/\/www.voicebooking.com\/app\/uploads\/Voicebooking_Studio-1-300x169.jpg 300w\" sizes=\"auto, (max-width: 651px) 100vw, 651px\" \/><\/figure>\r\n<div class=\"wp-block-media-text__content\">\r\n<h3 class=\"has-text-align-left wp-block-heading\">Vos besoins sont au c\u0153ur de tout ce que nous faisons.<\/h3>\r\n\r\n\r\n\r\n<p class=\"has-text-align-left\">Que vous souhaitiez faire une publicit\u00e9 radio, TV ou pour une appli, chez Voicebooking nous travaillons avec des tarifs fixes. Nous comprenons que dans le secteur m\u00e9diatique actuel, la vitesse est primordiale pour veiller \u00e0 ce que votre publicit\u00e9 soit vite pr\u00eate \u00e0 \u00eatre diffus\u00e9e. Projet apr\u00e8s projet. Vos besoins sont au c\u0153ur de tout ce que nous faisons.<br \/><br \/><\/p>\r\n<\/div>\r\n<\/div>\r\n<\/div>\r\n<\/div>\r\n<\/div>\r\n\r\n\r\n\r\n<div class=\"wp-block-vb-blocks-text-image-block alignfull vb-text-image-block\">\r\n<div class=\"wp-block-cover alignfull has-variety-background-color has-background-dim\">\r\n<div class=\"wp-block-cover__inner-container is-layout-flow wp-block-cover-is-layout-flow\">\r\n<div class=\"wp-block-media-text is-stacked-on-mobile is-style-image-500\">\r\n<figure class=\"wp-block-media-text__media\"><img loading=\"lazy\" decoding=\"async\" width=\"1024\" height=\"827\" class=\"wp-image-22781\" src=\"https:\/\/wp-staging.voicebooking.com\/app\/uploads\/Briefing-PP-fr-1-1024x827.png\" alt=\"aper\u00e7u du briefing - plateforme orient\u00e9e vers la praticit\u00e9\" srcset=\"https:\/\/www.voicebooking.com\/app\/uploads\/Briefing-PP-fr-1-1024x827.png 1024w, https:\/\/www.voicebooking.com\/app\/uploads\/Briefing-PP-fr-1-300x242.png 300w, https:\/\/www.voicebooking.com\/app\/uploads\/Briefing-PP-fr-1-768x620.png 768w, https:\/\/www.voicebooking.com\/app\/uploads\/Briefing-PP-fr-1-1536x1240.png 1536w, https:\/\/www.voicebooking.com\/app\/uploads\/Briefing-PP-fr-1.png 1704w\" sizes=\"auto, (max-width: 1024px) 100vw, 1024px\" \/><\/figure>\r\n<div class=\"wp-block-media-text__content\">\r\n<h3 class=\"has-text-align-left wp-block-heading\">Venez d\u00e9couvrir la praticit\u00e9 de notre plateforme<\/h3>\r\n\r\n\r\n\r\n<p class=\"has-text-align-left\">De la r\u00e9servation d&#8217;un acteur voix jusqu&#8217;\u00e0 la version finale de votre production audio : tout peut \u00eatre fait en ligne. Notre processus a \u00e9t\u00e9 con\u00e7u avec la praticit\u00e9 \u00e0 l&#8217;esprit \u2013 Voicebooking simplifie les choses. Alors, pourquoi rendre les choses plus difficiles ?<br \/><br \/><\/p>\r\n<\/div>\r\n<\/div>\r\n<\/div>\r\n<\/div>\r\n<\/div>\r\n\r\n\r\n\r\n<div class=\"wp-block-vb-blocks-text-image-block alignfull vb-text-image-block\">\r\n<div class=\"wp-block-cover alignfull has-light-background-color has-background-dim\">\r\n<div class=\"wp-block-cover__inner-container is-layout-flow wp-block-cover-is-layout-flow\">\r\n<div class=\"wp-block-media-text has-media-on-the-right is-stacked-on-mobile is-style-image-500\">\r\n<figure class=\"wp-block-media-text__media\"><img loading=\"lazy\" decoding=\"async\" width=\"587\" height=\"394\" class=\"wp-image-18803\" src=\"https:\/\/wp-staging.voicebooking.com\/app\/uploads\/studio.jpg\" alt=\"faire une publicit\u00e9 - assistance\r\n\" srcset=\"https:\/\/www.voicebooking.com\/app\/uploads\/studio.jpg 587w, https:\/\/www.voicebooking.com\/app\/uploads\/studio-300x201.jpg 300w\" sizes=\"auto, (max-width: 587px) 100vw, 587px\" \/><\/figure>\r\n<div class=\"wp-block-media-text__content\">\r\n<h3 class=\"has-text-align-left wp-block-heading\">Nous sommes l\u00e0 pour vous aider<\/h3>\r\n\r\n\r\n\r\n<p class=\"has-text-align-left\">Qu&#8217;il s&#8217;agisse de la r\u00e9servation d&#8217;un acteur voix professionnel, l&#8217;enregistrement et le post-traitement audio, ou la production d&#8217;une publicit\u00e9, tout peut s&#8217;arranger facilement en ligne. Voir nos services audio ici. Vous avez des questions ? Notre \u00e9quipe d&#8217;assistance sera ravie de vous aider.<br \/><br \/><\/p>\r\n<\/div>\r\n<\/div>\r\n<\/div>\r\n<\/div>\r\n<\/div>\r\n\r\n\r\n\r\n<div class=\"wp-block-vb-blocks-cta-block alignfull vb-cta-block\">\r\n<div class=\"wp-block-cover alignfull has-variety-background-color has-background-dim\">\r\n<div class=\"wp-block-cover__inner-container is-layout-flow wp-block-cover-is-layout-flow\">\r\n<h3 class=\"has-text-align-center wp-block-heading\">Vous voulez faire une publicit\u00e9 ? Venez d\u00e9couvrir la praticit\u00e9 de Voicebooking<\/h3>\r\n\r\n\r\n\r\n<p class=\"has-text-align-center\">Vous voulez produire une publicit\u00e9 rapidement, facilement et de fa\u00e7on abordable ? Voicebooking peut prendre en charge votre projet et le mener \u00e0 bien du d\u00e9but jusqu&#8217;\u00e0 la fin &#8211; nous garantissons 100 % de satisfaction. D\u00e9couvrez \u00e0 quel point c&#8217;est facile et commencez ci-dessous.<\/p>\r\n\r\n\r\n\r\n<div class=\"wp-block-button\"><a class=\"wp-block-button__link\" href=\"https:\/\/wp-staging.voicebooking.com\/fr\/nos-comediens-voix-off\/voix-off-francais\">COMMENCER ICI<\/a><\/div>\r\n<\/div>\r\n<\/div>\r\n<\/div>\r\n","protected":false},"excerpt":{"rendered":"","protected":false},"author":3,"featured_media":0,"parent":0,"menu_order":0,"comment_status":"closed","ping_status":"closed","template":"","meta":{"_acf_changed":false,"footnotes":""},"class_list":["post-23053","page","type-page","status-publish","hentry"],"acf":[],"yoast_head":"<!-- This site is optimized with the Yoast SEO Premium plugin v23.4 (Yoast SEO v27.3) - https:\/\/yoast.com\/product\/yoast-seo-premium-wordpress\/ -->\n<title>Produisez votre publicit\u00e9 en ligne! | Voicebooking<\/title>\n<meta name=\"description\" content=\"Vous voulez faire une publicit\u00e9 ? \u2713 Arrangez-la rapidement, facilement et \u00e0 bas prix avec Voicebooking \u2713 Des professionnels exp\u00e9riment\u00e9s \u2713\" \/>\n<meta name=\"robots\" content=\"index, follow, max-snippet:-1, max-image-preview:large, max-video-preview:-1\" \/>\n<link rel=\"canonical\" href=\"https:\/\/www.voicebooking.com\/fr\/faire-une-publicite\" \/>\n<meta property=\"og:locale\" content=\"fr_FR\" \/>\n<meta property=\"og:type\" content=\"article\" \/>\n<meta property=\"og:title\" content=\"Produire une publicit\u00e9\" \/>\n<meta property=\"og:description\" content=\"Vous voulez faire une publicit\u00e9 ? \u2713 Arrangez-la rapidement, facilement et \u00e0 bas prix avec Voicebooking \u2713 Des professionnels exp\u00e9riment\u00e9s \u2713\" \/>\n<meta property=\"og:url\" content=\"https:\/\/www.voicebooking.com\/fr\/faire-une-publicite\" \/>\n<meta property=\"og:site_name\" content=\"Voicebooking\" \/>\n<meta property=\"article:publisher\" content=\"https:\/\/www.facebook.com\/Voicebookingcom\/\" \/>\n<meta property=\"article:modified_time\" content=\"2024-04-22T11:46:52+00:00\" \/>\n<meta property=\"og:image\" content=\"https:\/\/wp-staging.voicebooking.com\/app\/uploads\/2020\/06\/variety-select-fr-2.jpg\" \/>\n<meta name=\"twitter:card\" content=\"summary_large_image\" \/>\n<meta name=\"twitter:label1\" content=\"Est. reading time\" \/>\n\t<meta name=\"twitter:data1\" content=\"3 minutes\" \/>\n<script type=\"application\/ld+json\" class=\"yoast-schema-graph\">{\"@context\":\"https:\\\/\\\/schema.org\",\"@graph\":[{\"@type\":\"WebPage\",\"@id\":\"https:\\\/\\\/www.voicebooking.com\\\/fr\\\/faire-une-publicite\",\"url\":\"https:\\\/\\\/www.voicebooking.com\\\/fr\\\/faire-une-publicite\",\"name\":\"Produisez votre publicit\u00e9 en ligne! | Voicebooking\",\"isPartOf\":{\"@id\":\"https:\\\/\\\/www.voicebooking.com\\\/nl\\\/#website\"},\"primaryImageOfPage\":{\"@id\":\"https:\\\/\\\/www.voicebooking.com\\\/fr\\\/faire-une-publicite#primaryimage\"},\"image\":{\"@id\":\"https:\\\/\\\/www.voicebooking.com\\\/fr\\\/faire-une-publicite#primaryimage\"},\"thumbnailUrl\":\"https:\\\/\\\/wp-staging.voicebooking.com\\\/app\\\/uploads\\\/2020\\\/06\\\/variety-select-fr-2.jpg\",\"datePublished\":\"2021-03-02T14:34:55+00:00\",\"dateModified\":\"2024-04-22T11:46:52+00:00\",\"description\":\"Vous voulez faire une publicit\u00e9 ? \u2713 Arrangez-la rapidement, facilement et \u00e0 bas prix avec Voicebooking \u2713 Des professionnels exp\u00e9riment\u00e9s \u2713\",\"breadcrumb\":{\"@id\":\"https:\\\/\\\/www.voicebooking.com\\\/fr\\\/faire-une-publicite#breadcrumb\"},\"inLanguage\":\"fr-FR\",\"potentialAction\":[{\"@type\":\"ReadAction\",\"target\":[\"https:\\\/\\\/www.voicebooking.com\\\/fr\\\/faire-une-publicite\"]}]},{\"@type\":\"ImageObject\",\"inLanguage\":\"fr-FR\",\"@id\":\"https:\\\/\\\/www.voicebooking.com\\\/fr\\\/faire-une-publicite#primaryimage\",\"url\":\"https:\\\/\\\/wp-staging.voicebooking.com\\\/app\\\/uploads\\\/2020\\\/06\\\/variety-select-fr-2.jpg\",\"contentUrl\":\"https:\\\/\\\/wp-staging.voicebooking.com\\\/app\\\/uploads\\\/2020\\\/06\\\/variety-select-fr-2.jpg\"},{\"@type\":\"BreadcrumbList\",\"@id\":\"https:\\\/\\\/www.voicebooking.com\\\/fr\\\/faire-une-publicite#breadcrumb\",\"itemListElement\":[{\"@type\":\"ListItem\",\"position\":1,\"name\":\"Home\",\"item\":\"https:\\\/\\\/www.voicebooking.com\\\/fr\"},{\"@type\":\"ListItem\",\"position\":2,\"name\":\"Produire une publicit\u00e9\"}]},{\"@type\":\"WebSite\",\"@id\":\"https:\\\/\\\/www.voicebooking.com\\\/nl\\\/#website\",\"url\":\"https:\\\/\\\/www.voicebooking.com\\\/nl\\\/\",\"name\":\"Voicebooking\",\"description\":\"The world&#039;s fastest working voice talents - ready to record\",\"publisher\":{\"@id\":\"https:\\\/\\\/www.voicebooking.com\\\/nl\\\/#organization\"},\"potentialAction\":[{\"@type\":\"SearchAction\",\"target\":{\"@type\":\"EntryPoint\",\"urlTemplate\":\"https:\\\/\\\/www.voicebooking.com\\\/nl\\\/?s={search_term_string}\"},\"query-input\":{\"@type\":\"PropertyValueSpecification\",\"valueRequired\":true,\"valueName\":\"search_term_string\"}}],\"inLanguage\":\"fr-FR\"},{\"@type\":\"Organization\",\"@id\":\"https:\\\/\\\/www.voicebooking.com\\\/nl\\\/#organization\",\"name\":\"Voicebooking.com\",\"url\":\"https:\\\/\\\/www.voicebooking.com\\\/nl\\\/\",\"logo\":{\"@type\":\"ImageObject\",\"inLanguage\":\"fr-FR\",\"@id\":\"https:\\\/\\\/www.voicebooking.com\\\/nl\\\/#\\\/schema\\\/logo\\\/image\\\/\",\"url\":\"https:\\\/\\\/www.voicebooking.com\\\/app\\\/uploads\\\/VB-logo-horn.jpg\",\"contentUrl\":\"https:\\\/\\\/www.voicebooking.com\\\/app\\\/uploads\\\/VB-logo-horn.jpg\",\"width\":1080,\"height\":1080,\"caption\":\"Voicebooking.com\"},\"image\":{\"@id\":\"https:\\\/\\\/www.voicebooking.com\\\/nl\\\/#\\\/schema\\\/logo\\\/image\\\/\"},\"sameAs\":[\"https:\\\/\\\/www.facebook.com\\\/Voicebookingcom\\\/\",\"https:\\\/\\\/www.instagram.com\\\/voicebooking_com\\\/\",\"https:\\\/\\\/www.linkedin.com\\\/company\\\/www-voicebooking-com\\\/\",\"https:\\\/\\\/www.youtube.com\\\/c\\\/Voicebookingcom\"],\"email\":\"support@voicebooking.com\",\"telephone\":\"+31 (0)20 - 77 47 323\"}]}<\/script>\n<!-- \/ Yoast SEO Premium plugin. -->","yoast_head_json":{"title":"Produisez votre publicit\u00e9 en ligne! | Voicebooking","description":"Vous voulez faire une publicit\u00e9 ? \u2713 Arrangez-la rapidement, facilement et \u00e0 bas prix avec Voicebooking \u2713 Des professionnels exp\u00e9riment\u00e9s \u2713","robots":{"index":"index","follow":"follow","max-snippet":"max-snippet:-1","max-image-preview":"max-image-preview:large","max-video-preview":"max-video-preview:-1"},"canonical":"https:\/\/www.voicebooking.com\/fr\/faire-une-publicite","og_locale":"fr_FR","og_type":"article","og_title":"Produire une publicit\u00e9","og_description":"Vous voulez faire une publicit\u00e9 ? \u2713 Arrangez-la rapidement, facilement et \u00e0 bas prix avec Voicebooking \u2713 Des professionnels exp\u00e9riment\u00e9s \u2713","og_url":"https:\/\/www.voicebooking.com\/fr\/faire-une-publicite","og_site_name":"Voicebooking","article_publisher":"https:\/\/www.facebook.com\/Voicebookingcom\/","article_modified_time":"2024-04-22T11:46:52+00:00","og_image":[{"url":"https:\/\/wp-staging.voicebooking.com\/app\/uploads\/2020\/06\/variety-select-fr-2.jpg","type":"","width":"","height":""}],"twitter_card":"summary_large_image","twitter_misc":{"Est. reading time":"3 minutes"},"schema":{"@context":"https:\/\/schema.org","@graph":[{"@type":"WebPage","@id":"https:\/\/www.voicebooking.com\/fr\/faire-une-publicite","url":"https:\/\/www.voicebooking.com\/fr\/faire-une-publicite","name":"Produisez votre publicit\u00e9 en ligne! | Voicebooking","isPartOf":{"@id":"https:\/\/www.voicebooking.com\/nl\/#website"},"primaryImageOfPage":{"@id":"https:\/\/www.voicebooking.com\/fr\/faire-une-publicite#primaryimage"},"image":{"@id":"https:\/\/www.voicebooking.com\/fr\/faire-une-publicite#primaryimage"},"thumbnailUrl":"https:\/\/wp-staging.voicebooking.com\/app\/uploads\/2020\/06\/variety-select-fr-2.jpg","datePublished":"2021-03-02T14:34:55+00:00","dateModified":"2024-04-22T11:46:52+00:00","description":"Vous voulez faire une publicit\u00e9 ? \u2713 Arrangez-la rapidement, facilement et \u00e0 bas prix avec Voicebooking \u2713 Des professionnels exp\u00e9riment\u00e9s \u2713","breadcrumb":{"@id":"https:\/\/www.voicebooking.com\/fr\/faire-une-publicite#breadcrumb"},"inLanguage":"fr-FR","potentialAction":[{"@type":"ReadAction","target":["https:\/\/www.voicebooking.com\/fr\/faire-une-publicite"]}]},{"@type":"ImageObject","inLanguage":"fr-FR","@id":"https:\/\/www.voicebooking.com\/fr\/faire-une-publicite#primaryimage","url":"https:\/\/wp-staging.voicebooking.com\/app\/uploads\/2020\/06\/variety-select-fr-2.jpg","contentUrl":"https:\/\/wp-staging.voicebooking.com\/app\/uploads\/2020\/06\/variety-select-fr-2.jpg"},{"@type":"BreadcrumbList","@id":"https:\/\/www.voicebooking.com\/fr\/faire-une-publicite#breadcrumb","itemListElement":[{"@type":"ListItem","position":1,"name":"Home","item":"https:\/\/www.voicebooking.com\/fr"},{"@type":"ListItem","position":2,"name":"Produire une publicit\u00e9"}]},{"@type":"WebSite","@id":"https:\/\/www.voicebooking.com\/nl\/#website","url":"https:\/\/www.voicebooking.com\/nl\/","name":"Voicebooking","description":"The world&#039;s fastest working voice talents - ready to record","publisher":{"@id":"https:\/\/www.voicebooking.com\/nl\/#organization"},"potentialAction":[{"@type":"SearchAction","target":{"@type":"EntryPoint","urlTemplate":"https:\/\/www.voicebooking.com\/nl\/?s={search_term_string}"},"query-input":{"@type":"PropertyValueSpecification","valueRequired":true,"valueName":"search_term_string"}}],"inLanguage":"fr-FR"},{"@type":"Organization","@id":"https:\/\/www.voicebooking.com\/nl\/#organization","name":"Voicebooking.com","url":"https:\/\/www.voicebooking.com\/nl\/","logo":{"@type":"ImageObject","inLanguage":"fr-FR","@id":"https:\/\/www.voicebooking.com\/nl\/#\/schema\/logo\/image\/","url":"https:\/\/www.voicebooking.com\/app\/uploads\/VB-logo-horn.jpg","contentUrl":"https:\/\/www.voicebooking.com\/app\/uploads\/VB-logo-horn.jpg","width":1080,"height":1080,"caption":"Voicebooking.com"},"image":{"@id":"https:\/\/www.voicebooking.com\/nl\/#\/schema\/logo\/image\/"},"sameAs":["https:\/\/www.facebook.com\/Voicebookingcom\/","https:\/\/www.instagram.com\/voicebooking_com\/","https:\/\/www.linkedin.com\/company\/www-voicebooking-com\/","https:\/\/www.youtube.com\/c\/Voicebookingcom"],"email":"support@voicebooking.com","telephone":"+31 (0)20 - 77 47 323"}]}},"_links":{"self":[{"href":"https:\/\/www.voicebooking.com\/fr\/wp-json\/wp\/v2\/pages\/23053","targetHints":{"allow":["GET"]}}],"collection":[{"href":"https:\/\/www.voicebooking.com\/fr\/wp-json\/wp\/v2\/pages"}],"about":[{"href":"https:\/\/www.voicebooking.com\/fr\/wp-json\/wp\/v2\/types\/page"}],"author":[{"embeddable":true,"href":"https:\/\/www.voicebooking.com\/fr\/wp-json\/wp\/v2\/users\/3"}],"replies":[{"embeddable":true,"href":"https:\/\/www.voicebooking.com\/fr\/wp-json\/wp\/v2\/comments?post=23053"}],"version-history":[{"count":0,"href":"https:\/\/www.voicebooking.com\/fr\/wp-json\/wp\/v2\/pages\/23053\/revisions"}],"wp:attachment":[{"href":"https:\/\/www.voicebooking.com\/fr\/wp-json\/wp\/v2\/media?parent=23053"}],"curies":[{"name":"wp","href":"https:\/\/api.w.org\/{rel}","templated":true}]}}