{"id":2567,"date":"2020-07-07T10:37:47","date_gmt":"2020-07-07T10:37:47","guid":{"rendered":"https:\/\/www.voicebooking.com\/?page_id=2567"},"modified":"2024-01-18T13:07:43","modified_gmt":"2024-01-18T11:07:43","slug":"privacy-policy","status":"publish","type":"page","link":"https:\/\/www.voicebooking.com\/fr\/privacy-policy","title":{"rendered":"Politique de confidentialit\u00e9"},"content":{"rendered":"\r\n<div class=\"wp-block-vb-blocks-tile-block alignfull vb-tile-block bg-image\">\r\n\r\n\r\n<p>Voicebooking.com accorde une grande importance \u00e0 la protection de votre vie priv\u00e9e et traite donc les informations vous concernant de mani\u00e8re s\u00e9curis\u00e9e. Pour prot\u00e9ger votre vie priv\u00e9e, Voicebooking.com agit toujours conform\u00e9ment au r\u00e8glement g\u00e9n\u00e9ral sur la protection des donn\u00e9es. La pr\u00e9sente politique expose les donn\u00e9es que nous traitons et \u00e0 quelles fins. Nous vous recommandons de la lire attentivement.<\/p>\r\n\r\n\r\n\r\n<p><strong>1. Qu\u2019est-ce que Voicebooking.com ?<\/strong><\/p>\r\n\r\n\r\n\r\n<p>Voicebooking.com propose une plateforme permettant de r\u00e9server une voix off facilement.<\/p>\r\n\r\n\r\n\r\n<p>Voici les d\u00e9tails de l\u2019entreprise Voicebooking.com :<br \/>\u2022 Raison sociale dans les statuts : Voicebooking.com B.V.<br \/>\u2022 Adresse : Krijn Taconiskade 286, 1087HW Amsterdam<br \/>\u2022 Adresse internet : www.Voicebooking.com<br \/>\u2022 T\u00e9l\u00e9phone : +31 20 77 47 323<br \/>\u2022 Adresse e-mail : support@Voicebooking.com<br \/>\u2022 Num\u00e9ro \u00e0 la Chambre de Commerce : 64486206<\/p>\r\n\r\n\r\n\r\n<p><strong>2. Quelles sont les informations vous concernant que nous recueillons et traitons ?<\/strong>Informations contractuelles du client<\/p>\r\n\r\n\r\n\r\n<p>Lorsque vous concluez un accord avec Voicebooking.com pour la fourniture de services de voix off, Voicebooking.com vous demande de fournir certains renseignements, notamment votre nom et votre adresse e-mail ainsi que les informations financi\u00e8res de la soci\u00e9t\u00e9 qui conclut l\u2019accord avec Voicebooking.com.<\/p>\r\n\r\n\r\n\r\n<p>Base juridique : traitement visant \u00e0 prendre des mesures avant de conclure un contrat.Donn\u00e9es sur les utilisateurs et les clients<\/p>\r\n\r\n\r\n\r\n<p>Pour pouvoir utiliser le service Voicebooking.com, vous devez vous inscrire en cr\u00e9ant un compte. Pour ce faire, les informations suivantes sont collect\u00e9es et trait\u00e9es \u00e0 votre sujet :<br \/>\u2022 Mot de passe<br \/>\u2022 Pr\u00e9nom<br \/>\u2022 Nom<br \/>\u2022 Adresse e-mail<br \/>\u2022 Date de naissance<br \/>\u2022 T\u00e9l\u00e9phone<br \/>\u2022 Adresse<br \/>\u2022 Code postal<br \/>\u2022 Ville<\/p>\r\n\r\n\r\n\r\n<p>Base juridique : traitement est n\u00e9cessaire \u00e0 l\u2019ex\u00e9cution d\u2019un contrat auquel vous \u00eates partie.<\/p>\r\n\r\n\r\n\r\n<p>Donn\u00e9es g\u00e9n\u00e9r\u00e9es automatiquement<br \/>Voicebooking.com recueille des donn\u00e9es g\u00e9n\u00e9r\u00e9es automatiquement sur votre utilisation du service Voicebooking.com. Ces informations comprennent votre adresse IP (un num\u00e9ro unique permettant d\u2019identifier votre appareil), l\u2019activit\u00e9 de votre compte (notamment l\u2019utilisation de l\u2019espace de stockage, le nombre de fois que vous vous connectez), les donn\u00e9es affich\u00e9es ou cliqu\u00e9es (notamment les \u00e9l\u00e9ments de l\u2019interface utilisateur, les liens) et d\u2019autres informations de journal (par exemple le type de navigateur, l\u2019adresse IP, la date et l\u2019heure d\u2019acc\u00e8s, l\u2019ID de cookie et le r\u00e9f\u00e9rent URL). Voicebooking.com a besoin de ces informations pour s\u2019assurer que le site fonctionne correctement (par exemple pour le bon affichage du contenu et pour assurer la s\u00e9curit\u00e9). Le traitement de ces donn\u00e9es personnelles est donc n\u00e9cessaire pour repr\u00e9senter les int\u00e9r\u00eats l\u00e9gitimes de Voicebooking.com.<\/p>\r\n\r\n\r\n\r\n<p><strong>3. \u00c0 quelles fins Voicebooking.com traite-t-elle vos donn\u00e9es personnelles ?<\/strong><\/p>\r\n\r\n\r\n\r\n<p>Voicebooking.com utilise vos donn\u00e9es personnelles aux fins suivantes :<\/p>\r\n\r\n\r\n\r\n<figure class=\"wp-block-table\">\r\n<table>\r\n<thead>\r\n<tr>\r\n<th>Finalit\u00e9<\/th>\r\n<th>Base juridique<\/th>\r\n<\/tr>\r\n<\/thead>\r\n<tbody>\r\n<tr>\r\n<td>Vous permettre d\u2019utiliser le service Voicebooking.com.<\/td>\r\n<td>Le traitement est n\u00e9cessaire \u00e0 l\u2019ex\u00e9cution d\u2019un contrat avec Voicebooking.com.<\/td>\r\n<\/tr>\r\n<tr>\r\n<td>Vous envoyer des informations sur des services similaires de Voicebooking.com.<\/td>\r\n<td>Le traitement est n\u00e9cessaire aux fins des int\u00e9r\u00eats l\u00e9gitimes poursuivis par Voicebooking.com, \u00e0 savoir le marketing direct.<\/td>\r\n<\/tr>\r\n<tr>\r\n<td>Prot\u00e9ger, adapter et am\u00e9liorer le site Voicebooking.com (et le service qui y est associ\u00e9).<\/td>\r\n<td>Le traitement est n\u00e9cessaire aux fins des int\u00e9r\u00eats l\u00e9gitimes poursuivis par Voicebooking.com, \u00e0 savoir assurer la protection du service.<\/td>\r\n<\/tr>\r\n<tr>\r\n<td>Fournir des informations vous concernant \u00e0 des tiers ou permettre \u00e0 ces derniers d\u2019y acc\u00e9der si<br \/>\u2022 vous avez donn\u00e9 votre consentement. Dans ce cas, vous avez le droit de retirer votre consentement \u00e0 tout moment. Toutefois, ce retrait n\u2019affecte pas la lic\u00e9it\u00e9 du traitement sur la base de votre consentement ant\u00e9rieur ou lorsque la loi le requiert.<\/td>\r\n<td>\u2022 Vous avez donn\u00e9 votre consentement au traitement de vos donn\u00e9es personnelles ; \u2022 le traitement est n\u00e9cessaire au respect d\u2019une obligation l\u00e9gale \u00e0 laquelle Voicebooking.com est soumis.<\/td>\r\n<\/tr>\r\n<\/tbody>\r\n<\/table>\r\n<\/figure>\r\n\r\n\r\n\r\n<p><em>Lettre d\u2019information<\/em><\/p>\r\n\r\n\r\n\r\n<p>Si vous ne souhaitez pas recevoir d\u2019e-mails de Voicebooking.com, vous pouvez vous d\u00e9sabonner dans votre compte. Un lien de d\u00e9sabonnement figure aussi dans chaque e-mail qui vous est envoy\u00e9 par Voicebooking.com.<\/p>\r\n\r\n\r\n\r\n<p><strong>4. \u00c0 qui Voicebooking.com fournit-elle mes donn\u00e9es personnelles ?<\/strong><\/p>\r\n\r\n\r\n\r\n<p>Pour fournir ses services, Voicebooking.com partage vos donn\u00e9es personnelles avec des prestataires de services. Ceux-ci traitent vos donn\u00e9es personnelles pour le compte de Voicebooking.com. Le traitement par les fournisseurs de services est r\u00e9gi par un \u00ab accord de traitement des donn\u00e9es \u00bb dans lequel Voicebooking.com s\u2019est assur\u00e9 que le prestataire de services se limite \u00e0 traiter les donn\u00e9es personnelles selon les instructions de Voicebooking.com.<br \/>Voicebooking.com ne divulgue jamais vos donn\u00e9es (personnelles) \u00e0 des tiers sans votre consentement, sauf si elles ne permettent pas de remonter jusqu\u2019\u00e0 vous personnellement (par exemple les informations g\u00e9n\u00e9r\u00e9es automatiquement, \u00e0 l\u2019exception de votre adresse IP). Voicebooking.com peut cependant transmettre vos informations \u00e0 des tiers si la loi l\u2019exige ou en cons\u00e9quence d\u2019une d\u00e9cision judiciaire.<\/p>\r\n\r\n\r\n\r\n<p><strong>5. Que sont les cookies et comment sont ils utilis\u00e9s par Voicebooking ?<\/strong><\/p>\r\n\r\n\r\n\r\n<p>VVoicebooking.com utilise des cookies. Les cookies sont de petits fichiers d\u2019information (textuelles) stock\u00e9s sur le disque dur ou dans la m\u00e9moire de votre t\u00e9l\u00e9phone portable, tablette ou ordinateur (ci-apr\u00e8s d\u00e9nomm\u00e9s collectivement l\u2019\u00ab appareil \u00bb) lorsque vous visitez le site web. Les cookies plac\u00e9s sur le site Voicebooking.com ne peuvent pas endommager votre appareil ou les fichiers qui y sont stock\u00e9s.<\/p>\r\n\r\n\r\n\r\n<p>Vous pouvez configurer le navigateur de votre appareil de mani\u00e8re \u00e0 ne pas recevoir de cookies la prochaine fois que vous utiliserez le site web. Dans ce cas, il est toutefois possible que vous ne puissiez plus acc\u00e9der au site ou \u00e0 certaines parties de celui-ci ou que le site ne fonctionne pas de mani\u00e8re optimale. Veuillez consulter les instructions ou la fonction d\u2019aide de votre navigateur pour savoir comment supprimer les cookies.<\/p>\r\n\r\n\r\n\r\n<p>Cookies de Voicebooking.com<br \/>Voicebooking.com utilise des cookies techniques et fonctionnels, qui sont n\u00e9cessaires pour permettre une utilisation conviviale du site web ou obtenir des informations sur sa qualit\u00e9 ou son efficacit\u00e9. Les cookies fonctionnels vous \u00e9vitent de devoir vous connecter \u00e0 chaque page apr\u00e8s vous \u00eatre connect\u00e9 au site web et se souviennent des param\u00e8tres que vous avez choisis, par exemple vos pr\u00e9f\u00e9rences linguistiques.<\/p>\r\n\r\n\r\n\r\n<p>Cookies tiers<br \/>En plus des cookies stock\u00e9s par Voicebooking.com, des tiers peuvent placer des cookies sur votre appareil via le site web. Cette section concerne ces \u00ab cookies tiers \u00bb. Voicebooking.com ne peut pas contr\u00f4ler ou influencer l\u2019utilisation de ces cookies ou l\u2019exploitation par des tiers des informations collect\u00e9es par leur biais. Voicebooking.com attire l\u2019attention sur le fait que l\u2019utilisation des donn\u00e9es collect\u00e9es peut \u00eatre soumise aux conditions g\u00e9n\u00e9rales des tiers concern\u00e9s. Vous trouverez ci-dessous les types de cookies tiers plac\u00e9s sur le site web.<em>Google Analytics<\/em><\/p>\r\n\r\n\r\n\r\n<p>Voicebooking.com utilise Google Analytics afin de recueillir des statistiques sur l\u2019utilisation et les visites du site web. Un cookie permanent est enregistr\u00e9 sur votre appareil pour analyser votre utilisation du site Web. Ces donn\u00e9es sont ensuite analys\u00e9es par Google et les r\u00e9sultats sont transmis \u00e0 Voicebooking.com. Google Analytics analyse ces donn\u00e9es sur le site web et communique les r\u00e9sultats \u00e0 Voicebooking.com. Voicebooking.com obtient ainsi un aper\u00e7u du trafic du site web et de la fa\u00e7on dont il est utilis\u00e9. Sur la base de ces informations Voicebooking.com est en mesure d\u2019apporter des ajustements au site web. Les informations obtenues par Voicebooking.com sont transf\u00e9r\u00e9es \u00e0 Google et stock\u00e9es sur des serveurs aux \u00c9tats-Unis. Pour prot\u00e9ger votre vie priv\u00e9e, Voicebooking.com a pris les mesures suivantes :<br \/>\u2022 Voicebooking.com a conclu un accord de traitement des donn\u00e9es qui comprend des dispositions sur le traitement des donn\u00e9es personnelles.<br \/>\u2022 Voicebooking.com ne permet pas \u00e0 Google d\u2019utiliser les donn\u00e9es obtenues pour ses propres besoins.<br \/>\u2022 Voicebooking.com n\u2019utilise pas d\u2019autres services Google en combinaison avec les cookies Google Analytics.<br \/>\u2022 Voicebooking.com a anonymis\u00e9 le dernier octet de votre adresse IP. Les adresses IP se composent de 4 octets de 3 chiffres chacun. Google offre la possibilit\u00e9 de supprimer le dernier octet de l\u2019adresse IP des visiteurs du site web. Cette op\u00e9ration a lieu dans la m\u00e9moire temporaire avant m\u00eame que l\u2019adresse IP soit sauvegard\u00e9e par Google.<br \/><em>Extensions des r\u00e9seaux sociaux<\/em><\/p>\r\n\r\n\r\n\r\n<p>Le site web permet d\u2019acc\u00e9der \u00e0 divers r\u00e9seaux sociaux, notamment Facebook, Twitter et LinkedIn. Ces extensions vous permettent, si vous le souhaitez, de partager des informations sur le site web avec d\u2019autres personnes ou de le recommander. Des tiers utilisent ces extensions pour placer des cookies sur votre appareil. Il peut s\u2019agir de cookies visant \u00e0 optimiser votre exp\u00e9rience utilisateur, mais \u00e9galement de cookies de suivi, utilis\u00e9s pour analyser votre comportement de navigation sur plusieurs sites web et \u00e9tablir votre profil en la mati\u00e8re.<\/p>\r\n\r\n\r\n\r\n<p><strong>6. Comment Voicebooking.com assure-t-elle la protection de vos donn\u00e9es personnelles ?<\/strong><\/p>\r\n\r\n\r\n\r\n<p>Voicebooking.com prend les mesures techniques et organisationnelles qui s\u2019imposent pour prot\u00e9ger vos donn\u00e9es (personnelles) contre la perte ou contre toute forme de traitement illicite.<\/p>\r\n\r\n\r\n\r\n<p><strong>7. Combien de temps Voicebooking.com stocke-t-elle vos donn\u00e9es personnelles ?<\/strong><\/p>\r\n\r\n\r\n\r\n<p>Vos donn\u00e9es personnelles sont conserv\u00e9es avec soin et pour une dur\u00e9e n\u2019exc\u00e9dant pas celle n\u00e9cessaire \u00e0 la finalit\u00e9 pour laquelle elles ont \u00e9t\u00e9 trait\u00e9es. \u00c0 moins que la loi n\u2019impose \u00e0 Voicebooking.com de stocker vos donn\u00e9es plus longtemps, Voicebooking.com ne conserve pas vos donn\u00e9es une fois que cesse la relation commerciale entre vous et Voicebooking.com.<\/p>\r\n\r\n\r\n\r\n<p><strong>8. Hyperliens<\/strong><\/p>\r\n\r\n\r\n\r\n<p>TLe site web Voicebooking.com peut contenir des hyperliens qui vous font quitter le site Voicebooking.com et acc\u00e9der \u00e0 celui d\u2019une partie tierce. Nous n\u2019avons aucun contr\u00f4le sur les services ou les sites web des tiers vers lesquels ces liens redirigent. Il est donc possible qu\u2019une politique de protection de la vie priv\u00e9e diff\u00e9rente s\u2019applique \u00e0 ces services ou aux sites web de tiers. Notre politique de protection de la vie priv\u00e9e ne concerne que les donn\u00e9es (personnelles) trait\u00e9es par Voicebooking.com par l\u2019interm\u00e9diaire du site Voicebooking.com. Voicebooking.com d\u00e9cline toute responsabilit\u00e9 concernant le fonctionnement ou le contenu des services ou sites web de tiers.<\/p>\r\n\r\n\r\n\r\n<p><strong>9. Quels sont vos droits ?<\/strong><\/p>\r\n\r\n\r\n\r\n<p>En vertu du r\u00e8glement g\u00e9n\u00e9ral sur la protection des donn\u00e9es, vous b\u00e9n\u00e9ficiez d\u2019une s\u00e9rie de droits en ce qui concerne vos donn\u00e9es et leur traitement:<br \/>\u2022 Vous avez le droit d\u2019obtenir de Voicebooking.com la confirmation du traitement ou non des donn\u00e9es personnelles vous concernant et, le cas \u00e9ch\u00e9ant, l\u2019acc\u00e8s \u00e0 vos donn\u00e9es personnelles et des informations compl\u00e9mentaires sur le traitement de vos donn\u00e9es personnelles;<br \/><br \/>\u2022 Si vous souhaitez modifier les donn\u00e9es personnelles que vous avez consult\u00e9es et que vous ne pouvez pas modifier dans votre compte, vous pouvez en faire la demande aupr\u00e8s de Voicebooking.com.<br \/><br \/>\u2022 Vous avez \u00e9galement le droit, sous certaines conditions, d\u2019obtenir de Voicebooking.com une limitation du traitement de vos donn\u00e9es personnelles, par exemple lorsque vous en avez contest\u00e9 l\u2019exactitude. Cela signifie que les donn\u00e9es vous concernant ne peuvent plus \u00eatre trait\u00e9es (temporairement) par Voicebooking.com.<br \/>\u2022 Vous avez le droit de vous opposer au traitement de vos donn\u00e9es personnelles sur la base des int\u00e9r\u00eats l\u00e9gitimes de Voicebooking.com. Dans ce cas, Voicebooking.com cesse de traiter vos donn\u00e9es personnelles, \u00e0 moins que Voicebooking.com ne d\u00e9montre qu\u2019il existe des motifs l\u00e9gitimes imp\u00e9rieux de traitement qui priment sur vos int\u00e9r\u00eats, droits et libert\u00e9s ou qui sont li\u00e9s \u00e0 la constatation, l\u2019exercice ou la d\u00e9fense d\u2019un droit en justice.<br \/><br \/>\u2022 Lorsque des donn\u00e9es personnelles sont trait\u00e9es \u00e0 des fins de marketing direct, vous avez \u00e0 tout moment le droit de vous opposer au traitement des v\u00f4tres. Dans ce cas, Voicebooking.com cesse de traiter vos donn\u00e9es personnelles \u00e0 ces fins.<br \/><br \/>\u2022 \u00c0 votre demande, vous avez le droit de recevoir les donn\u00e9es personnelles que vous avez fournies \u00e0 Voicebooking.com dans un format structur\u00e9, couramment utilis\u00e9 et lisible par machine, et le droit de transmettre ces donn\u00e9es \u00e0 un autre gestionnaire, le traitement \u00e9tant assur\u00e9 sur la base de votre consentement ou d\u2019un contrat.<br \/><br \/>\u2022 Lorsque le traitement de vos donn\u00e9es personnelles est bas\u00e9 sur votre consentement, vous avez le droit de retirer celui-ci \u00e0 tout moment. Le retrait du consentement n\u2019affecte pas la lic\u00e9it\u00e9 du traitement fond\u00e9 sur le consentement pr\u00e9alable \u00e0 son retrait.<br \/><br \/>Vous pouvez adresser votre demande \u00e0 l\u2019adresse\u00a0<a href=\"https:\/\/wp-staging.voicebooking.com\/fr\/contact\" target=\"_blank\" rel=\"noreferrer noopener\">support@voicebooking.com<\/a>. Voicebooking.com r\u00e9pondra \u00e0 votre demande dans un d\u00e9lai raisonnable et, en tout \u00e9tat de cause, dans un d\u00e9lai d&#8217;un (1) mois \u00e0 compter de sa r\u00e9ception. Si Voicebooking.com rejette votre demande, sa r\u00e9ponse indique les motifs de refus.<\/p>\r\n\r\n\r\n\r\n<p><strong>10. La pr\u00e9sente politique de protection de la vie priv\u00e9e peut-elle \u00eatre modifi\u00e9e ?<\/strong><\/p>\r\n\r\n\r\n\r\n<p>TLa pr\u00e9sente politique de protection de la vie priv\u00e9e peut \u00eatre modifi\u00e9e. Les modifications seront annonc\u00e9es sur\u00a0<a href=\"https:\/\/wp-staging.voicebooking.com\/fr\" target=\"_blank\" rel=\"noreferrer noopener\">www.Voicebooking.com<\/a>. En cas de modification significative, nous en informerons nos clients par e-mail.<\/p>\r\n\r\n\r\n\r\n<p><strong>11. Des questions ou des r\u00e9clamations ?<\/strong><\/p>\r\n\r\n\r\n\r\n<p>Si vous avez des questions au sujet de la pr\u00e9sente politique de protection de la vie priv\u00e9e, veuillez \u00e9crire \u00e0 l\u2019adresse support@Voicebooking.com. Si vous avez une r\u00e9clamation concernant l&#8217;utilisation de vos donn\u00e9es personnelles et que vous ne pouvez pas r\u00e9soudre le probl\u00e8me avec Voicebooking.com, vous pouvez la soumettre \u00e0 l&#8217;autorit\u00e9 n\u00e9erlandaise de protection des donn\u00e9es<\/p>\r\n<\/div>\r\n","protected":false},"excerpt":{"rendered":"","protected":false},"author":3,"featured_media":0,"parent":0,"menu_order":0,"comment_status":"closed","ping_status":"closed","template":"views\/template-page-lead.blade.php","meta":{"_acf_changed":false,"footnotes":""},"class_list":["post-2567","page","type-page","status-publish","hentry"],"acf":[],"yoast_head":"<!-- This site is optimized with the Yoast SEO Premium plugin v23.4 (Yoast SEO v27.3) - https:\/\/yoast.com\/product\/yoast-seo-premium-wordpress\/ -->\n<title>Politique de confidentialit\u00e9 | Voicebooking<\/title>\n<meta name=\"description\" content=\"Voicebooking est fiable, lisez notre politique de confidentialit\u00e9. Avec nous, vos informations sont g\u00e9r\u00e9es avec soin et vos donn\u00e9es sont en s\u00e9curit\u00e9.\" \/>\n<meta name=\"robots\" content=\"index, follow, max-snippet:-1, max-image-preview:large, max-video-preview:-1\" \/>\n<link rel=\"canonical\" href=\"https:\/\/wp-staging.voicebooking.com\/fr\/privacy-policy\" \/>\n<meta property=\"og:locale\" content=\"fr_FR\" \/>\n<meta property=\"og:type\" content=\"article\" \/>\n<meta property=\"og:title\" content=\"Politique de confidentialit\u00e9\" \/>\n<meta property=\"og:description\" content=\"Voicebooking est fiable, lisez notre politique de confidentialit\u00e9. Avec nous, vos informations sont g\u00e9r\u00e9es avec soin et vos donn\u00e9es sont en s\u00e9curit\u00e9.\" \/>\n<meta property=\"og:url\" content=\"https:\/\/wp-staging.voicebooking.com\/fr\/privacy-policy\" \/>\n<meta property=\"og:site_name\" content=\"Voicebooking\" \/>\n<meta property=\"article:publisher\" content=\"https:\/\/www.facebook.com\/Voicebookingcom\/\" \/>\n<meta property=\"article:modified_time\" content=\"2024-01-18T11:07:43+00:00\" \/>\n<meta name=\"twitter:card\" content=\"summary_large_image\" \/>\n<meta name=\"twitter:label1\" content=\"Est. reading time\" \/>\n\t<meta name=\"twitter:data1\" content=\"9 minutes\" \/>\n<script type=\"application\/ld+json\" class=\"yoast-schema-graph\">{\"@context\":\"https:\\\/\\\/schema.org\",\"@graph\":[{\"@type\":\"WebPage\",\"@id\":\"https:\\\/\\\/www.voicebooking.com\\\/en\\\/privacy-policy\",\"url\":\"https:\\\/\\\/wp-staging.voicebooking.com\\\/fr\\\/privacy-policy\",\"name\":\"Politique de confidentialit\u00e9 | Voicebooking\",\"isPartOf\":{\"@id\":\"https:\\\/\\\/www.voicebooking.com\\\/nl\\\/#website\"},\"datePublished\":\"2020-07-07T10:37:47+00:00\",\"dateModified\":\"2024-01-18T11:07:43+00:00\",\"description\":\"Voicebooking est fiable, lisez notre politique de confidentialit\u00e9. Avec nous, vos informations sont g\u00e9r\u00e9es avec soin et vos donn\u00e9es sont en s\u00e9curit\u00e9.\",\"breadcrumb\":{\"@id\":\"https:\\\/\\\/wp-staging.voicebooking.com\\\/fr\\\/privacy-policy#breadcrumb\"},\"inLanguage\":\"fr-FR\",\"potentialAction\":[{\"@type\":\"ReadAction\",\"target\":[\"https:\\\/\\\/wp-staging.voicebooking.com\\\/fr\\\/privacy-policy\"]}]},{\"@type\":\"BreadcrumbList\",\"@id\":\"https:\\\/\\\/wp-staging.voicebooking.com\\\/fr\\\/privacy-policy#breadcrumb\",\"itemListElement\":[{\"@type\":\"ListItem\",\"position\":1,\"name\":\"Home\",\"item\":\"https:\\\/\\\/www.voicebooking.com\\\/fr\"},{\"@type\":\"ListItem\",\"position\":2,\"name\":\"Politique de confidentialit\u00e9\"}]},{\"@type\":\"WebSite\",\"@id\":\"https:\\\/\\\/www.voicebooking.com\\\/nl\\\/#website\",\"url\":\"https:\\\/\\\/www.voicebooking.com\\\/nl\\\/\",\"name\":\"Voicebooking\",\"description\":\"The world&#039;s fastest working voice talents - ready to record\",\"publisher\":{\"@id\":\"https:\\\/\\\/www.voicebooking.com\\\/nl\\\/#organization\"},\"potentialAction\":[{\"@type\":\"SearchAction\",\"target\":{\"@type\":\"EntryPoint\",\"urlTemplate\":\"https:\\\/\\\/www.voicebooking.com\\\/nl\\\/?s={search_term_string}\"},\"query-input\":{\"@type\":\"PropertyValueSpecification\",\"valueRequired\":true,\"valueName\":\"search_term_string\"}}],\"inLanguage\":\"fr-FR\"},{\"@type\":\"Organization\",\"@id\":\"https:\\\/\\\/www.voicebooking.com\\\/nl\\\/#organization\",\"name\":\"Voicebooking.com\",\"url\":\"https:\\\/\\\/www.voicebooking.com\\\/nl\\\/\",\"logo\":{\"@type\":\"ImageObject\",\"inLanguage\":\"fr-FR\",\"@id\":\"https:\\\/\\\/www.voicebooking.com\\\/nl\\\/#\\\/schema\\\/logo\\\/image\\\/\",\"url\":\"https:\\\/\\\/www.voicebooking.com\\\/app\\\/uploads\\\/VB-logo-horn.jpg\",\"contentUrl\":\"https:\\\/\\\/www.voicebooking.com\\\/app\\\/uploads\\\/VB-logo-horn.jpg\",\"width\":1080,\"height\":1080,\"caption\":\"Voicebooking.com\"},\"image\":{\"@id\":\"https:\\\/\\\/www.voicebooking.com\\\/nl\\\/#\\\/schema\\\/logo\\\/image\\\/\"},\"sameAs\":[\"https:\\\/\\\/www.facebook.com\\\/Voicebookingcom\\\/\",\"https:\\\/\\\/www.instagram.com\\\/voicebooking_com\\\/\",\"https:\\\/\\\/www.linkedin.com\\\/company\\\/www-voicebooking-com\\\/\",\"https:\\\/\\\/www.youtube.com\\\/c\\\/Voicebookingcom\"],\"email\":\"support@voicebooking.com\",\"telephone\":\"+31 (0)20 - 77 47 323\"}]}<\/script>\n<!-- \/ Yoast SEO Premium plugin. -->","yoast_head_json":{"title":"Politique de confidentialit\u00e9 | Voicebooking","description":"Voicebooking est fiable, lisez notre politique de confidentialit\u00e9. Avec nous, vos informations sont g\u00e9r\u00e9es avec soin et vos donn\u00e9es sont en s\u00e9curit\u00e9.","robots":{"index":"index","follow":"follow","max-snippet":"max-snippet:-1","max-image-preview":"max-image-preview:large","max-video-preview":"max-video-preview:-1"},"canonical":"https:\/\/wp-staging.voicebooking.com\/fr\/privacy-policy","og_locale":"fr_FR","og_type":"article","og_title":"Politique de confidentialit\u00e9","og_description":"Voicebooking est fiable, lisez notre politique de confidentialit\u00e9. Avec nous, vos informations sont g\u00e9r\u00e9es avec soin et vos donn\u00e9es sont en s\u00e9curit\u00e9.","og_url":"https:\/\/wp-staging.voicebooking.com\/fr\/privacy-policy","og_site_name":"Voicebooking","article_publisher":"https:\/\/www.facebook.com\/Voicebookingcom\/","article_modified_time":"2024-01-18T11:07:43+00:00","twitter_card":"summary_large_image","twitter_misc":{"Est. reading time":"9 minutes"},"schema":{"@context":"https:\/\/schema.org","@graph":[{"@type":"WebPage","@id":"https:\/\/www.voicebooking.com\/en\/privacy-policy","url":"https:\/\/wp-staging.voicebooking.com\/fr\/privacy-policy","name":"Politique de confidentialit\u00e9 | Voicebooking","isPartOf":{"@id":"https:\/\/www.voicebooking.com\/nl\/#website"},"datePublished":"2020-07-07T10:37:47+00:00","dateModified":"2024-01-18T11:07:43+00:00","description":"Voicebooking est fiable, lisez notre politique de confidentialit\u00e9. Avec nous, vos informations sont g\u00e9r\u00e9es avec soin et vos donn\u00e9es sont en s\u00e9curit\u00e9.","breadcrumb":{"@id":"https:\/\/wp-staging.voicebooking.com\/fr\/privacy-policy#breadcrumb"},"inLanguage":"fr-FR","potentialAction":[{"@type":"ReadAction","target":["https:\/\/wp-staging.voicebooking.com\/fr\/privacy-policy"]}]},{"@type":"BreadcrumbList","@id":"https:\/\/wp-staging.voicebooking.com\/fr\/privacy-policy#breadcrumb","itemListElement":[{"@type":"ListItem","position":1,"name":"Home","item":"https:\/\/www.voicebooking.com\/fr"},{"@type":"ListItem","position":2,"name":"Politique de confidentialit\u00e9"}]},{"@type":"WebSite","@id":"https:\/\/www.voicebooking.com\/nl\/#website","url":"https:\/\/www.voicebooking.com\/nl\/","name":"Voicebooking","description":"The world&#039;s fastest working voice talents - ready to record","publisher":{"@id":"https:\/\/www.voicebooking.com\/nl\/#organization"},"potentialAction":[{"@type":"SearchAction","target":{"@type":"EntryPoint","urlTemplate":"https:\/\/www.voicebooking.com\/nl\/?s={search_term_string}"},"query-input":{"@type":"PropertyValueSpecification","valueRequired":true,"valueName":"search_term_string"}}],"inLanguage":"fr-FR"},{"@type":"Organization","@id":"https:\/\/www.voicebooking.com\/nl\/#organization","name":"Voicebooking.com","url":"https:\/\/www.voicebooking.com\/nl\/","logo":{"@type":"ImageObject","inLanguage":"fr-FR","@id":"https:\/\/www.voicebooking.com\/nl\/#\/schema\/logo\/image\/","url":"https:\/\/www.voicebooking.com\/app\/uploads\/VB-logo-horn.jpg","contentUrl":"https:\/\/www.voicebooking.com\/app\/uploads\/VB-logo-horn.jpg","width":1080,"height":1080,"caption":"Voicebooking.com"},"image":{"@id":"https:\/\/www.voicebooking.com\/nl\/#\/schema\/logo\/image\/"},"sameAs":["https:\/\/www.facebook.com\/Voicebookingcom\/","https:\/\/www.instagram.com\/voicebooking_com\/","https:\/\/www.linkedin.com\/company\/www-voicebooking-com\/","https:\/\/www.youtube.com\/c\/Voicebookingcom"],"email":"support@voicebooking.com","telephone":"+31 (0)20 - 77 47 323"}]}},"_links":{"self":[{"href":"https:\/\/www.voicebooking.com\/fr\/wp-json\/wp\/v2\/pages\/2567","targetHints":{"allow":["GET"]}}],"collection":[{"href":"https:\/\/www.voicebooking.com\/fr\/wp-json\/wp\/v2\/pages"}],"about":[{"href":"https:\/\/www.voicebooking.com\/fr\/wp-json\/wp\/v2\/types\/page"}],"author":[{"embeddable":true,"href":"https:\/\/www.voicebooking.com\/fr\/wp-json\/wp\/v2\/users\/3"}],"replies":[{"embeddable":true,"href":"https:\/\/www.voicebooking.com\/fr\/wp-json\/wp\/v2\/comments?post=2567"}],"version-history":[{"count":0,"href":"https:\/\/www.voicebooking.com\/fr\/wp-json\/wp\/v2\/pages\/2567\/revisions"}],"wp:attachment":[{"href":"https:\/\/www.voicebooking.com\/fr\/wp-json\/wp\/v2\/media?parent=2567"}],"curies":[{"name":"wp","href":"https:\/\/api.w.org\/{rel}","templated":true}]}}