{"id":30277,"date":"2021-10-25T12:27:37","date_gmt":"2021-10-25T10:27:37","guid":{"rendered":"https:\/\/www.voicebooking.com\/?page_id=30277"},"modified":"2024-09-20T09:41:40","modified_gmt":"2024-09-20T07:41:40","slug":"ecrire-bon-script-voix-off","status":"publish","type":"page","link":"https:\/\/www.voicebooking.com\/fr\/ecrire-bon-script-voix-off","title":{"rendered":"52 conseils pour \u00e9crire un bon script voix off"},"content":{"rendered":"<p>Que vous produisiez une pub radio, une vid\u00e9o web ou une formation e-learning, si vous avez un bon script, vous \u00eates d\u00e9j\u00e0 sur la bonne voie pour obtenir les r\u00e9sultats escompt\u00e9s. Ce e-book vous offre une multitude de conseils en termes de r\u00e9daction de scripts et de storytelling.<\/p>\n<p>&nbsp;<\/p>\n<h3>Dans l\u2019e-book, vous apprendrez<\/h3>\n<div style=\"display: flex; align-items: center;\">\n<div style=\"width: 50%;\"><img loading=\"lazy\" decoding=\"async\" class=\"src= wp-image-156286 size-medium alignright\" src=\"https:\/\/wp-staging.voicebooking.com\/app\/uploads\/Persuasive-voice-overs-ebook-FR-1-209x300.jpg\" alt=\"\" width=\"209\" height=\"300\" srcset=\"https:\/\/www.voicebooking.com\/app\/uploads\/Persuasive-voice-overs-ebook-FR-1-209x300.jpg 209w, https:\/\/www.voicebooking.com\/app\/uploads\/Persuasive-voice-overs-ebook-FR-1-715x1024.jpg 715w, https:\/\/www.voicebooking.com\/app\/uploads\/Persuasive-voice-overs-ebook-FR-1-768x1100.jpg 768w, https:\/\/www.voicebooking.com\/app\/uploads\/Persuasive-voice-overs-ebook-FR-1-1072x1536.jpg 1072w, https:\/\/www.voicebooking.com\/app\/uploads\/Persuasive-voice-overs-ebook-FR-1.jpg 1117w\" sizes=\"auto, (max-width: 209px) 100vw, 209px\" \/><\/div>\n<div>\n<ul>\n<li>Comment capter l\u2019attention de votre public<\/li>\n<\/ul>\n<ul>\n<li>Comment r\u00e9diger un script captivant<\/li>\n<\/ul>\n<ul>\n<li>Comment appliquer les techniques du storytelling \u00e0 la r\u00e9daction de scripts<\/li>\n<\/ul>\n<ul>\n<li>Comment obtenir une r\u00e9action positive \u00e0 votre script<\/li>\n<\/ul>\n<\/div>\n<\/div>\n<p>&nbsp;<\/p>\n<h4>\u00c0 propos de Jente Kater<\/h4>\n<p>Jente Kater est le fondateur et le PDG de Voicebooking.com, l\u2019agence d\u2019enregistrement vocal \u00e0 la croissance la plus rapide d\u2019Europe. C\u2019est une boutique en ligne avec un d\u00e9lai de livraison de 24 heures fait par des professionnels de la voix qui enregistrent dans le monde entier et dans leur langue maternelle. Il aime \u00e9crire sur la communication audiovisuelle, la r\u00e9daction, les m\u00e9dias et la radio. Avant Voicebooking.com Jente \u00e9tait DJ pour diverses stations de radio nationales aux Pays-Bas.<\/p>\n","protected":false},"excerpt":{"rendered":"<p>Que vous produisiez une pub radio, une vid\u00e9o web ou une formation e-learning, si vous avez un bon script, vous \u00eates d\u00e9j\u00e0 sur la bonne voie pour obtenir les r\u00e9sultats escompt\u00e9s. Ce e-book vous offre une multitude de conseils en termes de r\u00e9daction de scripts et de storytelling. &nbsp; Dans l\u2019e-book, vous apprendrez Comment capter &hellip; <a href=\"https:\/\/www.voicebooking.com\/fr\/ecrire-bon-script-voix-off\">Continued<\/a><\/p>\n","protected":false},"author":3,"featured_media":0,"parent":0,"menu_order":0,"comment_status":"closed","ping_status":"closed","template":"views\/template-page-lead.blade.php","meta":{"_acf_changed":false,"footnotes":""},"class_list":["post-30277","page","type-page","status-publish","hentry"],"acf":[],"yoast_head":"<!-- This site is optimized with the Yoast SEO Premium plugin v23.4 (Yoast SEO v27.3) - https:\/\/yoast.com\/product\/yoast-seo-premium-wordpress\/ -->\n<title>52 conseils pour un bon script voix off | Voicebooking<\/title>\n<meta name=\"description\" content=\"Cet ebook vous offre de multiples conseils en scriptwriting et storytelling. D\u00e9couvrez 52 conseils pour \u00e9crire des scripts convaincants\" \/>\n<meta name=\"robots\" content=\"index, follow, max-snippet:-1, max-image-preview:large, max-video-preview:-1\" \/>\n<link rel=\"canonical\" href=\"https:\/\/www.voicebooking.com\/fr\/ecrire-bon-script-voix-off\" \/>\n<meta property=\"og:locale\" content=\"fr_FR\" \/>\n<meta property=\"og:type\" content=\"article\" \/>\n<meta property=\"og:title\" content=\"52 conseils pour \u00e9crire un bon script voix off\" \/>\n<meta property=\"og:description\" content=\"Cet ebook vous offre de multiples conseils en scriptwriting et storytelling. D\u00e9couvrez 52 conseils pour \u00e9crire des scripts convaincants\" \/>\n<meta property=\"og:url\" content=\"https:\/\/www.voicebooking.com\/fr\/ecrire-bon-script-voix-off\" \/>\n<meta property=\"og:site_name\" content=\"Voicebooking\" \/>\n<meta property=\"article:publisher\" content=\"https:\/\/www.facebook.com\/Voicebookingcom\/\" \/>\n<meta property=\"article:modified_time\" content=\"2024-09-20T07:41:40+00:00\" \/>\n<meta property=\"og:image\" content=\"https:\/\/wp-staging.voicebooking.com\/app\/uploads\/Persuasive-voice-overs-ebook-FR-1-209x300.jpg\" \/>\n<meta name=\"twitter:card\" content=\"summary_large_image\" \/>\n<meta name=\"twitter:label1\" content=\"Est. reading time\" \/>\n\t<meta name=\"twitter:data1\" content=\"1 minute\" \/>\n<script type=\"application\/ld+json\" class=\"yoast-schema-graph\">{\"@context\":\"https:\\\/\\\/schema.org\",\"@graph\":[{\"@type\":\"WebPage\",\"@id\":\"https:\\\/\\\/www.voicebooking.com\\\/fr\\\/ecrire-bon-script-voix-off\",\"url\":\"https:\\\/\\\/www.voicebooking.com\\\/fr\\\/ecrire-bon-script-voix-off\",\"name\":\"52 conseils pour un bon script voix off | Voicebooking\",\"isPartOf\":{\"@id\":\"https:\\\/\\\/www.voicebooking.com\\\/nl\\\/#website\"},\"primaryImageOfPage\":{\"@id\":\"https:\\\/\\\/www.voicebooking.com\\\/fr\\\/ecrire-bon-script-voix-off#primaryimage\"},\"image\":{\"@id\":\"https:\\\/\\\/www.voicebooking.com\\\/fr\\\/ecrire-bon-script-voix-off#primaryimage\"},\"thumbnailUrl\":\"https:\\\/\\\/wp-staging.voicebooking.com\\\/app\\\/uploads\\\/Persuasive-voice-overs-ebook-FR-1-209x300.jpg\",\"datePublished\":\"2021-10-25T10:27:37+00:00\",\"dateModified\":\"2024-09-20T07:41:40+00:00\",\"description\":\"Cet ebook vous offre de multiples conseils en scriptwriting et storytelling. D\u00e9couvrez 52 conseils pour \u00e9crire des scripts convaincants\",\"breadcrumb\":{\"@id\":\"https:\\\/\\\/www.voicebooking.com\\\/fr\\\/ecrire-bon-script-voix-off#breadcrumb\"},\"inLanguage\":\"fr-FR\",\"potentialAction\":[{\"@type\":\"ReadAction\",\"target\":[\"https:\\\/\\\/www.voicebooking.com\\\/fr\\\/ecrire-bon-script-voix-off\"]}]},{\"@type\":\"ImageObject\",\"inLanguage\":\"fr-FR\",\"@id\":\"https:\\\/\\\/www.voicebooking.com\\\/fr\\\/ecrire-bon-script-voix-off#primaryimage\",\"url\":\"https:\\\/\\\/wp-staging.voicebooking.com\\\/app\\\/uploads\\\/Persuasive-voice-overs-ebook-FR-1-209x300.jpg\",\"contentUrl\":\"https:\\\/\\\/wp-staging.voicebooking.com\\\/app\\\/uploads\\\/Persuasive-voice-overs-ebook-FR-1-209x300.jpg\"},{\"@type\":\"BreadcrumbList\",\"@id\":\"https:\\\/\\\/www.voicebooking.com\\\/fr\\\/ecrire-bon-script-voix-off#breadcrumb\",\"itemListElement\":[{\"@type\":\"ListItem\",\"position\":1,\"name\":\"Home\",\"item\":\"https:\\\/\\\/www.voicebooking.com\\\/fr\"},{\"@type\":\"ListItem\",\"position\":2,\"name\":\"52 conseils pour \u00e9crire un bon script voix off\"}]},{\"@type\":\"WebSite\",\"@id\":\"https:\\\/\\\/www.voicebooking.com\\\/nl\\\/#website\",\"url\":\"https:\\\/\\\/www.voicebooking.com\\\/nl\\\/\",\"name\":\"Voicebooking\",\"description\":\"The world&#039;s fastest working voice talents - ready to record\",\"publisher\":{\"@id\":\"https:\\\/\\\/www.voicebooking.com\\\/nl\\\/#organization\"},\"potentialAction\":[{\"@type\":\"SearchAction\",\"target\":{\"@type\":\"EntryPoint\",\"urlTemplate\":\"https:\\\/\\\/www.voicebooking.com\\\/nl\\\/?s={search_term_string}\"},\"query-input\":{\"@type\":\"PropertyValueSpecification\",\"valueRequired\":true,\"valueName\":\"search_term_string\"}}],\"inLanguage\":\"fr-FR\"},{\"@type\":\"Organization\",\"@id\":\"https:\\\/\\\/www.voicebooking.com\\\/nl\\\/#organization\",\"name\":\"Voicebooking.com\",\"url\":\"https:\\\/\\\/www.voicebooking.com\\\/nl\\\/\",\"logo\":{\"@type\":\"ImageObject\",\"inLanguage\":\"fr-FR\",\"@id\":\"https:\\\/\\\/www.voicebooking.com\\\/nl\\\/#\\\/schema\\\/logo\\\/image\\\/\",\"url\":\"https:\\\/\\\/www.voicebooking.com\\\/app\\\/uploads\\\/VB-logo-horn.jpg\",\"contentUrl\":\"https:\\\/\\\/www.voicebooking.com\\\/app\\\/uploads\\\/VB-logo-horn.jpg\",\"width\":1080,\"height\":1080,\"caption\":\"Voicebooking.com\"},\"image\":{\"@id\":\"https:\\\/\\\/www.voicebooking.com\\\/nl\\\/#\\\/schema\\\/logo\\\/image\\\/\"},\"sameAs\":[\"https:\\\/\\\/www.facebook.com\\\/Voicebookingcom\\\/\",\"https:\\\/\\\/www.instagram.com\\\/voicebooking_com\\\/\",\"https:\\\/\\\/www.linkedin.com\\\/company\\\/www-voicebooking-com\\\/\",\"https:\\\/\\\/www.youtube.com\\\/c\\\/Voicebookingcom\"],\"email\":\"support@voicebooking.com\",\"telephone\":\"+31 (0)20 - 77 47 323\"}]}<\/script>\n<!-- \/ Yoast SEO Premium plugin. -->","yoast_head_json":{"title":"52 conseils pour un bon script voix off | Voicebooking","description":"Cet ebook vous offre de multiples conseils en scriptwriting et storytelling. D\u00e9couvrez 52 conseils pour \u00e9crire des scripts convaincants","robots":{"index":"index","follow":"follow","max-snippet":"max-snippet:-1","max-image-preview":"max-image-preview:large","max-video-preview":"max-video-preview:-1"},"canonical":"https:\/\/www.voicebooking.com\/fr\/ecrire-bon-script-voix-off","og_locale":"fr_FR","og_type":"article","og_title":"52 conseils pour \u00e9crire un bon script voix off","og_description":"Cet ebook vous offre de multiples conseils en scriptwriting et storytelling. D\u00e9couvrez 52 conseils pour \u00e9crire des scripts convaincants","og_url":"https:\/\/www.voicebooking.com\/fr\/ecrire-bon-script-voix-off","og_site_name":"Voicebooking","article_publisher":"https:\/\/www.facebook.com\/Voicebookingcom\/","article_modified_time":"2024-09-20T07:41:40+00:00","og_image":[{"url":"https:\/\/wp-staging.voicebooking.com\/app\/uploads\/Persuasive-voice-overs-ebook-FR-1-209x300.jpg","type":"","width":"","height":""}],"twitter_card":"summary_large_image","twitter_misc":{"Est. reading time":"1 minute"},"schema":{"@context":"https:\/\/schema.org","@graph":[{"@type":"WebPage","@id":"https:\/\/www.voicebooking.com\/fr\/ecrire-bon-script-voix-off","url":"https:\/\/www.voicebooking.com\/fr\/ecrire-bon-script-voix-off","name":"52 conseils pour un bon script voix off | Voicebooking","isPartOf":{"@id":"https:\/\/www.voicebooking.com\/nl\/#website"},"primaryImageOfPage":{"@id":"https:\/\/www.voicebooking.com\/fr\/ecrire-bon-script-voix-off#primaryimage"},"image":{"@id":"https:\/\/www.voicebooking.com\/fr\/ecrire-bon-script-voix-off#primaryimage"},"thumbnailUrl":"https:\/\/wp-staging.voicebooking.com\/app\/uploads\/Persuasive-voice-overs-ebook-FR-1-209x300.jpg","datePublished":"2021-10-25T10:27:37+00:00","dateModified":"2024-09-20T07:41:40+00:00","description":"Cet ebook vous offre de multiples conseils en scriptwriting et storytelling. D\u00e9couvrez 52 conseils pour \u00e9crire des scripts convaincants","breadcrumb":{"@id":"https:\/\/www.voicebooking.com\/fr\/ecrire-bon-script-voix-off#breadcrumb"},"inLanguage":"fr-FR","potentialAction":[{"@type":"ReadAction","target":["https:\/\/www.voicebooking.com\/fr\/ecrire-bon-script-voix-off"]}]},{"@type":"ImageObject","inLanguage":"fr-FR","@id":"https:\/\/www.voicebooking.com\/fr\/ecrire-bon-script-voix-off#primaryimage","url":"https:\/\/wp-staging.voicebooking.com\/app\/uploads\/Persuasive-voice-overs-ebook-FR-1-209x300.jpg","contentUrl":"https:\/\/wp-staging.voicebooking.com\/app\/uploads\/Persuasive-voice-overs-ebook-FR-1-209x300.jpg"},{"@type":"BreadcrumbList","@id":"https:\/\/www.voicebooking.com\/fr\/ecrire-bon-script-voix-off#breadcrumb","itemListElement":[{"@type":"ListItem","position":1,"name":"Home","item":"https:\/\/www.voicebooking.com\/fr"},{"@type":"ListItem","position":2,"name":"52 conseils pour \u00e9crire un bon script voix off"}]},{"@type":"WebSite","@id":"https:\/\/www.voicebooking.com\/nl\/#website","url":"https:\/\/www.voicebooking.com\/nl\/","name":"Voicebooking","description":"The world&#039;s fastest working voice talents - ready to record","publisher":{"@id":"https:\/\/www.voicebooking.com\/nl\/#organization"},"potentialAction":[{"@type":"SearchAction","target":{"@type":"EntryPoint","urlTemplate":"https:\/\/www.voicebooking.com\/nl\/?s={search_term_string}"},"query-input":{"@type":"PropertyValueSpecification","valueRequired":true,"valueName":"search_term_string"}}],"inLanguage":"fr-FR"},{"@type":"Organization","@id":"https:\/\/www.voicebooking.com\/nl\/#organization","name":"Voicebooking.com","url":"https:\/\/www.voicebooking.com\/nl\/","logo":{"@type":"ImageObject","inLanguage":"fr-FR","@id":"https:\/\/www.voicebooking.com\/nl\/#\/schema\/logo\/image\/","url":"https:\/\/www.voicebooking.com\/app\/uploads\/VB-logo-horn.jpg","contentUrl":"https:\/\/www.voicebooking.com\/app\/uploads\/VB-logo-horn.jpg","width":1080,"height":1080,"caption":"Voicebooking.com"},"image":{"@id":"https:\/\/www.voicebooking.com\/nl\/#\/schema\/logo\/image\/"},"sameAs":["https:\/\/www.facebook.com\/Voicebookingcom\/","https:\/\/www.instagram.com\/voicebooking_com\/","https:\/\/www.linkedin.com\/company\/www-voicebooking-com\/","https:\/\/www.youtube.com\/c\/Voicebookingcom"],"email":"support@voicebooking.com","telephone":"+31 (0)20 - 77 47 323"}]}},"_links":{"self":[{"href":"https:\/\/www.voicebooking.com\/fr\/wp-json\/wp\/v2\/pages\/30277","targetHints":{"allow":["GET"]}}],"collection":[{"href":"https:\/\/www.voicebooking.com\/fr\/wp-json\/wp\/v2\/pages"}],"about":[{"href":"https:\/\/www.voicebooking.com\/fr\/wp-json\/wp\/v2\/types\/page"}],"author":[{"embeddable":true,"href":"https:\/\/www.voicebooking.com\/fr\/wp-json\/wp\/v2\/users\/3"}],"replies":[{"embeddable":true,"href":"https:\/\/www.voicebooking.com\/fr\/wp-json\/wp\/v2\/comments?post=30277"}],"version-history":[{"count":1,"href":"https:\/\/www.voicebooking.com\/fr\/wp-json\/wp\/v2\/pages\/30277\/revisions"}],"predecessor-version":[{"id":165860,"href":"https:\/\/www.voicebooking.com\/fr\/wp-json\/wp\/v2\/pages\/30277\/revisions\/165860"}],"wp:attachment":[{"href":"https:\/\/www.voicebooking.com\/fr\/wp-json\/wp\/v2\/media?parent=30277"}],"curies":[{"name":"wp","href":"https:\/\/api.w.org\/{rel}","templated":true}]}}