{"id":31913,"date":"2021-11-11T17:15:15","date_gmt":"2021-11-11T15:15:15","guid":{"rendered":"https:\/\/www.voicebooking.com\/?page_id=31913"},"modified":"2024-09-20T09:43:41","modified_gmt":"2024-09-20T07:43:41","slug":"cours-e-learning-avec-de-limpact","status":"publish","type":"page","link":"https:\/\/www.voicebooking.com\/fr\/cours-e-learning-avec-de-limpact","title":{"rendered":"Cours e-learning avec de l&#8217;impact"},"content":{"rendered":"<p>Est-ce que vous d\u00e9sirez cr\u00e9er votre propre cours e-learning ou \u00eates-vous \u00e0 la recherche d\u2019une voix off pour en enregistrer ? Mais quel est le secret d\u2019un e-learning r\u00e9ussi ? Quelle est la prochaine \u00e9tape apr\u00e8s avoir \u00e9crit votre script ? Dans cet e-book, je vous donne 20 conseils pour cr\u00e9er des cours e-learning efficaces avec de l\u2019impact.<\/p>\n<p>&nbsp;<\/p>\n<h3>Dans \u201cCours e-learning avec de l&#8217;impact\u201d vous trouverez<\/h3>\n<div style=\"display: flex; align-items: center;\">\n<div style=\"width: 50%;\"><img loading=\"lazy\" decoding=\"async\" class=\"src= wp-image-155978 size-medium alignright\" src=\"https:\/\/wp-staging.voicebooking.com\/app\/uploads\/elearning-FR-1-209x300.jpg\" alt=\"\" width=\"209\" height=\"300\" srcset=\"https:\/\/www.voicebooking.com\/app\/uploads\/elearning-FR-1-209x300.jpg 209w, https:\/\/www.voicebooking.com\/app\/uploads\/elearning-FR-1-715x1024.jpg 715w, https:\/\/www.voicebooking.com\/app\/uploads\/elearning-FR-1-768x1100.jpg 768w, https:\/\/www.voicebooking.com\/app\/uploads\/elearning-FR-1-1072x1536.jpg 1072w, https:\/\/www.voicebooking.com\/app\/uploads\/elearning-FR-1.jpg 1117w\" sizes=\"auto, (max-width: 209px) 100vw, 209px\" \/><\/div>\n<div>\n<ul>\n<li>Quel est le secret d\u2019un bon cours e-learning ?<\/li>\n<\/ul>\n<ul>\n<li>Quelle est la prochaine \u00e9tape apr\u00e8s avoir \u00e9crit votre script ?<\/li>\n<\/ul>\n<ul>\n<li>Comment donnez-vous vie \u00e0 un cours e-learning ?<\/li>\n<\/ul>\n<ul>\n<li>Comment utiliser une voix off pour votre projet e-learning ?<\/li>\n<\/ul>\n<\/div>\n<\/div>\n<p>Vous pr\u00e9f\u00e9rez \u00e9couter ? D\u00e9couvrez <a href=\"https:\/\/open.spotify.com\/episode\/1a4qAhBo6QzfxZ9qJEQUSj?si=842bb029d22f4609&amp;nd=1\">ici<\/a> notre livre audio pour cr\u00e9er des formations en ligne r\u00e9ussies.<\/p>\n<p>&nbsp;<\/p>\n<h4>Sur l\u2019auteur<\/h4>\n<p>Jente Kater est le cr\u00e9ateur et le PDG de Voicebooking.com, l\u2019agence de voix off avec la croissance la plus rapide d\u2019Europe. Sous la forme d\u2019un webshop, Voicebooking fournit des voix off natives professionnelles, partout \u00e0 travers le monde, 24\/24. Jente aime \u00e9crire sur la communication audiovisuelle, le copywriting, les m\u00e9dias et la radio. Avant Voicebooking.com, il a travaill\u00e9 comme DJ pour de nombreuses stations radio en Hollande.<\/p>\n","protected":false},"excerpt":{"rendered":"<p>Est-ce que vous d\u00e9sirez cr\u00e9er votre propre cours e-learning ou \u00eates-vous \u00e0 la recherche d\u2019une voix off pour en enregistrer ? Mais quel est le secret d\u2019un e-learning r\u00e9ussi ? Quelle est la prochaine \u00e9tape apr\u00e8s avoir \u00e9crit votre script ? Dans cet e-book, je vous donne 20 conseils pour cr\u00e9er des cours e-learning efficaces &hellip; <a href=\"https:\/\/www.voicebooking.com\/fr\/cours-e-learning-avec-de-limpact\">Continued<\/a><\/p>\n","protected":false},"author":3,"featured_media":0,"parent":0,"menu_order":0,"comment_status":"closed","ping_status":"closed","template":"views\/template-page-lead.blade.php","meta":{"_acf_changed":false,"footnotes":""},"class_list":["post-31913","page","type-page","status-publish","hentry"],"acf":[],"yoast_head":"<!-- This site is optimized with the Yoast SEO Premium plugin v23.4 (Yoast SEO v27.3) - https:\/\/yoast.com\/product\/yoast-seo-premium-wordpress\/ -->\n<title>Cours e-learning avec de l&#039;impact | Voicebooking<\/title>\n<meta name=\"description\" content=\"20 conseils pratiques pour cr\u00e9er de bon cours e-learning. T\u00e9l\u00e9chargez le ebook ici et apprenez comment cr\u00e9er votre cours e-learning !\" \/>\n<meta name=\"robots\" content=\"index, follow, max-snippet:-1, max-image-preview:large, max-video-preview:-1\" \/>\n<link rel=\"canonical\" href=\"https:\/\/www.voicebooking.com\/fr\/e-learning-courses-with-impact\" \/>\n<meta property=\"og:locale\" content=\"fr_FR\" \/>\n<meta property=\"og:type\" content=\"article\" \/>\n<meta property=\"og:title\" content=\"Cours e-learning avec de l&#039;impact\" \/>\n<meta property=\"og:description\" content=\"20 conseils pratiques pour cr\u00e9er de bon cours e-learning. T\u00e9l\u00e9chargez le ebook ici et apprenez comment cr\u00e9er votre cours e-learning !\" \/>\n<meta property=\"og:url\" content=\"https:\/\/www.voicebooking.com\/en\/e-learning-courses-with-impact\" \/>\n<meta property=\"og:site_name\" content=\"Voicebooking\" \/>\n<meta property=\"article:publisher\" content=\"https:\/\/www.facebook.com\/Voicebookingcom\/\" \/>\n<meta property=\"article:modified_time\" content=\"2024-09-20T07:43:41+00:00\" \/>\n<meta property=\"og:image\" content=\"https:\/\/wp-staging.voicebooking.com\/app\/uploads\/elearning-FR-1-209x300.jpg\" \/>\n<meta name=\"twitter:card\" content=\"summary_large_image\" \/>\n<meta name=\"twitter:label1\" content=\"Est. reading time\" \/>\n\t<meta name=\"twitter:data1\" content=\"1 minute\" \/>\n<script type=\"application\/ld+json\" class=\"yoast-schema-graph\">{\"@context\":\"https:\\\/\\\/schema.org\",\"@graph\":[{\"@type\":\"WebPage\",\"@id\":\"https:\\\/\\\/www.voicebooking.com\\\/en\\\/e-learning-courses-with-impact\",\"url\":\"https:\\\/\\\/www.voicebooking.com\\\/en\\\/e-learning-courses-with-impact\",\"name\":\"Cours e-learning avec de l'impact | Voicebooking\",\"isPartOf\":{\"@id\":\"https:\\\/\\\/www.voicebooking.com\\\/nl\\\/#website\"},\"primaryImageOfPage\":{\"@id\":\"https:\\\/\\\/www.voicebooking.com\\\/en\\\/e-learning-courses-with-impact#primaryimage\"},\"image\":{\"@id\":\"https:\\\/\\\/www.voicebooking.com\\\/en\\\/e-learning-courses-with-impact#primaryimage\"},\"thumbnailUrl\":\"https:\\\/\\\/wp-staging.voicebooking.com\\\/app\\\/uploads\\\/elearning-FR-1-209x300.jpg\",\"datePublished\":\"2021-11-11T15:15:15+00:00\",\"dateModified\":\"2024-09-20T07:43:41+00:00\",\"description\":\"20 conseils pratiques pour cr\u00e9er de bon cours e-learning. T\u00e9l\u00e9chargez le ebook ici et apprenez comment cr\u00e9er votre cours e-learning !\",\"breadcrumb\":{\"@id\":\"https:\\\/\\\/www.voicebooking.com\\\/en\\\/e-learning-courses-with-impact#breadcrumb\"},\"inLanguage\":\"fr-FR\",\"potentialAction\":[{\"@type\":\"ReadAction\",\"target\":[\"https:\\\/\\\/www.voicebooking.com\\\/en\\\/e-learning-courses-with-impact\"]}]},{\"@type\":\"ImageObject\",\"inLanguage\":\"fr-FR\",\"@id\":\"https:\\\/\\\/www.voicebooking.com\\\/en\\\/e-learning-courses-with-impact#primaryimage\",\"url\":\"https:\\\/\\\/wp-staging.voicebooking.com\\\/app\\\/uploads\\\/elearning-FR-1-209x300.jpg\",\"contentUrl\":\"https:\\\/\\\/wp-staging.voicebooking.com\\\/app\\\/uploads\\\/elearning-FR-1-209x300.jpg\"},{\"@type\":\"BreadcrumbList\",\"@id\":\"https:\\\/\\\/www.voicebooking.com\\\/en\\\/e-learning-courses-with-impact#breadcrumb\",\"itemListElement\":[{\"@type\":\"ListItem\",\"position\":1,\"name\":\"Home\",\"item\":\"https:\\\/\\\/www.voicebooking.com\\\/fr\"},{\"@type\":\"ListItem\",\"position\":2,\"name\":\"Cours e-learning avec de l&#8217;impact\"}]},{\"@type\":\"WebSite\",\"@id\":\"https:\\\/\\\/www.voicebooking.com\\\/nl\\\/#website\",\"url\":\"https:\\\/\\\/www.voicebooking.com\\\/nl\\\/\",\"name\":\"Voicebooking\",\"description\":\"The world&#039;s fastest working voice talents - ready to record\",\"publisher\":{\"@id\":\"https:\\\/\\\/www.voicebooking.com\\\/nl\\\/#organization\"},\"potentialAction\":[{\"@type\":\"SearchAction\",\"target\":{\"@type\":\"EntryPoint\",\"urlTemplate\":\"https:\\\/\\\/www.voicebooking.com\\\/nl\\\/?s={search_term_string}\"},\"query-input\":{\"@type\":\"PropertyValueSpecification\",\"valueRequired\":true,\"valueName\":\"search_term_string\"}}],\"inLanguage\":\"fr-FR\"},{\"@type\":\"Organization\",\"@id\":\"https:\\\/\\\/www.voicebooking.com\\\/nl\\\/#organization\",\"name\":\"Voicebooking.com\",\"url\":\"https:\\\/\\\/www.voicebooking.com\\\/nl\\\/\",\"logo\":{\"@type\":\"ImageObject\",\"inLanguage\":\"fr-FR\",\"@id\":\"https:\\\/\\\/www.voicebooking.com\\\/nl\\\/#\\\/schema\\\/logo\\\/image\\\/\",\"url\":\"https:\\\/\\\/www.voicebooking.com\\\/app\\\/uploads\\\/VB-logo-horn.jpg\",\"contentUrl\":\"https:\\\/\\\/www.voicebooking.com\\\/app\\\/uploads\\\/VB-logo-horn.jpg\",\"width\":1080,\"height\":1080,\"caption\":\"Voicebooking.com\"},\"image\":{\"@id\":\"https:\\\/\\\/www.voicebooking.com\\\/nl\\\/#\\\/schema\\\/logo\\\/image\\\/\"},\"sameAs\":[\"https:\\\/\\\/www.facebook.com\\\/Voicebookingcom\\\/\",\"https:\\\/\\\/www.instagram.com\\\/voicebooking_com\\\/\",\"https:\\\/\\\/www.linkedin.com\\\/company\\\/www-voicebooking-com\\\/\",\"https:\\\/\\\/www.youtube.com\\\/c\\\/Voicebookingcom\"],\"email\":\"support@voicebooking.com\",\"telephone\":\"+31 (0)20 - 77 47 323\"}]}<\/script>\n<!-- \/ Yoast SEO Premium plugin. -->","yoast_head_json":{"title":"Cours e-learning avec de l'impact | Voicebooking","description":"20 conseils pratiques pour cr\u00e9er de bon cours e-learning. T\u00e9l\u00e9chargez le ebook ici et apprenez comment cr\u00e9er votre cours e-learning !","robots":{"index":"index","follow":"follow","max-snippet":"max-snippet:-1","max-image-preview":"max-image-preview:large","max-video-preview":"max-video-preview:-1"},"canonical":"https:\/\/www.voicebooking.com\/fr\/e-learning-courses-with-impact","og_locale":"fr_FR","og_type":"article","og_title":"Cours e-learning avec de l'impact","og_description":"20 conseils pratiques pour cr\u00e9er de bon cours e-learning. T\u00e9l\u00e9chargez le ebook ici et apprenez comment cr\u00e9er votre cours e-learning !","og_url":"https:\/\/www.voicebooking.com\/en\/e-learning-courses-with-impact","og_site_name":"Voicebooking","article_publisher":"https:\/\/www.facebook.com\/Voicebookingcom\/","article_modified_time":"2024-09-20T07:43:41+00:00","og_image":[{"url":"https:\/\/wp-staging.voicebooking.com\/app\/uploads\/elearning-FR-1-209x300.jpg","type":"","width":"","height":""}],"twitter_card":"summary_large_image","twitter_misc":{"Est. reading time":"1 minute"},"schema":{"@context":"https:\/\/schema.org","@graph":[{"@type":"WebPage","@id":"https:\/\/www.voicebooking.com\/en\/e-learning-courses-with-impact","url":"https:\/\/www.voicebooking.com\/en\/e-learning-courses-with-impact","name":"Cours e-learning avec de l'impact | Voicebooking","isPartOf":{"@id":"https:\/\/www.voicebooking.com\/nl\/#website"},"primaryImageOfPage":{"@id":"https:\/\/www.voicebooking.com\/en\/e-learning-courses-with-impact#primaryimage"},"image":{"@id":"https:\/\/www.voicebooking.com\/en\/e-learning-courses-with-impact#primaryimage"},"thumbnailUrl":"https:\/\/wp-staging.voicebooking.com\/app\/uploads\/elearning-FR-1-209x300.jpg","datePublished":"2021-11-11T15:15:15+00:00","dateModified":"2024-09-20T07:43:41+00:00","description":"20 conseils pratiques pour cr\u00e9er de bon cours e-learning. T\u00e9l\u00e9chargez le ebook ici et apprenez comment cr\u00e9er votre cours e-learning !","breadcrumb":{"@id":"https:\/\/www.voicebooking.com\/en\/e-learning-courses-with-impact#breadcrumb"},"inLanguage":"fr-FR","potentialAction":[{"@type":"ReadAction","target":["https:\/\/www.voicebooking.com\/en\/e-learning-courses-with-impact"]}]},{"@type":"ImageObject","inLanguage":"fr-FR","@id":"https:\/\/www.voicebooking.com\/en\/e-learning-courses-with-impact#primaryimage","url":"https:\/\/wp-staging.voicebooking.com\/app\/uploads\/elearning-FR-1-209x300.jpg","contentUrl":"https:\/\/wp-staging.voicebooking.com\/app\/uploads\/elearning-FR-1-209x300.jpg"},{"@type":"BreadcrumbList","@id":"https:\/\/www.voicebooking.com\/en\/e-learning-courses-with-impact#breadcrumb","itemListElement":[{"@type":"ListItem","position":1,"name":"Home","item":"https:\/\/www.voicebooking.com\/fr"},{"@type":"ListItem","position":2,"name":"Cours e-learning avec de l&#8217;impact"}]},{"@type":"WebSite","@id":"https:\/\/www.voicebooking.com\/nl\/#website","url":"https:\/\/www.voicebooking.com\/nl\/","name":"Voicebooking","description":"The world&#039;s fastest working voice talents - ready to record","publisher":{"@id":"https:\/\/www.voicebooking.com\/nl\/#organization"},"potentialAction":[{"@type":"SearchAction","target":{"@type":"EntryPoint","urlTemplate":"https:\/\/www.voicebooking.com\/nl\/?s={search_term_string}"},"query-input":{"@type":"PropertyValueSpecification","valueRequired":true,"valueName":"search_term_string"}}],"inLanguage":"fr-FR"},{"@type":"Organization","@id":"https:\/\/www.voicebooking.com\/nl\/#organization","name":"Voicebooking.com","url":"https:\/\/www.voicebooking.com\/nl\/","logo":{"@type":"ImageObject","inLanguage":"fr-FR","@id":"https:\/\/www.voicebooking.com\/nl\/#\/schema\/logo\/image\/","url":"https:\/\/www.voicebooking.com\/app\/uploads\/VB-logo-horn.jpg","contentUrl":"https:\/\/www.voicebooking.com\/app\/uploads\/VB-logo-horn.jpg","width":1080,"height":1080,"caption":"Voicebooking.com"},"image":{"@id":"https:\/\/www.voicebooking.com\/nl\/#\/schema\/logo\/image\/"},"sameAs":["https:\/\/www.facebook.com\/Voicebookingcom\/","https:\/\/www.instagram.com\/voicebooking_com\/","https:\/\/www.linkedin.com\/company\/www-voicebooking-com\/","https:\/\/www.youtube.com\/c\/Voicebookingcom"],"email":"support@voicebooking.com","telephone":"+31 (0)20 - 77 47 323"}]}},"_links":{"self":[{"href":"https:\/\/www.voicebooking.com\/fr\/wp-json\/wp\/v2\/pages\/31913","targetHints":{"allow":["GET"]}}],"collection":[{"href":"https:\/\/www.voicebooking.com\/fr\/wp-json\/wp\/v2\/pages"}],"about":[{"href":"https:\/\/www.voicebooking.com\/fr\/wp-json\/wp\/v2\/types\/page"}],"author":[{"embeddable":true,"href":"https:\/\/www.voicebooking.com\/fr\/wp-json\/wp\/v2\/users\/3"}],"replies":[{"embeddable":true,"href":"https:\/\/www.voicebooking.com\/fr\/wp-json\/wp\/v2\/comments?post=31913"}],"version-history":[{"count":1,"href":"https:\/\/www.voicebooking.com\/fr\/wp-json\/wp\/v2\/pages\/31913\/revisions"}],"predecessor-version":[{"id":165863,"href":"https:\/\/www.voicebooking.com\/fr\/wp-json\/wp\/v2\/pages\/31913\/revisions\/165863"}],"wp:attachment":[{"href":"https:\/\/www.voicebooking.com\/fr\/wp-json\/wp\/v2\/media?parent=31913"}],"curies":[{"name":"wp","href":"https:\/\/api.w.org\/{rel}","templated":true}]}}