{"id":32667,"date":"2021-12-02T13:06:59","date_gmt":"2021-12-02T11:06:59","guid":{"rendered":"https:\/\/www.voicebooking.com\/?page_id=32667"},"modified":"2024-09-20T09:43:03","modified_gmt":"2024-09-20T07:43:03","slug":"travailler-a-distance-voix-off","status":"publish","type":"page","link":"https:\/\/www.voicebooking.com\/fr\/travailler-a-distance-voix-off","title":{"rendered":"Travailler \u00e0 distance avec une voix off"},"content":{"rendered":"<p>Chez Voicebooking, nous nous sommes sp\u00e9cialis\u00e9s dans l\u2019enregistrement \u00e0 distance de voix off depuis plus de 10 ans. Et pour \u00eatre honn\u00eate : les premi\u00e8res ann\u00e9es, c\u2019\u00e9tait un vrai casse-t\u00eate. Comment constituer une \u00e9quipe professionnelle de voix off \u00e0 distance et en ligne ? Comment faire en sorte que ce processus soit aussi rapide et impeccable que possible ? Dans cet e-book, nous avons combin\u00e9 ce que nous avons appris et ce que vous devez savoir lorsque vous travaillez \u00e0 distance avec des voix de chez vous.<\/p>\n<p>&nbsp;<\/p>\n<h3>Dans cet e-book, vous apprendrez<\/h3>\n<div style=\"display: flex; align-items: center;\">\n<div style=\"width: 50%;\"><img loading=\"lazy\" decoding=\"async\" class=\"src= aligncenter wp-image-46327 size-medium\" src=\"https:\/\/wp-staging.voicebooking.com\/app\/uploads\/VB-RemoteWorking-2022-FR-cover.png\" alt=\"\" width=\"209\" height=\"300\" \/><\/div>\n<div>\n<ul>\n<li style=\"list-style-type: none;\">\n<ul>\n<li>Ce que vous devez garder \u00e0 l\u2019esprit lorsque vous travaillez avec une voix off \u00e0 distance?<\/li>\n<\/ul>\n<\/li>\n<\/ul>\n<ul>\n<li>Comment \u00e9tablir une communication en ligne efficace avec un com\u00e9dien voix off.<\/li>\n<\/ul>\n<ul>\n<li>Des conseils et astuces pour cr\u00e9er une vid\u00e9o en ligne avec une voix off qui enregistre \u00e0 domicile?<\/li>\n<\/ul>\n<ul>\n<li>Comment nous d\u00e9terminons si une voix off est un bon choix pour Voicebooking et pour vous !<\/li>\n<\/ul>\n<\/div>\n<\/div>\n<p>&nbsp;<\/p>\n<h4>Sur l\u2019auteur<\/h4>\n<p>Jente Kater est le cr\u00e9ateur et le PDG de Voicebooking.com, l\u2019agence de voix off avec la croissance la plus rapide d\u2019Europe. Sous la forme d\u2019un webshop, Voicebooking fournit des voix off natives professionnelles, partout \u00e0 travers le monde, 24\/24. Jente aime \u00e9crire sur la communication audiovisuelle, le copywriting, les m\u00e9dias et la radio. Avant Voicebooking.com, il a travaill\u00e9 comme DJ pour de nombreuses stations radio en Hollande.<\/p>\n","protected":false},"excerpt":{"rendered":"<p>Chez Voicebooking, nous nous sommes sp\u00e9cialis\u00e9s dans l\u2019enregistrement \u00e0 distance de voix off depuis plus de 10 ans. Et pour \u00eatre honn\u00eate : les premi\u00e8res ann\u00e9es, c\u2019\u00e9tait un vrai casse-t\u00eate. Comment constituer une \u00e9quipe professionnelle de voix off \u00e0 distance et en ligne ? Comment faire en sorte que ce processus soit aussi rapide et &hellip; <a href=\"https:\/\/www.voicebooking.com\/fr\/travailler-a-distance-voix-off\">Continued<\/a><\/p>\n","protected":false},"author":3,"featured_media":0,"parent":0,"menu_order":0,"comment_status":"closed","ping_status":"closed","template":"views\/template-page-lead.blade.php","meta":{"_acf_changed":false,"footnotes":""},"class_list":["post-32667","page","type-page","status-publish","hentry"],"acf":[],"yoast_head":"<!-- This site is optimized with the Yoast SEO Premium plugin v23.4 (Yoast SEO v27.3) - https:\/\/yoast.com\/product\/yoast-seo-premium-wordpress\/ -->\n<title>Travailler \u00e0 distance avec une voix off | Voicebooking<\/title>\n<meta name=\"description\" content=\"Une checklist pratique pour travailler avec une voix off en ligne. Travailler \u00e0 distance avec des voix-off? T\u00e9l\u00e9chargez l&#039;e-book ici!\" \/>\n<meta name=\"robots\" content=\"index, follow, max-snippet:-1, max-image-preview:large, max-video-preview:-1\" \/>\n<link rel=\"canonical\" href=\"https:\/\/www.voicebooking.com\/fr\/working-remotely-with-voice-overs-2023\" \/>\n<meta property=\"og:locale\" content=\"fr_FR\" \/>\n<meta property=\"og:type\" content=\"article\" \/>\n<meta property=\"og:title\" content=\"Travailler \u00e0 distance avec une voix off\" \/>\n<meta property=\"og:description\" content=\"Une checklist pratique pour travailler avec une voix off en ligne. Travailler \u00e0 distance avec des voix-off? T\u00e9l\u00e9chargez l&#039;e-book ici!\" \/>\n<meta property=\"og:url\" content=\"https:\/\/www.voicebooking.com\/en\/working-remotely-with-voice-overs-2023\" \/>\n<meta property=\"og:site_name\" content=\"Voicebooking\" \/>\n<meta property=\"article:publisher\" content=\"https:\/\/www.facebook.com\/Voicebookingcom\/\" \/>\n<meta property=\"article:modified_time\" content=\"2024-09-20T07:43:03+00:00\" \/>\n<meta property=\"og:image\" content=\"https:\/\/wp-staging.voicebooking.com\/app\/uploads\/VB-RemoteWorking-2022-FR-cover.png\" \/>\n<meta name=\"twitter:card\" content=\"summary_large_image\" \/>\n<meta name=\"twitter:label1\" content=\"Est. reading time\" \/>\n\t<meta name=\"twitter:data1\" content=\"2 minutes\" \/>\n<script type=\"application\/ld+json\" class=\"yoast-schema-graph\">{\"@context\":\"https:\\\/\\\/schema.org\",\"@graph\":[{\"@type\":\"WebPage\",\"@id\":\"https:\\\/\\\/www.voicebooking.com\\\/en\\\/working-remotely-with-voice-overs-2023\",\"url\":\"https:\\\/\\\/www.voicebooking.com\\\/en\\\/working-remotely-with-voice-overs-2023\",\"name\":\"Travailler \u00e0 distance avec une voix off | Voicebooking\",\"isPartOf\":{\"@id\":\"https:\\\/\\\/www.voicebooking.com\\\/nl\\\/#website\"},\"primaryImageOfPage\":{\"@id\":\"https:\\\/\\\/www.voicebooking.com\\\/en\\\/working-remotely-with-voice-overs-2023#primaryimage\"},\"image\":{\"@id\":\"https:\\\/\\\/www.voicebooking.com\\\/en\\\/working-remotely-with-voice-overs-2023#primaryimage\"},\"thumbnailUrl\":\"https:\\\/\\\/wp-staging.voicebooking.com\\\/app\\\/uploads\\\/VB-RemoteWorking-2022-FR-cover.png\",\"datePublished\":\"2021-12-02T11:06:59+00:00\",\"dateModified\":\"2024-09-20T07:43:03+00:00\",\"description\":\"Une checklist pratique pour travailler avec une voix off en ligne. Travailler \u00e0 distance avec des voix-off? T\u00e9l\u00e9chargez l'e-book ici!\",\"breadcrumb\":{\"@id\":\"https:\\\/\\\/www.voicebooking.com\\\/en\\\/working-remotely-with-voice-overs-2023#breadcrumb\"},\"inLanguage\":\"fr-FR\",\"potentialAction\":[{\"@type\":\"ReadAction\",\"target\":[\"https:\\\/\\\/www.voicebooking.com\\\/en\\\/working-remotely-with-voice-overs-2023\"]}]},{\"@type\":\"ImageObject\",\"inLanguage\":\"fr-FR\",\"@id\":\"https:\\\/\\\/www.voicebooking.com\\\/en\\\/working-remotely-with-voice-overs-2023#primaryimage\",\"url\":\"https:\\\/\\\/wp-staging.voicebooking.com\\\/app\\\/uploads\\\/VB-RemoteWorking-2022-FR-cover.png\",\"contentUrl\":\"https:\\\/\\\/wp-staging.voicebooking.com\\\/app\\\/uploads\\\/VB-RemoteWorking-2022-FR-cover.png\"},{\"@type\":\"BreadcrumbList\",\"@id\":\"https:\\\/\\\/www.voicebooking.com\\\/en\\\/working-remotely-with-voice-overs-2023#breadcrumb\",\"itemListElement\":[{\"@type\":\"ListItem\",\"position\":1,\"name\":\"Home\",\"item\":\"https:\\\/\\\/www.voicebooking.com\\\/fr\"},{\"@type\":\"ListItem\",\"position\":2,\"name\":\"Travailler \u00e0 distance avec une voix off\"}]},{\"@type\":\"WebSite\",\"@id\":\"https:\\\/\\\/www.voicebooking.com\\\/nl\\\/#website\",\"url\":\"https:\\\/\\\/www.voicebooking.com\\\/nl\\\/\",\"name\":\"Voicebooking\",\"description\":\"The world&#039;s fastest working voice talents - ready to record\",\"publisher\":{\"@id\":\"https:\\\/\\\/www.voicebooking.com\\\/nl\\\/#organization\"},\"potentialAction\":[{\"@type\":\"SearchAction\",\"target\":{\"@type\":\"EntryPoint\",\"urlTemplate\":\"https:\\\/\\\/www.voicebooking.com\\\/nl\\\/?s={search_term_string}\"},\"query-input\":{\"@type\":\"PropertyValueSpecification\",\"valueRequired\":true,\"valueName\":\"search_term_string\"}}],\"inLanguage\":\"fr-FR\"},{\"@type\":\"Organization\",\"@id\":\"https:\\\/\\\/www.voicebooking.com\\\/nl\\\/#organization\",\"name\":\"Voicebooking.com\",\"url\":\"https:\\\/\\\/www.voicebooking.com\\\/nl\\\/\",\"logo\":{\"@type\":\"ImageObject\",\"inLanguage\":\"fr-FR\",\"@id\":\"https:\\\/\\\/www.voicebooking.com\\\/nl\\\/#\\\/schema\\\/logo\\\/image\\\/\",\"url\":\"https:\\\/\\\/www.voicebooking.com\\\/app\\\/uploads\\\/VB-logo-horn.jpg\",\"contentUrl\":\"https:\\\/\\\/www.voicebooking.com\\\/app\\\/uploads\\\/VB-logo-horn.jpg\",\"width\":1080,\"height\":1080,\"caption\":\"Voicebooking.com\"},\"image\":{\"@id\":\"https:\\\/\\\/www.voicebooking.com\\\/nl\\\/#\\\/schema\\\/logo\\\/image\\\/\"},\"sameAs\":[\"https:\\\/\\\/www.facebook.com\\\/Voicebookingcom\\\/\",\"https:\\\/\\\/www.instagram.com\\\/voicebooking_com\\\/\",\"https:\\\/\\\/www.linkedin.com\\\/company\\\/www-voicebooking-com\\\/\",\"https:\\\/\\\/www.youtube.com\\\/c\\\/Voicebookingcom\"],\"email\":\"support@voicebooking.com\",\"telephone\":\"+31 (0)20 - 77 47 323\"}]}<\/script>\n<!-- \/ Yoast SEO Premium plugin. -->","yoast_head_json":{"title":"Travailler \u00e0 distance avec une voix off | Voicebooking","description":"Une checklist pratique pour travailler avec une voix off en ligne. Travailler \u00e0 distance avec des voix-off? T\u00e9l\u00e9chargez l'e-book ici!","robots":{"index":"index","follow":"follow","max-snippet":"max-snippet:-1","max-image-preview":"max-image-preview:large","max-video-preview":"max-video-preview:-1"},"canonical":"https:\/\/www.voicebooking.com\/fr\/working-remotely-with-voice-overs-2023","og_locale":"fr_FR","og_type":"article","og_title":"Travailler \u00e0 distance avec une voix off","og_description":"Une checklist pratique pour travailler avec une voix off en ligne. Travailler \u00e0 distance avec des voix-off? T\u00e9l\u00e9chargez l'e-book ici!","og_url":"https:\/\/www.voicebooking.com\/en\/working-remotely-with-voice-overs-2023","og_site_name":"Voicebooking","article_publisher":"https:\/\/www.facebook.com\/Voicebookingcom\/","article_modified_time":"2024-09-20T07:43:03+00:00","og_image":[{"url":"https:\/\/wp-staging.voicebooking.com\/app\/uploads\/VB-RemoteWorking-2022-FR-cover.png","type":"","width":"","height":""}],"twitter_card":"summary_large_image","twitter_misc":{"Est. reading time":"2 minutes"},"schema":{"@context":"https:\/\/schema.org","@graph":[{"@type":"WebPage","@id":"https:\/\/www.voicebooking.com\/en\/working-remotely-with-voice-overs-2023","url":"https:\/\/www.voicebooking.com\/en\/working-remotely-with-voice-overs-2023","name":"Travailler \u00e0 distance avec une voix off | Voicebooking","isPartOf":{"@id":"https:\/\/www.voicebooking.com\/nl\/#website"},"primaryImageOfPage":{"@id":"https:\/\/www.voicebooking.com\/en\/working-remotely-with-voice-overs-2023#primaryimage"},"image":{"@id":"https:\/\/www.voicebooking.com\/en\/working-remotely-with-voice-overs-2023#primaryimage"},"thumbnailUrl":"https:\/\/wp-staging.voicebooking.com\/app\/uploads\/VB-RemoteWorking-2022-FR-cover.png","datePublished":"2021-12-02T11:06:59+00:00","dateModified":"2024-09-20T07:43:03+00:00","description":"Une checklist pratique pour travailler avec une voix off en ligne. Travailler \u00e0 distance avec des voix-off? T\u00e9l\u00e9chargez l'e-book ici!","breadcrumb":{"@id":"https:\/\/www.voicebooking.com\/en\/working-remotely-with-voice-overs-2023#breadcrumb"},"inLanguage":"fr-FR","potentialAction":[{"@type":"ReadAction","target":["https:\/\/www.voicebooking.com\/en\/working-remotely-with-voice-overs-2023"]}]},{"@type":"ImageObject","inLanguage":"fr-FR","@id":"https:\/\/www.voicebooking.com\/en\/working-remotely-with-voice-overs-2023#primaryimage","url":"https:\/\/wp-staging.voicebooking.com\/app\/uploads\/VB-RemoteWorking-2022-FR-cover.png","contentUrl":"https:\/\/wp-staging.voicebooking.com\/app\/uploads\/VB-RemoteWorking-2022-FR-cover.png"},{"@type":"BreadcrumbList","@id":"https:\/\/www.voicebooking.com\/en\/working-remotely-with-voice-overs-2023#breadcrumb","itemListElement":[{"@type":"ListItem","position":1,"name":"Home","item":"https:\/\/www.voicebooking.com\/fr"},{"@type":"ListItem","position":2,"name":"Travailler \u00e0 distance avec une voix off"}]},{"@type":"WebSite","@id":"https:\/\/www.voicebooking.com\/nl\/#website","url":"https:\/\/www.voicebooking.com\/nl\/","name":"Voicebooking","description":"The world&#039;s fastest working voice talents - ready to record","publisher":{"@id":"https:\/\/www.voicebooking.com\/nl\/#organization"},"potentialAction":[{"@type":"SearchAction","target":{"@type":"EntryPoint","urlTemplate":"https:\/\/www.voicebooking.com\/nl\/?s={search_term_string}"},"query-input":{"@type":"PropertyValueSpecification","valueRequired":true,"valueName":"search_term_string"}}],"inLanguage":"fr-FR"},{"@type":"Organization","@id":"https:\/\/www.voicebooking.com\/nl\/#organization","name":"Voicebooking.com","url":"https:\/\/www.voicebooking.com\/nl\/","logo":{"@type":"ImageObject","inLanguage":"fr-FR","@id":"https:\/\/www.voicebooking.com\/nl\/#\/schema\/logo\/image\/","url":"https:\/\/www.voicebooking.com\/app\/uploads\/VB-logo-horn.jpg","contentUrl":"https:\/\/www.voicebooking.com\/app\/uploads\/VB-logo-horn.jpg","width":1080,"height":1080,"caption":"Voicebooking.com"},"image":{"@id":"https:\/\/www.voicebooking.com\/nl\/#\/schema\/logo\/image\/"},"sameAs":["https:\/\/www.facebook.com\/Voicebookingcom\/","https:\/\/www.instagram.com\/voicebooking_com\/","https:\/\/www.linkedin.com\/company\/www-voicebooking-com\/","https:\/\/www.youtube.com\/c\/Voicebookingcom"],"email":"support@voicebooking.com","telephone":"+31 (0)20 - 77 47 323"}]}},"_links":{"self":[{"href":"https:\/\/www.voicebooking.com\/fr\/wp-json\/wp\/v2\/pages\/32667","targetHints":{"allow":["GET"]}}],"collection":[{"href":"https:\/\/www.voicebooking.com\/fr\/wp-json\/wp\/v2\/pages"}],"about":[{"href":"https:\/\/www.voicebooking.com\/fr\/wp-json\/wp\/v2\/types\/page"}],"author":[{"embeddable":true,"href":"https:\/\/www.voicebooking.com\/fr\/wp-json\/wp\/v2\/users\/3"}],"replies":[{"embeddable":true,"href":"https:\/\/www.voicebooking.com\/fr\/wp-json\/wp\/v2\/comments?post=32667"}],"version-history":[{"count":1,"href":"https:\/\/www.voicebooking.com\/fr\/wp-json\/wp\/v2\/pages\/32667\/revisions"}],"predecessor-version":[{"id":165862,"href":"https:\/\/www.voicebooking.com\/fr\/wp-json\/wp\/v2\/pages\/32667\/revisions\/165862"}],"wp:attachment":[{"href":"https:\/\/www.voicebooking.com\/fr\/wp-json\/wp\/v2\/media?parent=32667"}],"curies":[{"name":"wp","href":"https:\/\/api.w.org\/{rel}","templated":true}]}}