{"id":39824,"date":"2022-05-18T15:04:31","date_gmt":"2022-05-18T13:04:31","guid":{"rendered":"https:\/\/www.voicebooking.com\/?page_id=39824"},"modified":"2022-08-31T21:22:42","modified_gmt":"2022-08-31T19:22:42","slug":"tout-pour-votre-voix-off-publicitaire-rapide-facile-et-abordable","status":"publish","type":"page","link":"https:\/\/www.voicebooking.com\/fr\/tout-pour-votre-voix-off-publicitaire-rapide-facile-et-abordable","title":{"rendered":"Tout pour votre voix off publicitaire : rapide, facile et abordable"},"content":{"rendered":"","protected":false},"excerpt":{"rendered":"","protected":false},"author":3,"featured_media":38693,"parent":0,"menu_order":0,"comment_status":"closed","ping_status":"closed","template":"","meta":{"_acf_changed":false,"footnotes":""},"class_list":["post-39824","page","type-page","status-publish","has-post-thumbnail","hentry"],"acf":[],"yoast_head":"<!-- This site is optimized with the Yoast SEO Premium plugin v23.4 (Yoast SEO v27.2) - https:\/\/yoast.com\/product\/yoast-seo-premium-wordpress\/ -->\n<title>Tout pour une voix-off publicitaire parfaite | Voicebooking<\/title>\n<meta name=\"description\" content=\"Vous cherchez la voix-off publicitaire id\u00e9ale pour booster votre message au maximum ? Arrangez-la rapidement,facilement et \u00e0 un prix abordable en ligne gr\u00e2ce \u00e0 Voicebooking.com\" \/>\n<meta name=\"robots\" content=\"index, follow, max-snippet:-1, max-image-preview:large, max-video-preview:-1\" \/>\n<link rel=\"canonical\" href=\"https:\/\/www.voicebooking.com\/fr\/everything-for-your-perfect-commercial-voice-over\" \/>\n<meta property=\"og:locale\" content=\"fr_FR\" \/>\n<meta property=\"og:type\" content=\"article\" \/>\n<meta property=\"og:title\" content=\"Tout pour votre voix off publicitaire : rapide, facile et abordable\" \/>\n<meta property=\"og:description\" content=\"Vous cherchez la voix-off publicitaire id\u00e9ale pour booster votre message au maximum ? Arrangez-la rapidement,facilement et \u00e0 un prix abordable en ligne gr\u00e2ce \u00e0 Voicebooking.com\" \/>\n<meta property=\"og:url\" content=\"https:\/\/www.voicebooking.com\/en\/everything-for-your-perfect-commercial-voice-over\" \/>\n<meta property=\"og:site_name\" content=\"Voicebooking\" \/>\n<meta property=\"article:publisher\" content=\"https:\/\/www.facebook.com\/Voicebookingcom\/\" \/>\n<meta property=\"article:modified_time\" content=\"2022-08-31T19:22:42+00:00\" \/>\n<meta property=\"og:image\" content=\"https:\/\/www.voicebooking.com\/app\/uploads\/images-landingpage-audiobook-1.jpg\" \/>\n\t<meta property=\"og:image:width\" content=\"885\" \/>\n\t<meta property=\"og:image:height\" content=\"590\" \/>\n\t<meta property=\"og:image:type\" content=\"image\/jpeg\" \/>\n<meta name=\"twitter:card\" content=\"summary_large_image\" \/>\n<meta name=\"twitter:label1\" content=\"Est. reading time\" \/>\n\t<meta name=\"twitter:data1\" content=\"6 minutes\" \/>\n<script type=\"application\/ld+json\" class=\"yoast-schema-graph\">{\"@context\":\"https:\/\/schema.org\",\"@graph\":[{\"@type\":\"WebPage\",\"@id\":\"https:\/\/www.voicebooking.com\/en\/everything-for-your-perfect-commercial-voice-over\",\"url\":\"https:\/\/www.voicebooking.com\/en\/everything-for-your-perfect-commercial-voice-over\",\"name\":\"Tout pour une voix-off publicitaire parfaite | Voicebooking\",\"isPartOf\":{\"@id\":\"https:\/\/www.voicebooking.com\/nl\/#website\"},\"primaryImageOfPage\":{\"@id\":\"https:\/\/www.voicebooking.com\/en\/everything-for-your-perfect-commercial-voice-over#primaryimage\"},\"image\":{\"@id\":\"https:\/\/www.voicebooking.com\/en\/everything-for-your-perfect-commercial-voice-over#primaryimage\"},\"thumbnailUrl\":\"https:\/\/www.voicebooking.com\/app\/uploads\/images-landingpage-audiobook-1.jpg\",\"datePublished\":\"2022-05-18T13:04:31+00:00\",\"dateModified\":\"2022-08-31T19:22:42+00:00\",\"description\":\"Vous cherchez la voix-off publicitaire id\u00e9ale pour booster votre message au maximum ? Arrangez-la rapidement,facilement et \u00e0 un prix abordable en ligne gr\u00e2ce \u00e0 Voicebooking.com\",\"breadcrumb\":{\"@id\":\"https:\/\/www.voicebooking.com\/en\/everything-for-your-perfect-commercial-voice-over#breadcrumb\"},\"inLanguage\":\"fr-FR\",\"potentialAction\":[{\"@type\":\"ReadAction\",\"target\":[\"https:\/\/www.voicebooking.com\/en\/everything-for-your-perfect-commercial-voice-over\"]}]},{\"@type\":\"ImageObject\",\"inLanguage\":\"fr-FR\",\"@id\":\"https:\/\/www.voicebooking.com\/en\/everything-for-your-perfect-commercial-voice-over#primaryimage\",\"url\":\"https:\/\/www.voicebooking.com\/app\/uploads\/images-landingpage-audiobook-1.jpg\",\"contentUrl\":\"https:\/\/www.voicebooking.com\/app\/uploads\/images-landingpage-audiobook-1.jpg\",\"width\":885,\"height\":590,\"caption\":\"In de studio\"},{\"@type\":\"BreadcrumbList\",\"@id\":\"https:\/\/www.voicebooking.com\/en\/everything-for-your-perfect-commercial-voice-over#breadcrumb\",\"itemListElement\":[{\"@type\":\"ListItem\",\"position\":1,\"name\":\"Home\",\"item\":\"https:\/\/www.voicebooking.com\/fr\"},{\"@type\":\"ListItem\",\"position\":2,\"name\":\"Tout pour votre voix off publicitaire : rapide, facile et abordable\"}]},{\"@type\":\"WebSite\",\"@id\":\"https:\/\/www.voicebooking.com\/nl\/#website\",\"url\":\"https:\/\/www.voicebooking.com\/nl\/\",\"name\":\"Voicebooking\",\"description\":\"The world&#039;s fastest working voice talents - ready to record\",\"publisher\":{\"@id\":\"https:\/\/www.voicebooking.com\/nl\/#organization\"},\"potentialAction\":[{\"@type\":\"SearchAction\",\"target\":{\"@type\":\"EntryPoint\",\"urlTemplate\":\"https:\/\/www.voicebooking.com\/nl\/?s={search_term_string}\"},\"query-input\":{\"@type\":\"PropertyValueSpecification\",\"valueRequired\":true,\"valueName\":\"search_term_string\"}}],\"inLanguage\":\"fr-FR\"},{\"@type\":\"Organization\",\"@id\":\"https:\/\/www.voicebooking.com\/nl\/#organization\",\"name\":\"Voicebooking.com\",\"url\":\"https:\/\/www.voicebooking.com\/nl\/\",\"logo\":{\"@type\":\"ImageObject\",\"inLanguage\":\"fr-FR\",\"@id\":\"https:\/\/www.voicebooking.com\/nl\/#\/schema\/logo\/image\/\",\"url\":\"https:\/\/www.voicebooking.com\/app\/uploads\/VB-logo-horn.jpg\",\"contentUrl\":\"https:\/\/www.voicebooking.com\/app\/uploads\/VB-logo-horn.jpg\",\"width\":1080,\"height\":1080,\"caption\":\"Voicebooking.com\"},\"image\":{\"@id\":\"https:\/\/www.voicebooking.com\/nl\/#\/schema\/logo\/image\/\"},\"sameAs\":[\"https:\/\/www.facebook.com\/Voicebookingcom\/\",\"https:\/\/www.instagram.com\/voicebooking_com\/\",\"https:\/\/www.linkedin.com\/company\/www-voicebooking-com\/\",\"https:\/\/www.youtube.com\/c\/Voicebookingcom\"],\"email\":\"support@voicebooking.com\",\"telephone\":\"+31 (0)20 - 77 47 323\"}]}<\/script>\n<!-- \/ Yoast SEO Premium plugin. -->","yoast_head_json":{"title":"Tout pour une voix-off publicitaire parfaite | Voicebooking","description":"Vous cherchez la voix-off publicitaire id\u00e9ale pour booster votre message au maximum ? Arrangez-la rapidement,facilement et \u00e0 un prix abordable en ligne gr\u00e2ce \u00e0 Voicebooking.com","robots":{"index":"index","follow":"follow","max-snippet":"max-snippet:-1","max-image-preview":"max-image-preview:large","max-video-preview":"max-video-preview:-1"},"canonical":"https:\/\/www.voicebooking.com\/fr\/everything-for-your-perfect-commercial-voice-over","og_locale":"fr_FR","og_type":"article","og_title":"Tout pour votre voix off publicitaire : rapide, facile et abordable","og_description":"Vous cherchez la voix-off publicitaire id\u00e9ale pour booster votre message au maximum ? Arrangez-la rapidement,facilement et \u00e0 un prix abordable en ligne gr\u00e2ce \u00e0 Voicebooking.com","og_url":"https:\/\/www.voicebooking.com\/en\/everything-for-your-perfect-commercial-voice-over","og_site_name":"Voicebooking","article_publisher":"https:\/\/www.facebook.com\/Voicebookingcom\/","article_modified_time":"2022-08-31T19:22:42+00:00","og_image":[{"width":885,"height":590,"url":"https:\/\/www.voicebooking.com\/app\/uploads\/images-landingpage-audiobook-1.jpg","type":"image\/jpeg"}],"twitter_card":"summary_large_image","twitter_misc":{"Est. reading time":"6 minutes"},"schema":{"@context":"https:\/\/schema.org","@graph":[{"@type":"WebPage","@id":"https:\/\/www.voicebooking.com\/en\/everything-for-your-perfect-commercial-voice-over","url":"https:\/\/www.voicebooking.com\/en\/everything-for-your-perfect-commercial-voice-over","name":"Tout pour une voix-off publicitaire parfaite | Voicebooking","isPartOf":{"@id":"https:\/\/www.voicebooking.com\/nl\/#website"},"primaryImageOfPage":{"@id":"https:\/\/www.voicebooking.com\/en\/everything-for-your-perfect-commercial-voice-over#primaryimage"},"image":{"@id":"https:\/\/www.voicebooking.com\/en\/everything-for-your-perfect-commercial-voice-over#primaryimage"},"thumbnailUrl":"https:\/\/www.voicebooking.com\/app\/uploads\/images-landingpage-audiobook-1.jpg","datePublished":"2022-05-18T13:04:31+00:00","dateModified":"2022-08-31T19:22:42+00:00","description":"Vous cherchez la voix-off publicitaire id\u00e9ale pour booster votre message au maximum ? Arrangez-la rapidement,facilement et \u00e0 un prix abordable en ligne gr\u00e2ce \u00e0 Voicebooking.com","breadcrumb":{"@id":"https:\/\/www.voicebooking.com\/en\/everything-for-your-perfect-commercial-voice-over#breadcrumb"},"inLanguage":"fr-FR","potentialAction":[{"@type":"ReadAction","target":["https:\/\/www.voicebooking.com\/en\/everything-for-your-perfect-commercial-voice-over"]}]},{"@type":"ImageObject","inLanguage":"fr-FR","@id":"https:\/\/www.voicebooking.com\/en\/everything-for-your-perfect-commercial-voice-over#primaryimage","url":"https:\/\/www.voicebooking.com\/app\/uploads\/images-landingpage-audiobook-1.jpg","contentUrl":"https:\/\/www.voicebooking.com\/app\/uploads\/images-landingpage-audiobook-1.jpg","width":885,"height":590,"caption":"In de studio"},{"@type":"BreadcrumbList","@id":"https:\/\/www.voicebooking.com\/en\/everything-for-your-perfect-commercial-voice-over#breadcrumb","itemListElement":[{"@type":"ListItem","position":1,"name":"Home","item":"https:\/\/www.voicebooking.com\/fr"},{"@type":"ListItem","position":2,"name":"Tout pour votre voix off publicitaire : rapide, facile et abordable"}]},{"@type":"WebSite","@id":"https:\/\/www.voicebooking.com\/nl\/#website","url":"https:\/\/www.voicebooking.com\/nl\/","name":"Voicebooking","description":"The world&#039;s fastest working voice talents - ready to record","publisher":{"@id":"https:\/\/www.voicebooking.com\/nl\/#organization"},"potentialAction":[{"@type":"SearchAction","target":{"@type":"EntryPoint","urlTemplate":"https:\/\/www.voicebooking.com\/nl\/?s={search_term_string}"},"query-input":{"@type":"PropertyValueSpecification","valueRequired":true,"valueName":"search_term_string"}}],"inLanguage":"fr-FR"},{"@type":"Organization","@id":"https:\/\/www.voicebooking.com\/nl\/#organization","name":"Voicebooking.com","url":"https:\/\/www.voicebooking.com\/nl\/","logo":{"@type":"ImageObject","inLanguage":"fr-FR","@id":"https:\/\/www.voicebooking.com\/nl\/#\/schema\/logo\/image\/","url":"https:\/\/www.voicebooking.com\/app\/uploads\/VB-logo-horn.jpg","contentUrl":"https:\/\/www.voicebooking.com\/app\/uploads\/VB-logo-horn.jpg","width":1080,"height":1080,"caption":"Voicebooking.com"},"image":{"@id":"https:\/\/www.voicebooking.com\/nl\/#\/schema\/logo\/image\/"},"sameAs":["https:\/\/www.facebook.com\/Voicebookingcom\/","https:\/\/www.instagram.com\/voicebooking_com\/","https:\/\/www.linkedin.com\/company\/www-voicebooking-com\/","https:\/\/www.youtube.com\/c\/Voicebookingcom"],"email":"support@voicebooking.com","telephone":"+31 (0)20 - 77 47 323"}]}},"_links":{"self":[{"href":"https:\/\/www.voicebooking.com\/fr\/wp-json\/wp\/v2\/pages\/39824","targetHints":{"allow":["GET"]}}],"collection":[{"href":"https:\/\/www.voicebooking.com\/fr\/wp-json\/wp\/v2\/pages"}],"about":[{"href":"https:\/\/www.voicebooking.com\/fr\/wp-json\/wp\/v2\/types\/page"}],"author":[{"embeddable":true,"href":"https:\/\/www.voicebooking.com\/fr\/wp-json\/wp\/v2\/users\/3"}],"replies":[{"embeddable":true,"href":"https:\/\/www.voicebooking.com\/fr\/wp-json\/wp\/v2\/comments?post=39824"}],"version-history":[{"count":0,"href":"https:\/\/www.voicebooking.com\/fr\/wp-json\/wp\/v2\/pages\/39824\/revisions"}],"wp:featuredmedia":[{"embeddable":true,"href":"https:\/\/www.voicebooking.com\/fr\/wp-json\/wp\/v2\/media\/38693"}],"wp:attachment":[{"href":"https:\/\/www.voicebooking.com\/fr\/wp-json\/wp\/v2\/media?parent=39824"}],"curies":[{"name":"wp","href":"https:\/\/api.w.org\/{rel}","templated":true}]}}